{"id":5380,"date":"2022-09-05T19:23:24","date_gmt":"2022-09-05T19:23:24","guid":{"rendered":"https:\/\/turismoelpedroso.com\/?page_id=5380"},"modified":"2022-12-16T13:25:19","modified_gmt":"2022-12-16T13:25:19","slug":"datenschutz-und-cookie-richtlinie","status":"publish","type":"page","link":"https:\/\/turismoelpedroso.com\/de\/datenschutz-und-cookie-richtlinie\/","title":{"rendered":"Datenschutz- und Cookie-Richtlinie"},"content":{"rendered":"<div data-elementor-type=\"wp-page\" data-elementor-id=\"5380\" class=\"elementor elementor-5380\" data-elementor-post-type=\"page\">\n\t\t\t\t\t\t<section class=\"elementor-section elementor-top-section elementor-element elementor-element-680fd22 elementor-section-boxed elementor-section-height-default elementor-section-height-default\" data-id=\"680fd22\" data-element_type=\"section\">\n\t\t\t\t\t\t<div class=\"elementor-container elementor-column-gap-default\">\n\t\t\t\t\t<div class=\"elementor-column elementor-col-100 elementor-top-column elementor-element elementor-element-7f41e1d\" data-id=\"7f41e1d\" data-element_type=\"column\">\n\t\t\t<div class=\"elementor-widget-wrap elementor-element-populated\">\n\t\t\t\t\t\t<div class=\"elementor-element elementor-element-671355e elementor-widget elementor-widget-text-editor\" data-id=\"671355e\" data-element_type=\"widget\" data-widget_type=\"text-editor.default\">\n\t\t\t\t<div class=\"elementor-widget-container\">\n\t\t\t\t\t\t\t\t\t<div class=\"elementor-element elementor-element-b087318 elementor-widget elementor-widget-text-editor\" data-id=\"b087318\" data-element_type=\"widget\" data-widget_type=\"text-editor.default\">\n<div class=\"elementor-widget-container\"><strong style=\"letter-spacing: inherit;\">Webseite:<\/strong><span style=\"color: var( --e-global-color-text ); letter-spacing: inherit;\">\u00a0https:\/\/turismoelpedroso.com, im Folgenden \u201e<\/span><strong style=\"letter-spacing: inherit;\">unser Web<\/strong><span style=\"color: var( --e-global-color-text ); letter-spacing: inherit;\">\u201e\u00a0<\/span><strong style=\"letter-spacing: inherit;\">Email:<\/strong><span style=\"color: var( --e-global-color-text ); letter-spacing: inherit;\">\u00a0\u00a0Oficinadeturismoelpedroso@gmail.com, im Folgenden \u201e<\/span><strong style=\"letter-spacing: inherit;\">unsere E-Mail<\/strong><span style=\"color: var( --e-global-color-text ); letter-spacing: inherit;\">\u201e\u00a0<\/span><strong style=\"letter-spacing: inherit;\">Sitz:<\/strong><span style=\"color: var( --e-global-color-text ); letter-spacing: inherit;\">\u00a0Adresse: Llano de la Estaci\u00f3n, S\/N, 41360 El Pedroso, Sevilla, Spanien. Um auf unserer Website zu surfen, m\u00fcssen Sie keinerlei Daten angeben. Unsere Website entspricht den Datenschutzbestimmungen, d. h. dem Organgesetz 15\/1999 von 13. Dezember, Schutz personenbezogener Daten, seine Durchf\u00fchrungsbestimmungen und andere jederzeit g\u00fcltige und anwendbare Vorschriften, die die korrekte Nutzung und Verarbeitung der personenbezogenen Daten des Benutzers gew\u00e4hrleisten. Sowie die Allgemeine Datenschutzverordnung, die am 25. Mai 2018 in Kraft tritt. Ebenso h\u00e4lt sich unser Unternehmen an das Gesetz 34\/2002 vom 11. Juli \u00fcber Dienste der Informationsgesellschaft und den elektronischen Handel und wird Sie um Ihre Zustimmung zur Verarbeitung bitten Wir verwenden Ihre E-Mail-Adresse jederzeit f\u00fcr kommerzielle Zwecke. Wenn Sie mit uns Kontakt aufnehmen m\u00f6chten, k\u00f6nnen Sie dies tun, indem Sie an unsere E-Mail-Adresse schreiben. Wir informieren Sie dar\u00fcber, dass unsere Website und das Unternehmen, das sie unterst\u00fctzt, den geltenden spanischen und europ\u00e4ischen Datenschutzbestimmungen entsprechen.<\/span><\/div>\n<\/div>\n<div class=\"elementor-element elementor-element-d7cbde5 elementor-widget elementor-widget-text-editor\" data-id=\"d7cbde5\" data-element_type=\"widget\" data-widget_type=\"text-editor.default\">\n<div class=\"elementor-widget-container\">\n<div class=\"elementor-element elementor-element-5903e09 elementor-widget elementor-widget-text-editor\" data-id=\"5903e09\" data-element_type=\"widget\" data-widget_type=\"text-editor.default\">\n<div class=\"elementor-widget-container\">\n<h2>1.- Verantwortlicher f\u00fcr die Verarbeitung personenbezogener Daten:<\/h2>\nF\u00fcr die Verarbeitung der \u00fcber unsere Website erhobenen Daten ist unser Unternehmen verantwortlich.\n<h2>2.- Zweck der Verarbeitung personenbezogener Daten:<\/h2>\nDamit Sie auf unserer Website surfen k\u00f6nnen, ist es nicht erforderlich, dass Sie uns irgendwelche Informationen mitteilen. In den folgenden F\u00e4llen geben Sie uns Ihre Daten:\n<ul>\n \t<li>Wenn Sie sich f\u00fcr unseren Newsletter anmelden.<\/li>\n \t<li>Wenn Sie uns \u00fcber das Kontaktformular schreiben.<\/li>\n \t<li>Wenn Sie uns eine E-Mail senden.<\/li>\n \t<li>Wenn Sie eine unserer Dienstleistungen erwerben.<\/li>\n \t<li>Wenn Sie unser Kunde, Lieferant oder Mitarbeiter sind.<\/li>\n<\/ul>\nIn jedem Fall k\u00f6nnen Ihre Daten in eine Datei aufgenommen werden, f\u00fcr deren Verwaltung und Verarbeitung unser Unternehmen verantwortlich ist. Die Sicherheit Ihrer Daten ist gew\u00e4hrleistet, da wir hierf\u00fcr alle notwendigen Sicherheitsma\u00dfnahmen ergreifen. Wir werden diese Daten nur f\u00fcr den Zweck verwenden, f\u00fcr den Sie sie uns mitgeteilt haben. Wenn Sie sich f\u00fcr unseren Newsletter anmelden, erhalten Sie insbesondere Neuigkeiten von unserer Website, kommerzielle und\/oder werbliche Informationen zu unseren Dienstleistungen sowie Werbeinhalte im Zusammenhang mit anderen Fachleuten, die wir f\u00fcr interessant halten. Keine Sorge, wir geben Ihre Daten nicht an Dritte weiter. Die bereitgestellten personenbezogenen Daten werden so lange aufbewahrt, wie die Gesch\u00e4ftsbeziehung zwischen den beiden Parteien aufrechterhalten wird oder bis Sie deren L\u00f6schung beantragen.\n<h2>3.- Legitimation:<\/h2>\nDie Rechtm\u00e4\u00dfigkeit der Nutzung Ihrer personenbezogenen Daten ergibt sich ausschlie\u00dflich aus Ihrer freien, konkreten, informierten und unmissverst\u00e4ndlichen Einwilligung. Sie haben das Recht, Ihre Einwilligung jederzeit zu widerrufen.\n<h2>4.- Empf\u00e4nger:<\/h2>\nF\u00fcr die Datenverarbeitung haben wir folgende externe Dienstleister beauftragt, die die geltenden Datenschutzbestimmungen beachten:\n<ul>\n \t<li>IONOS stellt uns Hosting-Dienstleistungen zur Verf\u00fcgung. Sie k\u00f6nnen die Datenschutzrichtlinie und andere rechtliche Aspekte des genannten Unternehmens auf seiner Website einsehen: ionos.es<\/li>\n<\/ul>\n<h2>Sie erreichen uns \u00fcber:<\/h2>\n<ul>\n \t<li>Kontakt- und Kooperationsformular: Erm\u00f6glicht dem Benutzer, seine pers\u00f6nlichen Daten verschl\u00fcsselt \u00fcber Standard-Kontaktformulare zu senden, die auf den Servern unserer Website gehostet werden und mit unserem Hosting beauftragt sind.<\/li>\n \t<li>E-Mail: An unsere E-Mail \u00fcber unseren E-Mail-Dienstanbieter.<\/li>\n<\/ul>\nSowohl im Falle der Datenerhebung per Kontaktformular als auch per E-Mail erfolgt die Verarbeitung dieser Daten allein zur Beantwortung der von Ihnen als Nutzer gestellten Anfrage.\n<ul>\n \t<li>Soziale Netzwerke: Unser Unternehmen verf\u00fcgt \u00fcber ein Profil in den wichtigsten sozialen Netzwerken (Facebook, Twitter, Instagram) und erkennt sich in jedem Fall als verantwortlich f\u00fcr die Verarbeitung der Daten seiner Follower, Fans, Abonnenten, Kommentatoren und anderer Benutzerprofile an. Die Verarbeitung dieser Daten durch unser Unternehmen erfolgt h\u00f6chstens im Rahmen der Verarbeitung, die das soziale Netzwerk f\u00fcr Unternehmensprofile zul\u00e4sst.<\/li>\n<\/ul>\nBei der Erhebung der Daten wird auf den freiwilligen oder obligatorischen Charakter der Daten hingewiesen. Die Annahme der Datenschutzrichtlinie durch das etablierte Double-Opt-In-Verfahren beim Abonnieren des Newsletters und Klicken auf die Schaltfl\u00e4che \u201eSenden\u201c im Kontakt- und Kooperationsformular sowie die vorherige Annahme der Datenschutzrichtlinie gelten f\u00fcr alle Zwecke wie z Bereitstellung einer ausdr\u00fccklichen und eindeutigen Zustimmung (Artikel 6 des LOPD) des Benutzers zur Verarbeitung personenbezogener Daten gem\u00e4\u00df den in dieser Datenschutzrichtlinie festgelegten Bedingungen sowie zur internationalen Daten\u00fcbermittlung, die aufgrund des physischen Standorts erfolgt die Einrichtungen der nachfolgend genannten Dienstleister und Datenverarbeiter. In keinem Fall werden diese Daten an Dritte weitergegeben, weitergegeben oder verkauft.\n<h2>Sicherheitsma\u00dfnahmen umgesetzt<\/h2>\nUnsere Website hat unter Ber\u00fccksichtigung des Stands der Technik, der Art der gespeicherten Daten und der Risiken die erforderlichen technischen und organisatorischen Sicherheitsma\u00dfnahmen implementiert, um die Sicherheit Ihrer personenbezogenen Daten zu gew\u00e4hrleisten und deren \u00c4nderung, Verlust und unbefugte Verarbeitung und\/oder Zugriff zu verhindern denen sie ausgesetzt sind, unabh\u00e4ngig davon, ob sie durch menschliches Handeln oder die physische oder nat\u00fcrliche Umwelt verursacht werden.\u00a0<b>Wie k\u00f6nnen Sie Ihre ARCO-Rechte aus\u00fcben: Zugang, Berichtigung, L\u00f6schung und Widerspruch?<\/b>\u00a0Wenn Sie Ihre Daten \u00fcber unsere Website bereitgestellt haben, k\u00f6nnen Sie sich an unser Unternehmen wenden und Ihre Rechte auf Zugang, Berichtigung, L\u00f6schung und Widerspruch in Bezug auf die in unseren Dateien enthaltenen Daten frei aus\u00fcben.\n<ul>\n \t<li>Dies k\u00f6nnen Sie durch eine schriftliche Mitteilung an den Betreff \u201eDatenschutz\u201c unter Angabe Ihrer Daten, Nachweis Ihrer Identit\u00e4t und der Gr\u00fcnde Ihrer Anfrage per E-Mail oder an die oben angegebene Postanschrift tun.<\/li>\n \t<li>Wenn Sie mit uns Kontakt aufnehmen m\u00f6chten, m\u00fcssen Sie als Nutzer Ihre E-Mail-Adresse angeben und angeben, dass Sie keine Kommunikation jeglicher Art erhalten m\u00f6chten, die unser Unternehmen senden k\u00f6nnte, sofern diese nicht unbedingt mit dem Zweck verkn\u00fcpft ist der angefordert wurde. der Dienst.<\/li>\n \t<li>Dar\u00fcber hinaus stellen wir Ihnen, wenn Sie sich in die Mailingliste auf unserer Website eingetragen haben, die entsprechenden Mechanismen zur Verf\u00fcgung, um sich auf Wunsch von dieser abzumelden.<\/li>\n<\/ul>\n<b>Wer ist f\u00fcr die Datei verantwortlich und wer ist f\u00fcr die Bearbeitung zust\u00e4ndig?<\/b>\u00a0Verantwortlicher f\u00fcr die Datendatei ist unser Unternehmen.\n<h2>Links<\/h2>\nUnsere Website kann Links zu anderen Websites enthalten, die nicht von unserem Unternehmen betrieben oder kontrolliert werden. Wir \u00fcbernehmen keine Garantie oder Haftung f\u00fcr die Rechtm\u00e4\u00dfigkeit, Zuverl\u00e4ssigkeit, N\u00fctzlichkeit, Richtigkeit und Aktualit\u00e4t der Inhalte dieser Websites oder ihrer Datenschutzpraktiken. In diesem Sinne stellt die Einbindung eines Links keine Empfehlung unsererseits dar. Wir empfehlen Ihnen daher, die auf diesen Websites enthaltenen Datenschutzrichtlinien zu lesen.\n<h2>Minderj\u00e4hrige<\/h2>\nUnsere Website richtet sich nicht an Minderj\u00e4hrige und wir \u00fcbernehmen keine Verantwortung f\u00fcr die Nichteinhaltung dieser Anforderung.\n<h2>Anonymes Surfen<\/h2>\nUnser Unternehmen erfasst lediglich die folgenden Informationen \u00fcber Besucher unserer Website, speichert diese jedoch nicht:\n<ul>\n \t<li>Der Dom\u00e4nenname des Anbieters (PSI), der ihnen Zugriff auf das Netzwerk gew\u00e4hrt. Auf diese Weise k\u00f6nnen wir Statistiken \u00fcber L\u00e4nder und Server erstellen, die unsere Website h\u00e4ufig besuchen.<\/li>\n \t<li>Datum und Uhrzeit des Zugriffs auf unsere Website. Dadurch k\u00f6nnen wir die verkehrsreichsten Zeiten ermitteln und die notwendigen Anpassungen vornehmen, um Auslastungsprobleme zu Spitzenzeiten zu vermeiden.<\/li>\n \t<li>Die Internetadresse, von der der Link zu unserer Website stammt. So k\u00f6nnen wir die Wirksamkeit der Links erkennen, die auf unseren Server verweisen.<\/li>\n \t<li>Die Anzahl der t\u00e4glichen Besucher jedes Abschnitts. Dies erm\u00f6glicht es uns, die erfolgreichsten Bereiche zu kennen und deren Inhalt zu erweitern und zu verbessern, sodass Sie als Benutzer ein zufriedenstellenderes Ergebnis erzielen.<\/li>\n<\/ul>\nDaher sind die erhaltenen Informationen v\u00f6llig anonym und k\u00f6nnen in keinem Fall einem bestimmten und identifizierten Benutzer zugeordnet werden.\n<h2>\u00c4nderung der Datenschutzrichtlinie<\/h2>\nUnser Unternehmen beh\u00e4lt sich das Recht vor, seine Datenschutzrichtlinie nach eigenen Kriterien oder aufgrund einer \u00c4nderung der Gesetzgebung, Rechtsprechung oder Doktrin in Fragen des Datenschutzes zu \u00e4ndern. Die Nutzung der Website nach diesen \u00c4nderungen setzt die Annahme dieser \u00c4nderungen voraus.\n<h2>Kekse<\/h2>\nDiese Website verwendet eigene Cookies und Cookies von Drittanbietern, um die Benutzerf\u00fchrung zu verbessern. Wenn Sie auf die Seite zugegriffen haben und weitersurfen, akzeptieren Sie die Installation dieser Cookies. Wenn Sie diese nicht akzeptieren, erkl\u00e4ren wir Ihnen nachfolgend, was Sie tun sollten, um sie zu deaktivieren.\u00a0<b>Was sind Cookies?<\/b>\n<ul>\n \t<li>Cookies sind harmlose Textdateien, die in Ihrem Browser gespeichert werden, wenn Sie fast jede Website besuchen.<\/li>\n \t<li>Der Nutzen von Cookies besteht darin, dass sich die Website an Ihren Besuch erinnern kann, wenn Sie zum Durchsuchen dieser Seite zur\u00fcckkehren, was die Nutzung und das Benutzererlebnis erleichtert und in einigen F\u00e4llen f\u00fcr das Funktionieren der Website unerl\u00e4sslich ist.<\/li>\n<\/ul>\n<b>Wie haben sie das gemacht?<\/b>\n<ul>\n \t<li>Speichern der Surfgewohnheiten des Benutzers f\u00fcr diese bestimmte Website.<\/li>\n \t<li>Wenn Sie beispielsweise eine Website betreten, die die M\u00f6glichkeit bietet, sie in zwei Sprachen zu lesen, wird bei der Auswahl einer dieser Sprachen ein Cookie installiert, das sich diese Option merkt, sodass Sie sie nicht jedes Mal wiederholen m\u00fcssen, wenn Sie darauf zugreifen.<\/li>\n \t<li>Seien Sie nicht nerv\u00f6s, in keinem Fall speichern Cookies Ihre pers\u00f6nlichen Daten, Kontakt-, Bank- oder \u00e4hnliche Daten, sondern nur technische Daten, pers\u00f6nliche Vorlieben, Personalisierung von Inhalten usw.<\/li>\n \t<li>Der Webserver verbindet Sie nicht als Person, sondern mit Ihrem Webbrowser. Wenn Sie normalerweise mit Internet Explorer surfen und versuchen, dieselbe Website mit Firefox oder Chrome zu durchsuchen, werden Sie feststellen, dass die Website nicht erkennt, dass Sie dieselbe Person sind, da sie tats\u00e4chlich den Browser und nicht die Person zuordnet.<\/li>\n<\/ul>\nIhre Privatsph\u00e4re ist vollst\u00e4ndig gew\u00e4hrleistet.\u00a0<b>Welche nutzt unsere Website?<\/b>\u00a0Wir k\u00f6nnen tempor\u00e4re Cookies (die ablaufen, sobald Sie Ihren Browser schlie\u00dfen) und dauerhafte Cookies (die auf Ihrem Computer verbleiben, bis Sie sie l\u00f6schen) verwenden, um Ihnen ein pers\u00f6nlicheres und interaktiveres Erlebnis zu bieten. Auf unserer Website verwenden wir verschiedene Arten von Cookies (technische, analytische und soziale) mit dem alleinigen Zweck, die Benutzerf\u00fchrung zu verbessern und ohne personenbezogene Daten zu erheben. Alle Cookies, mit Ausnahme einiger unserer eigenen, die f\u00fcr den technischen Betrieb der Website verwendet werden, und derjenigen, die vom Statistiksystem Google Analytics verwendet werden, sind tempor\u00e4r und verschwinden am Ende der Sitzung. Auf einigen Seiten der Website werden eingebettete oder aufgerufene Inhalte angezeigt, \u00fcber die m\u00f6glicherweise Cookies von Drittanbietern installiert werden. Wenn wir diese Inhalte auf unserer Website einbinden, stellen wir sicher, dass der einzige Zweck dieser Cookies technischer Natur ist. Die Drittanbieter, die die Inhalte bereitstellen, k\u00f6nnen den Zweck dieser Cookies \u00e4ndern. Daher \u00fcberpr\u00fcfen wir diese Seiten von Zeit zu Zeit.\u00a0<b>Im Falle dieser Website verwenden wir folgende Cookies:<\/b>\n<ul>\n \t<li><b>Technische Cookies:\u00a0<\/b>Zus\u00e4tzlich zu unseren eigenen technischen Cookies (die von unserer Seite generiert werden), die f\u00fcr den Betrieb der Website unerl\u00e4sslich sind und zu denen dauerhafte und tempor\u00e4re Cookies geh\u00f6ren, verf\u00fcgen wir \u00fcber andere Cookies von Drittanbietern (die von externen Diensten oder Anbietern wie Facebook, Twitter, Google usw. generiert werden). usw.) Sie sollten wissen, dass diese Website auf der WordPress-Plattform gehostet wird, und Sie k\u00f6nnen die Cookie-Richtlinie unter https:\/\/goo.gl\/vzkvgy einsehen<\/li>\n \t<li><b>Analytische Cookies:\u00a0<\/b>Dabei handelt es sich um Cookies von Drittanbietern, insbesondere solche, die von Google Analytics installiert und von Google, Inc. verwaltet werden. Ihre Funktion besteht darin, die Anzahl der Besucher der Website zu quantifizieren und eine statistische Analyse durchzuf\u00fchren, mit dem Ziel, uns auf die am meisten besuchten Inhalte aufmerksam zu machen interessiert Besucher. dieser Website. Sie sind tempor\u00e4r und werden daher gel\u00f6scht, wenn Sie die Website verlassen. Google Inc. ist ein Unternehmen, das dem Safe-Harbor-Abkommen beigetreten ist, das garantiert, dass alle \u00fcbertragenen Daten mit einem den europ\u00e4ischen Vorschriften entsprechenden Schutzniveau behandelt werden. Detaillierte Informationen hierzu k\u00f6nnen Sie unter folgendem Link einsehen: http:\/\/goo.gl\/3fhAoW. Weitere Informationen erhalten Sie unter diesem Link auf der Website von Google: https:\/\/goo.gl\/0lZojJ<\/li>\n \t<li><b>Soziale Cookies:\u00a0<\/b>Gelegentlich kann unsere Website Plugins verwenden, um das Teilen von Inhalten in sozialen Netzwerken (Facebook, Google+, YouTube, Twitter, LinkedIn, Addthis, Sumome usw.) zu erleichtern, die nur f\u00fcr die Benutzer dieser sozialen Netzwerke generiert und so verwendet werden, dass Benutzer dies tun k\u00f6nnen mit den Inhalten verschiedener sozialer Netzwerke interagieren. Die Nutzungsbedingungen dieser Cookies und die gesammelten Informationen werden durch die Datenschutzrichtlinie der entsprechenden sozialen Plattform geregelt. Der Zeitpunkt und Zweck h\u00e4ngt vom jeweiligen sozialen Netzwerk ab.<\/li>\n<\/ul>\n<b>Wie k\u00f6nnen Sie Cookies deaktivieren?<\/b>\u00a0Sie k\u00f6nnen dies jedoch jederzeit in Ihrem Browser deaktivieren. Hier sind die Links, die erkl\u00e4ren, wie es mit den g\u00e4ngigsten Browsern funktioniert:\n<ul>\n \t<li>Firefox: https:\/\/goo.gl\/YCP0Sl<\/li>\n \t<li>Safari: https:\/\/goo.gl\/UBdvRY<\/li>\n \t<li>Google Chrome: https:\/\/goo.gl\/xyCDPK<\/li>\n \t<li>Internet Explorer: http:\/\/goo.gl\/QLa6Ay<\/li>\n \t<li>Opera: http:\/\/goo.gl\/zk5XGM<\/li>\n<\/ul>\nUm auf die Browser-Cookie-Einstellungen f\u00fcr Android-Ger\u00e4te zuzugreifen, befolgen Sie diese Schritte (diese k\u00f6nnen je nach Browserversion variieren):\n<ul>\n \t<li>Starten Sie den Browser und dr\u00fccken Sie die \u201eMen\u00fc\u201c-Taste und dann \u201eEinstellungen\u201c.<\/li>\n \t<li>Gehen Sie zu \u201eSicherheit und Datenschutz\u201c, dort sehen Sie die Option \u201eCookies akzeptieren\u201c, sodass Sie das K\u00e4stchen aktivieren oder deaktivieren k\u00f6nnen.<\/li>\n<\/ul>\nUm auf die Browser-Cookie-Einstellungen f\u00fcr Windows Phone-Ger\u00e4te zuzugreifen, befolgen Sie diese Schritte (diese k\u00f6nnen je nach Browserversion variieren):\n<ul>\n \t<li>\u00d6ffnen Sie den Internet Explorer, dann \u201eMehr\u201c und dann \u201eEinstellungen\u201c.<\/li>\n \t<li>Jetzt k\u00f6nnen Sie das Feld \u201eZulassen\u201c aktivieren oder deaktivieren.<\/li>\n<\/ul>\nEs gibt Tools von Drittanbietern, mit denen Benutzer Cookies auf jeder von Ihnen besuchten Website erkennen und deren Deaktivierung verwalten k\u00f6nnen. Weder diese Website noch ihre gesetzlichen Vertreter sind f\u00fcr den Inhalt oder die Richtigkeit der Datenschutzrichtlinien der in dieser Cookie-Richtlinie genannten Dritten verantwortlich.\n<ul>\n \t<li>F\u00fcr die Speicherung von Cookies sind Webbrowser zust\u00e4ndig. In diesen Browsern m\u00fcssen Sie von Ihrem Recht Gebrauch machen, diese zu l\u00f6schen oder zu deaktivieren.<\/li>\n \t<li>In manchen F\u00e4llen ist die Installation von Cookies erforderlich, damit der Browser Ihre Entscheidung, diese nicht zu akzeptieren, nicht vergisst.<\/li>\n<\/ul>\nDie Annahme dieser Cookie-Richtlinie setzt voraus, dass Sie als Benutzer klar \u00fcber die Verwendung von Datenspeicher- und -wiederherstellungsger\u00e4ten (Cookies) informiert wurden und dass unser Unternehmen Ihre Zustimmung zu deren Verwendung hat. Wenn Sie Fragen zu dieser Cookie-Richtlinie haben, schreiben Sie uns \u00fcber das Kontaktformular oder an unsere E-Mail. Wir werden Ihnen so schnell wie m\u00f6glich antworten.\u00a0<i>Letzte Aktualisierung der Cookies: 18. Mai 2022<\/i>\n\n<\/div>\n<\/div>\n<\/div>\n<\/div>\t\t\t\t\t\t\t\t<\/div>\n\t\t\t\t<\/div>\n\t\t\t\t\t<\/div>\n\t\t<\/div>\n\t\t\t\t\t<\/div>\n\t\t<\/section>\n\t\t\t\t<\/div>","protected":false},"excerpt":{"rendered":"<p>Website: https:\/\/turismoelpedroso.com, im Folgenden \u201eunsere Website\u201c E-Mail: Oficinadeturismoelpedroso@gmail.com, im Folgenden \u201eunsere E-Mail\u201c Eingetragener Firmensitz: Adresse: Llano de la Estaci\u00f3n, S\/N, 41360 El Pedroso, Sevilla, Spanien An Wenn Sie auf unserer Website navigieren, m\u00fcssen Sie keinerlei Daten angeben. Unsere Website entspricht den Datenschutzbestimmungen, d.\u00a0h. dem Organgesetz 15\/1999 vom 13. Dezember \u00fcber den Datenschutz.<\/p>","protected":false},"author":1,"featured_media":0,"parent":0,"menu_order":0,"comment_status":"closed","ping_status":"closed","template":"","meta":{"footnotes":""},"class_list":["post-5380","page","type-page","status-publish","hentry"],"_links":{"self":[{"href":"https:\/\/turismoelpedroso.com\/de\/wp-json\/wp\/v2\/pages\/5380","targetHints":{"allow":["GET"]}}],"collection":[{"href":"https:\/\/turismoelpedroso.com\/de\/wp-json\/wp\/v2\/pages"}],"about":[{"href":"https:\/\/turismoelpedroso.com\/de\/wp-json\/wp\/v2\/types\/page"}],"author":[{"embeddable":true,"href":"https:\/\/turismoelpedroso.com\/de\/wp-json\/wp\/v2\/users\/1"}],"replies":[{"embeddable":true,"href":"https:\/\/turismoelpedroso.com\/de\/wp-json\/wp\/v2\/comments?post=5380"}],"version-history":[{"count":7,"href":"https:\/\/turismoelpedroso.com\/de\/wp-json\/wp\/v2\/pages\/5380\/revisions"}],"predecessor-version":[{"id":6180,"href":"https:\/\/turismoelpedroso.com\/de\/wp-json\/wp\/v2\/pages\/5380\/revisions\/6180"}],"wp:attachment":[{"href":"https:\/\/turismoelpedroso.com\/de\/wp-json\/wp\/v2\/media?parent=5380"}],"curies":[{"name":"wp","href":"https:\/\/api.w.org\/{rel}","templated":true}]}}