{"id":7367,"date":"2022-12-16T14:21:45","date_gmt":"2022-12-16T14:21:45","guid":{"rendered":"https:\/\/turismoelpedroso.com\/?page_id=7367"},"modified":"2025-04-24T18:24:45","modified_gmt":"2025-04-24T18:24:45","slug":"datenschutzrichtlinie-app-el-pedroso","status":"publish","type":"page","link":"https:\/\/turismoelpedroso.com\/de\/datenschutzrichtlinie-app-el-pedroso\/","title":{"rendered":"Datenschutzrichtlinie El Pedroso App"},"content":{"rendered":"<div data-elementor-type=\"wp-page\" data-elementor-id=\"7367\" class=\"elementor elementor-7367\" data-elementor-post-type=\"page\">\n\t\t\t\t\t\t<section class=\"elementor-section elementor-top-section elementor-element elementor-element-169575a elementor-section-boxed elementor-section-height-default elementor-section-height-default\" data-id=\"169575a\" data-element_type=\"section\">\n\t\t\t\t\t\t<div class=\"elementor-container elementor-column-gap-default\">\n\t\t\t\t\t<div class=\"elementor-column elementor-col-100 elementor-top-column elementor-element elementor-element-555a13c\" data-id=\"555a13c\" data-element_type=\"column\">\n\t\t\t<div class=\"elementor-widget-wrap elementor-element-populated\">\n\t\t\t\t\t\t<div class=\"elementor-element elementor-element-85832b8 elementor-widget elementor-widget-text-editor\" data-id=\"85832b8\" data-element_type=\"widget\" data-widget_type=\"text-editor.default\">\n\t\t\t\t<div class=\"elementor-widget-container\">\n\t\t\t\t\t\t\t\t\t<p>Sind <u>Nattum Ecotour, SL, mit NIF B23741267 und Adresse: Calle Alicates, 2, 41008, Sevilla (Spanien). Wir sind die Entwickler der Pedroso App<\/u>, das im Apple Store und Play Store hochgeladen wird.<\/p><p><span style=\"color: var( --e-global-color-text ); letter-spacing: inherit;\">\u00a0<\/span><\/p><p><span style=\"color: var( --e-global-color-text ); letter-spacing: inherit;\">Unsere App entspricht den Datenschutzbestimmungen, d. h. dem Organgesetz 15\/1999 vom 13. Dezember zum Schutz personenbezogener Daten, seinen Durchf\u00fchrungsbestimmungen und anderen jederzeit geltenden und anwendbaren Vorschriften, um eine korrekte Nutzung und Verarbeitung der Daten des Benutzers zu gew\u00e4hrleisten pers\u00f6nliche Daten. Sowie die Allgemeine Datenschutzverordnung, die am 25. Mai 2018 in Kraft tritt. Unser Unternehmen h\u00e4lt sich ebenfalls an das Gesetz 34\/2002 vom 11. Juli \u00fcber Dienste der Informationsgesellschaft und den elektronischen Handel und wird Sie um Ihre Zustimmung zur Verarbeitung bitten Wir verwenden Ihre E-Mail-Adresse jederzeit f\u00fcr kommerzielle Zwecke. Wenn Sie mit uns Kontakt aufnehmen m\u00f6chten, k\u00f6nnen Sie dies tun, indem Sie an unsere E-Mail-Adresse info@nattule.com schreiben. Wir informieren Sie dar\u00fcber, dass unsere App, die sie unterst\u00fctzt, den geltenden spanischen und europ\u00e4ischen Datenschutzbestimmungen entspricht.<\/span><\/p><p><span style=\"color: var( --e-global-color-text ); letter-spacing: inherit;\">\u00a0<\/span><\/p><p>Wir verarbeiten personenbezogene und sensible Nutzerdaten sicher und \u00fcbertragen sie mithilfe eines Verschl\u00fcsselungssystems, beispielsweise des HTTPS-Protokolls.<\/p><p>Selbstverst\u00e4ndlich verkaufen wir keine personenbezogenen oder sensiblen Nutzerdaten.<\/p><p><span style=\"color: var( --e-global-color-text ); letter-spacing: inherit;\">\u00a0<\/span><\/p><h2><span style=\"color: var( --e-global-color-text ); letter-spacing: inherit;\">Verantwortlicher f\u00fcr die Verarbeitung personenbezogener Daten:<\/span><\/h2><p>Das Unternehmen, das die App entwickelt hat (Nattum Ecotour, SL, mit Kontakt info@nattule.com), ist f\u00fcr die Verarbeitung der \u00fcber unsere Website und in unserer Pedroso-App erfassten Daten verantwortlich.<\/p><p><span style=\"color: var( --e-global-color-text ); letter-spacing: inherit;\">\u00a0<\/span><\/p><h2><span style=\"color: var( --e-global-color-text ); letter-spacing: inherit;\">Zweck der Verarbeitung der Nutzerdaten:<\/span><\/h2><p>Damit Sie unsere App durchsuchen k\u00f6nnen, ist es nicht erforderlich, dass Sie uns irgendwelche Informationen mitteilen. In den folgenden F\u00e4llen geben Sie uns Ihre Daten:<\/p><ul><li>Wenn Sie sich in unserer App registrieren, erfahren Sie Ihre Reisepr\u00e4ferenzen.<\/li><li>Wenn Sie Ihre Route personalisieren, um Sie entsprechend Ihren Interessen auf Ihrer Route zu f\u00fchren.<\/li><li>Wenn Sie die Geolokalisierung der App nutzen, bitten wir Sie um Ihre Erlaubnis, Ihren Standort zu erfahren und Ihnen den besten Service bieten zu k\u00f6nnen.<\/li><li>Wenn Sie den Nattucode scannen, bitten wir Sie um Zugriff auf Ihre Kamera.<\/li><\/ul><p>In jedem Fall k\u00f6nnen Ihre Daten in eine Datei aufgenommen werden, f\u00fcr deren Verwaltung und Verarbeitung unser Unternehmen verantwortlich ist. Die Sicherheit Ihrer Daten ist gew\u00e4hrleistet, da wir hierf\u00fcr alle notwendigen Sicherheitsma\u00dfnahmen ergreifen. Wir werden diese Daten nur f\u00fcr den Zweck verwenden, f\u00fcr den Sie sie uns mitgeteilt haben. Insbesondere erhalten Sie bei der Nutzung der oben genannten Informationen relevante Informationen, die wir f\u00fcr interessant erachten. Keine Sorge, wir geben Ihre Daten nicht an Dritte weiter. Die bereitgestellten personenbezogenen Daten werden so lange aufbewahrt, wie die Gesch\u00e4ftsbeziehung zwischen den beiden Parteien aufrechterhalten wird oder bis Sie deren L\u00f6schung beantragen.<\/p><p><span style=\"color: var( --e-global-color-text ); letter-spacing: inherit;\">\u00a0<\/span><\/p><h2><span style=\"color: var( --e-global-color-text ); letter-spacing: inherit;\">Legitimation:<\/span><\/h2><p>Die Rechtm\u00e4\u00dfigkeit der Nutzung Ihrer personenbezogenen Daten ergibt sich ausschlie\u00dflich aus Ihrer freien, konkreten, informierten und unmissverst\u00e4ndlichen Einwilligung. Sie haben das Recht, Ihre Einwilligung jederzeit zu widerrufen.<\/p><p><span style=\"color: var( --e-global-color-text ); letter-spacing: inherit;\">\u00a0<\/span><\/p><h2><span style=\"color: var( --e-global-color-text ); letter-spacing: inherit;\">Empf\u00e4nger:<\/span><\/h2><p>F\u00fcr die Datenverarbeitung haben wir folgende externe Dienstleister beauftragt, die die geltenden Datenschutzbestimmungen beachten:<\/p><ul><li>IONOS stellt uns Hosting-Leistungen f\u00fcr das App Control Panel zur Verf\u00fcgung. Sie k\u00f6nnen die Datenschutzrichtlinie und andere rechtliche Aspekte des genannten Unternehmens auf seiner Website einsehen: ionos.es<\/li><li>AWS Amazon stellt uns auch Hosting-Dienste f\u00fcr Informationen zur Verf\u00fcgung, die in der Pedroso-App gespeichert werden.<\/li><\/ul><h2><span style=\"color: var( --e-global-color-text ); letter-spacing: inherit;\">Sie erreichen uns \u00fcber:<\/span><\/h2><ul><li><b>Kontakt- und Kooperationsformular:<\/b> Erm\u00f6glicht dem Benutzer, seine pers\u00f6nlichen Daten verschl\u00fcsselt \u00fcber Standard-Kontaktformulare zu senden, die auf den Servern unserer Website gehostet werden und mit unserem Hosting beauftragt sind.<\/li><li><b>Email:<\/b> An unsere E-Mail \u00fcber unseren E-Mail-Dienstanbieter: info@nattule.com<\/li><\/ul><p>Sowohl im Falle der Datenerhebung per Kontaktformular als auch per E-Mail erfolgt die Verarbeitung dieser Daten allein zur Beantwortung der von Ihnen als Nutzer gestellten Anfrage.<\/p><ul><li><b>Soziale Netzwerke:<\/b> Unser Unternehmen verf\u00fcgt \u00fcber ein Profil in den wichtigsten sozialen Netzwerken (Facebook, Instagram) und erkennt sich in jedem Fall als Verantwortlicher f\u00fcr die Verarbeitung der Daten seiner Follower, Fans, Abonnenten, Kommentatoren und anderer Benutzerprofile an. Die Verarbeitung dieser Daten durch unser Unternehmen erfolgt h\u00f6chstens im Rahmen der Verarbeitung, die das soziale Netzwerk f\u00fcr Unternehmensprofile zul\u00e4sst.<\/li><\/ul><p>Bei der Erhebung der Daten wird auf den freiwilligen oder obligatorischen Charakter der Daten hingewiesen. Die Annahme der Datenschutzrichtlinie durch das etablierte Double-Opt-In-Verfahren beim Abonnieren des Newsletters und Klicken auf die Schaltfl\u00e4che \u201eSenden\u201c im Kontakt- und Kooperationsformular sowie die vorherige Annahme der Datenschutzrichtlinie gelten f\u00fcr alle Zwecke wie z Bereitstellung einer ausdr\u00fccklichen und eindeutigen Zustimmung (Artikel 6 des LOPD) des Benutzers zur Verarbeitung personenbezogener Daten gem\u00e4\u00df den in dieser Datenschutzrichtlinie festgelegten Bedingungen sowie zur internationalen Daten\u00fcbermittlung, die aufgrund des physischen Standorts erfolgt die Einrichtungen der nachfolgend genannten Dienstleister und Datenverarbeiter. In keinem Fall werden diese Daten an Dritte weitergegeben, weitergegeben oder verkauft.<\/p><p><span style=\"color: var( --e-global-color-text ); letter-spacing: inherit;\">\u00a0<\/span><\/p><h2><span style=\"color: var( --e-global-color-text ); letter-spacing: inherit;\">Sicherheitsma\u00dfnahmen umgesetzt<\/span><\/h2><p>Unsere App hat unter Ber\u00fccksichtigung des Stands der Technik, der Art der gespeicherten Daten und der Risiken die erforderlichen technischen und organisatorischen Sicherheitsma\u00dfnahmen implementiert, um die Sicherheit Ihrer personenbezogenen Daten zu gew\u00e4hrleisten und deren \u00c4nderung, Verlust und unbefugte Verarbeitung und\/oder Zugriff zu verhindern denen sie ausgesetzt sind, unabh\u00e4ngig davon, ob sie durch menschliches Handeln oder die physische oder nat\u00fcrliche Umwelt verursacht werden. <b>Wie k\u00f6nnen Sie Ihre ARCO-Rechte aus\u00fcben: Zugang, Berichtigung, L\u00f6schung und Widerspruch?<\/b> Wenn Sie Ihre Daten \u00fcber unsere App bereitgestellt haben, k\u00f6nnen Sie sich an unser Unternehmen wenden und Ihre Rechte auf Zugang, Berichtigung, L\u00f6schung und Widerspruch in Bezug auf die in unseren Dateien enthaltenen Daten frei aus\u00fcben.<\/p><ul><li>Dies k\u00f6nnen Sie durch eine schriftliche Mitteilung an den Betreff \u201eDatenschutz\u201c unter Angabe Ihrer Daten, Nachweis Ihrer Identit\u00e4t und der Gr\u00fcnde Ihrer Anfrage per E-Mail oder an die oben angegebene Postanschrift tun.<\/li><li>Wenn Sie mit uns Kontakt aufnehmen m\u00f6chten, m\u00fcssen Sie als Nutzer Ihre E-Mail-Adresse angeben und angeben, dass Sie keine Kommunikation jeglicher Art erhalten m\u00f6chten, die unser Unternehmen senden k\u00f6nnte, sofern diese nicht unbedingt mit dem Zweck verkn\u00fcpft ist der angefordert wurde. der Dienst.<\/li><li>Dar\u00fcber hinaus stellen wir Ihnen, wenn Sie sich in die Mailingliste auf unserer Website eingetragen haben, die entsprechenden Mechanismen zur Verf\u00fcgung, um sich auf Wunsch von dieser abzumelden.<\/li><\/ul><p><b>Wer ist f\u00fcr die Datei verantwortlich und wer ist f\u00fcr die Bearbeitung zust\u00e4ndig?<\/b> Verantwortlicher f\u00fcr die Datendatei ist unser Unternehmen.<\/p><p><span style=\"color: var( --e-global-color-text ); letter-spacing: inherit;\">\u00a0<\/span><\/p><h2><span style=\"color: var( --e-global-color-text ); letter-spacing: inherit;\">Links<\/span><\/h2><p>Unsere App kann Links zu anderen Websites enthalten, die nicht von unserem Unternehmen betrieben oder kontrolliert werden. Wir \u00fcbernehmen keine Garantie oder Haftung f\u00fcr die Rechtm\u00e4\u00dfigkeit, Zuverl\u00e4ssigkeit, N\u00fctzlichkeit, Richtigkeit und Aktualit\u00e4t der Inhalte dieser Websites oder deren Datenschutzpraktiken. In diesem Sinne stellt die Einbindung eines Links keine Empfehlung unsererseits dar. Wir empfehlen Ihnen daher, die auf diesen Websites enthaltenen Datenschutzrichtlinien zu lesen.<\/p><p>Unsere App enth\u00e4lt ausdr\u00fccklich nur Links zu unserer Website.<\/p><p><span style=\"color: var( --e-global-color-text ); letter-spacing: inherit;\">\u00a0<\/span><\/p><h2><span style=\"color: var( --e-global-color-text ); letter-spacing: inherit;\">Minderj\u00e4hrige<\/span><\/h2><p>Unsere App richtet sich nicht an Minderj\u00e4hrige und lehnt jede Verantwortung f\u00fcr die Nichteinhaltung dieser Anforderung ab.<\/p><p><span style=\"color: var( --e-global-color-text ); letter-spacing: inherit;\">\u00a0<\/span><\/p><h2><span style=\"color: var( --e-global-color-text ); letter-spacing: inherit;\">Anonymes Surfen<\/span><\/h2><p>Unser Unternehmen erfasst lediglich die folgenden Informationen \u00fcber Besucher unserer App, speichert diese jedoch nicht:<\/p><ul><li>Der Dom\u00e4nenname des Anbieters (PSI), der ihnen Zugriff auf das Netzwerk gew\u00e4hrt. Auf diese Weise k\u00f6nnen wir Statistiken \u00fcber L\u00e4nder und Server erstellen, die unsere Website h\u00e4ufig besuchen.<\/li><li>Datum und Uhrzeit des Zugriffs auf unsere Website. Dadurch k\u00f6nnen wir die verkehrsreichsten Zeiten ermitteln und die notwendigen Anpassungen vornehmen, um Auslastungsprobleme zu Spitzenzeiten zu vermeiden.<\/li><li>Die Internetadresse, von der der Link stammt, der zu unserer App f\u00fchrt. So k\u00f6nnen wir die Wirksamkeit der Links erkennen, die auf unseren Server verweisen.<\/li><li>Die Anzahl der t\u00e4glichen Besucher jedes Abschnitts. Dies erm\u00f6glicht es uns, die erfolgreichsten Bereiche zu kennen und deren Inhalt zu erweitern und zu verbessern, sodass Sie als Benutzer ein zufriedenstellenderes Ergebnis erzielen.<\/li><\/ul><p>Daher sind die erhaltenen Informationen v\u00f6llig anonym und k\u00f6nnen in keinem Fall einem bestimmten und identifizierten Benutzer zugeordnet werden.<\/p><p><span style=\"color: var( --e-global-color-text ); letter-spacing: inherit;\">\u00a0<\/span><\/p><h2><span style=\"color: var( --e-global-color-text ); letter-spacing: inherit;\">\u00c4nderung der Datenschutzrichtlinie<\/span><\/h2><p>Unser Unternehmen beh\u00e4lt sich das Recht vor, seine Datenschutzrichtlinie nach eigenen Kriterien oder aufgrund einer \u00c4nderung der Gesetzgebung, Rechtsprechung oder Doktrin in Fragen des Datenschutzes zu \u00e4ndern. Die Nutzung der App nach den genannten \u00c4nderungen setzt die Annahme dieser voraus.<\/p><p><i>Letzte Aktualisierung der Cookies: 28. November 2022<\/i><\/p>\t\t\t\t\t\t\t\t<\/div>\n\t\t\t\t<\/div>\n\t\t\t\t\t<\/div>\n\t\t<\/div>\n\t\t\t\t\t<\/div>\n\t\t<\/section>\n\t\t\t\t<\/div>","protected":false},"excerpt":{"rendered":"<p>Somos Nattum Ecotour, SL, con NIF B23741267, y domicilio en Calle Alicates, 2, 41008, Sevilla (Espa\u00f1a). Somos los desarrolladores de la App Pedroso, que est\u00e1 subida a la Apple Store y Play Store. \u00a0 Nuestra app cumple con la normativa de protecci\u00f3n de datos, es decir, la Ley Org\u00e1nica 15\/1999 de 13 de diciembre de [&hellip;]<\/p>","protected":false},"author":14,"featured_media":0,"parent":0,"menu_order":0,"comment_status":"closed","ping_status":"closed","template":"","meta":{"footnotes":""},"class_list":["post-7367","page","type-page","status-publish","hentry"],"_links":{"self":[{"href":"https:\/\/turismoelpedroso.com\/de\/wp-json\/wp\/v2\/pages\/7367","targetHints":{"allow":["GET"]}}],"collection":[{"href":"https:\/\/turismoelpedroso.com\/de\/wp-json\/wp\/v2\/pages"}],"about":[{"href":"https:\/\/turismoelpedroso.com\/de\/wp-json\/wp\/v2\/types\/page"}],"author":[{"embeddable":true,"href":"https:\/\/turismoelpedroso.com\/de\/wp-json\/wp\/v2\/users\/14"}],"replies":[{"embeddable":true,"href":"https:\/\/turismoelpedroso.com\/de\/wp-json\/wp\/v2\/comments?post=7367"}],"version-history":[{"count":22,"href":"https:\/\/turismoelpedroso.com\/de\/wp-json\/wp\/v2\/pages\/7367\/revisions"}],"predecessor-version":[{"id":8863,"href":"https:\/\/turismoelpedroso.com\/de\/wp-json\/wp\/v2\/pages\/7367\/revisions\/8863"}],"wp:attachment":[{"href":"https:\/\/turismoelpedroso.com\/de\/wp-json\/wp\/v2\/media?parent=7367"}],"curies":[{"name":"wp","href":"https:\/\/api.w.org\/{rel}","templated":true}]}}