{"id":7572,"date":"2023-02-13T08:27:48","date_gmt":"2023-02-13T08:27:48","guid":{"rendered":"https:\/\/turismoelpedroso.com\/?page_id=7572"},"modified":"2023-02-14T13:22:38","modified_gmt":"2023-02-14T13:22:38","slug":"eisenfabrik-von-el-pedroso","status":"publish","type":"page","link":"https:\/\/turismoelpedroso.com\/de\/eisenfabrik-von-el-pedroso\/","title":{"rendered":"Eisenfabrik El Pedroso"},"content":{"rendered":"<div data-elementor-type=\"wp-page\" data-elementor-id=\"7572\" class=\"elementor elementor-7572\" data-elementor-post-type=\"page\">\n\t\t\t\t\t\t<section class=\"elementor-section elementor-top-section elementor-element elementor-element-30b92c3 elementor-section-boxed elementor-section-height-default elementor-section-height-default\" data-id=\"30b92c3\" data-element_type=\"section\" data-settings=\"{&quot;background_background&quot;:&quot;classic&quot;,&quot;shape_divider_top&quot;:&quot;mountains&quot;}\">\n\t\t\t\t\t<div class=\"elementor-shape elementor-shape-top\" aria-hidden=\"true\" data-negative=\"false\">\n\t\t\t<svg xmlns=\"http:\/\/www.w3.org\/2000\/svg\" viewbox=\"0 0 1000 100\" preserveaspectratio=\"none\">\n\t<path class=\"elementor-shape-fill\" opacity=\"0.33\" d=\"M473,67.3c-203.9,88.3-263.1-34-320.3,0C66,119.1,0,59.7,0,59.7V0h1000v59.7 c0,0-62.1,26.1-94.9,29.3c-32.8,3.3-62.8-12.3-75.8-22.1C806,49.6,745.3,8.7,694.9,4.7S492.4,59,473,67.3z\"\/>\n\t<path class=\"elementor-shape-fill\" opacity=\"0.66\" d=\"M734,67.3c-45.5,0-77.2-23.2-129.1-39.1c-28.6-8.7-150.3-10.1-254,39.1 s-91.7-34.4-149.2,0C115.7,118.3,0,39.8,0,39.8V0h1000v36.5c0,0-28.2-18.5-92.1-18.5C810.2,18.1,775.7,67.3,734,67.3z\"\/>\n\t<path class=\"elementor-shape-fill\" d=\"M766.1,28.9c-200-57.5-266,65.5-395.1,19.5C242,1.8,242,5.4,184.8,20.6C128,35.8,132.3,44.9,89.9,52.5C28.6,63.7,0,0,0,0 h1000c0,0-9.9,40.9-83.6,48.1S829.6,47,766.1,28.9z\"\/>\n<\/svg>\t\t<\/div>\n\t\t\t\t\t<div class=\"elementor-container elementor-column-gap-default\">\n\t\t\t\t\t<div class=\"elementor-column elementor-col-100 elementor-top-column elementor-element elementor-element-68adaf1\" data-id=\"68adaf1\" data-element_type=\"column\">\n\t\t\t<div class=\"elementor-widget-wrap elementor-element-populated\">\n\t\t\t\t\t\t<div class=\"elementor-element elementor-element-8d49a82 elementor-widget elementor-widget-spacer\" data-id=\"8d49a82\" data-element_type=\"widget\" data-widget_type=\"spacer.default\">\n\t\t\t\t<div class=\"elementor-widget-container\">\n\t\t\t\t\t\t\t<div class=\"elementor-spacer\">\n\t\t\t<div class=\"elementor-spacer-inner\"><\/div>\n\t\t<\/div>\n\t\t\t\t\t\t<\/div>\n\t\t\t\t<\/div>\n\t\t\t\t<div class=\"elementor-element elementor-element-71e3804 elementor-widget elementor-widget-heading\" data-id=\"71e3804\" data-element_type=\"widget\" data-widget_type=\"heading.default\">\n\t\t\t\t<div class=\"elementor-widget-container\">\n\t\t\t\t\t<h2 class=\"elementor-heading-title elementor-size-default\">Eisenfabrik El Pedroso<\/h2>\t\t\t\t<\/div>\n\t\t\t\t<\/div>\n\t\t\t\t<div class=\"elementor-element elementor-element-ad58b4c elementor-widget elementor-widget-spacer\" data-id=\"ad58b4c\" data-element_type=\"widget\" data-widget_type=\"spacer.default\">\n\t\t\t\t<div class=\"elementor-widget-container\">\n\t\t\t\t\t\t\t<div class=\"elementor-spacer\">\n\t\t\t<div class=\"elementor-spacer-inner\"><\/div>\n\t\t<\/div>\n\t\t\t\t\t\t<\/div>\n\t\t\t\t<\/div>\n\t\t\t\t\t<\/div>\n\t\t<\/div>\n\t\t\t\t\t<\/div>\n\t\t<\/section>\n\t\t\t\t<section class=\"elementor-section elementor-top-section elementor-element elementor-element-68409a4 elementor-section-boxed elementor-section-height-default elementor-section-height-default\" data-id=\"68409a4\" data-element_type=\"section\">\n\t\t\t\t\t\t<div class=\"elementor-container elementor-column-gap-default\">\n\t\t\t\t\t<div class=\"elementor-column elementor-col-100 elementor-top-column elementor-element elementor-element-ee71880\" data-id=\"ee71880\" data-element_type=\"column\">\n\t\t\t<div class=\"elementor-widget-wrap elementor-element-populated\">\n\t\t\t\t\t\t<div class=\"elementor-element elementor-element-cd6d7e2 elementor-widget elementor-widget-text-editor\" data-id=\"cd6d7e2\" data-element_type=\"widget\" data-widget_type=\"text-editor.default\">\n\t\t\t\t<div class=\"elementor-widget-container\">\n\t\t\t\t\t\t\t\t\t<p>Die \u201eEl Pedroso Iron Factory\u201c waren die ersten industriellen Hoch\u00f6fen in Spanien.<\/p><p>Sie k\u00f6nnen an einer F\u00fchrung durch das Tourismusb\u00fcro (Tel. 619 92 14 32) teilnehmen, wo Sie die majest\u00e4tische Fabrik, die zwischen den Bergen emporragt, besichtigen und die Geheimnisse l\u00fcften k\u00f6nnen, die sie in ihren Mauern birgt, und die Gr\u00fcnde verstehen, die das Unternehmen dazu gef\u00fchrt haben sein Bankrott.<\/p><p>Ohne Zweifel ist es eine Aktivit\u00e4t, bei der Sie Kontakte kn\u00fcpfen und sich von der Natur mitrei\u00dfen lassen k\u00f6nnen, w\u00e4hrend Sie gleichzeitig in die Industriegeschichte und die Geheimnisse rund um die Fabrik eintauchen.<\/p><p>Wir empfehlen diese Aktivit\u00e4t, wenn Sie bereits die Minen von La Lima oder das Kulturzentrum Escuelas Nuevas besucht haben, um den Kreis zu schlie\u00dfen und ein Experte f\u00fcr die Industriegeschichte von El Pedroso zu werden<\/p>\t\t\t\t\t\t\t\t<\/div>\n\t\t\t\t<\/div>\n\t\t\t\t\t<\/div>\n\t\t<\/div>\n\t\t\t\t\t<\/div>\n\t\t<\/section>\n\t\t\t\t<section class=\"elementor-section elementor-top-section elementor-element elementor-element-05828c7 elementor-section-boxed elementor-section-height-default elementor-section-height-default\" data-id=\"05828c7\" data-element_type=\"section\">\n\t\t\t\t\t\t<div class=\"elementor-container elementor-column-gap-default\">\n\t\t\t\t\t<div class=\"elementor-column elementor-col-100 elementor-top-column elementor-element elementor-element-ac469fd\" data-id=\"ac469fd\" data-element_type=\"column\">\n\t\t\t<div class=\"elementor-widget-wrap elementor-element-populated\">\n\t\t\t\t\t\t<div class=\"elementor-element elementor-element-7a7ef01 elementor-widget elementor-widget-heading\" data-id=\"7a7ef01\" data-element_type=\"widget\" data-widget_type=\"heading.default\">\n\t\t\t\t<div class=\"elementor-widget-container\">\n\t\t\t\t\t<h2 class=\"elementor-heading-title elementor-size-default\">Die Minen von El Pedroso zwischen dem r\u00f6mischen Munigua und Felipe II.\n<\/h2>\t\t\t\t<\/div>\n\t\t\t\t<\/div>\n\t\t\t\t<div class=\"elementor-element elementor-element-aec2862 elementor-widget elementor-widget-text-editor\" data-id=\"aec2862\" data-element_type=\"widget\" data-widget_type=\"text-editor.default\">\n\t\t\t\t<div class=\"elementor-widget-container\">\n\t\t\t\t\t\t\t\t\t<p>Der Satz an der Spitze dieser Seite von Tom\u00e1s de Guseme (Gouverneur von Lora del Rio im Jahr 1757 und einer der F\u00f6rderer der Entdeckung von Munigua) ist Teil der ersten schriftlichen Daten \u00fcber die metallurgische T\u00e4tigkeit des r\u00f6mischen Munigua Enth\u00e4lt den Bericht, der f\u00fcr die Academia de las Buenas Letras de Sevilla nach einem der ersten Besuche in der Stadt M\u00fcnchen erstellt wurde.<\/p><p>Die beiden Entwicklungsperioden dieser Stadt, die sp\u00e4ter den Titel Municipium Flavium Muniguensis trug, reichen von der zweiten H\u00e4lfte des 1. Jahrhunderts v. Chr. bis zur ersten H\u00e4lfte des 1. Jahrhunderts n. Chr. C, gewidmet der Ausbeutung und Metallurgie von Kupfer. Und eine zweite, die von diesem Datum bis zur ersten H\u00e4lfte des 3. Jahrhunderts reicht, als Eisen das Metall Kupfer ersetzte.<\/p><p>In Kupfer beginnen sie bei den Farmen der fr\u00fcheren Bewohner in der n\u00e4chstgelegenen Gegend und reichen bis nach Puerto Cid. Dies f\u00fchrt zu einer Ersch\u00f6pfung dieser Lagerst\u00e4tten, die durch weiter entfernte Eisenlagerst\u00e4tten ersetzt werden, die jedoch von den Eisenmineralisierungen von El Pedroso sowohl quantitativ als auch qualitativ mehr als abgedeckt werden, da das massive Mineral in Magnetittaschen dominiert und Muttertiere von Oligistus mit hohem Eisengehalt im Bereich von 58 bis 641 TP3T. Die wichtigsten Minen waren La Lima in Galerien und Naval\u00e1zaro im Tagebau. <br \/><br \/><\/p><p>Neben der Bergbau- und Metallurgiet\u00e4tigkeit betrieb Munigua auch eine wichtige Landwirtschafts- und Viehzuchtt\u00e4tigkeit, wovon die beiden Torcularia (\u00d6lpressen) in beiden H\u00e4usern zeugen. Ebenso haben die Ausgrabungen \u00dcberreste einer wichtigen Viehzuchtfarm mit Spezialisierung auf Schweine und Rinder sowie einer kleineren, auf Ziegen und Schafe spezialisierten Farm zutage gef\u00f6rdert. Auch das noch in der Gegend vorkommende Gro\u00df- und Kleinwild findet sich in der Ern\u00e4hrung seiner Bewohner wieder.<br \/>Nach dieser Zeit und in der Westgotenzeit ging die Bergbaut\u00e4tigkeit in ganz Andalusien zur\u00fcck und konzentrierte sich auf Ja\u00e9n und R\u00edo Tinto. <br \/><br \/>Einige Quellen aus der muslimischen Zeit erw\u00e4hnen den Cerro del Hierro, doch die Erholung wird erst mit der christlichen Eroberung und Wiederbesiedlung ab dem 13. Jahrhundert beginnen. <br \/>Es wird im Jahr 1499 sein, wenn die k\u00f6nigliche Siedlung \u00fcber die Minen von El Pedroso und Constantina vereinbart wird. Zwischen 1514 und 1539 wurden Konzessionen f\u00fcr die Ausbeutung der Minen El Pedroso, Constantina, Alan\u00eds, Cazalla, La Puebla de los lnfantes und San Nicol\u00e1s del Puerto erteilt.<\/p><p>Wir m\u00fcssen bis Philipp II. warten, damit w\u00e4hrend seiner Herrschaft ein entsprechendes Bergbaugesetz erlassen wird, das zur F\u00f6rderung dieser T\u00e4tigkeit f\u00fchrt.<\/p>\t\t\t\t\t\t\t\t<\/div>\n\t\t\t\t<\/div>\n\t\t\t\t<div class=\"elementor-element elementor-element-6b9555e elementor-widget elementor-widget-heading\" data-id=\"6b9555e\" data-element_type=\"widget\" data-widget_type=\"heading.default\">\n\t\t\t\t<div class=\"elementor-widget-container\">\n\t\t\t\t\t<h2 class=\"elementor-heading-title elementor-size-default\">Der Bergbau- und Industriestandort Pedroso<\/h2>\t\t\t\t<\/div>\n\t\t\t\t<\/div>\n\t\t\t\t\t<\/div>\n\t\t<\/div>\n\t\t\t\t\t<\/div>\n\t\t<\/section>\n\t\t\t\t<section class=\"elementor-section elementor-top-section elementor-element elementor-element-4335db8 elementor-section-boxed elementor-section-height-default elementor-section-height-default\" data-id=\"4335db8\" data-element_type=\"section\">\n\t\t\t\t\t\t<div class=\"elementor-container elementor-column-gap-default\">\n\t\t\t\t\t<div class=\"elementor-column elementor-col-100 elementor-top-column elementor-element elementor-element-fc41101\" data-id=\"fc41101\" data-element_type=\"column\">\n\t\t\t<div class=\"elementor-widget-wrap elementor-element-populated\">\n\t\t\t\t\t\t<div class=\"elementor-element elementor-element-7eaf480 elementor-widget elementor-widget-text-editor\" data-id=\"7eaf480\" data-element_type=\"widget\" data-widget_type=\"text-editor.default\">\n\t\t\t\t<div class=\"elementor-widget-container\">\n\t\t\t\t\t\t\t\t\t<p>Im Jahr 1829 waren die Minen von Monteagudo, El Fontanal, Ca\u00f1uelo, Rosalino, San Juli\u00e1n und Juanteniente bereits aktiv. Nach anhaltenden Verlusten sind die Partner der Iron Mines Company von El Pedroso y Asociados klug genug, den erfahrenen Ingenieur Jos\u00e9 Antonio de Elorza einzustellen, einen Milit\u00e4rmann, der wegen seiner Unterst\u00fctzung f\u00fcr General Torrijos ins Exil geschickt wurde. Die Beharrlichkeit des Neuen wird unz\u00e4hlige Schwierigkeiten \u00fcberwinden\u00a0<span style=\"color: var( --e-global-color-text ); letter-spacing: inherit;\">optionaler Direktor der Eisenh\u00fctte El Pedroso.<\/span><\/p><p>Trotz der Abgeschiedenheit und Unwegsamkeit des Gel\u00e4ndes baute er Stra\u00dfen, um die Minen mit der Fabrik zu verbinden, wodurch nicht nur die physischen Hindernisse f\u00fcr die Produktion \u00fcberwunden wurden, sondern auch den umliegenden Bewohnern Kommunikationsm\u00f6glichkeiten geboten wurden, die ihnen fehlten.<\/p><p>Mehr als f\u00fcnfhundert Arbeiter, einige mit ihren Familien, lie\u00dfen sich hier nieder, und mehr als zweitausend Familien lebten von der direkten Aktivit\u00e4t dieser Industrie, deren Ansehen dazu f\u00fchrte, dass sie mit der Goldmedaille der Industrieausstellung 2010 ausgezeichnet wurde 1841. <br \/>Im Jahr 1844 wurde Elorza von der Trubia-Fabrik (Oviedo) angestellt, aber er belie\u00df nicht nur die El Pedroso-Eisen auf h\u00f6chstem Qualit\u00e4ts- und Produktionsniveau, sondern markierte neben der Infrastruktur auch neue Arbeitsweisen und etablierte Arbeitsbeziehungen auf der Grundlage dieser Vertr\u00e4ge und verschiedene soziale Dienste. <br \/>Elorzas Periode endete mit dem H\u00f6hepunkt der andalusischen Produktion, die mit den Fabriken El Pedroso und R\u00edo Verde in Marbella zu dieser Zeit fast 801 TP3 Tonnen des in Spanien produzierten Eisens erzeugte, sodass die Kapazit\u00e4t an beiden Standorten voll war Die ersten Hoch\u00f6fen f\u00fcr Holzkohle sowie die Raffination und Walzung von Kohle wurden in unserem Land gebaut.<\/p><p>Weder die Qualit\u00e4t seines Eisens, aus dem die Isable-II-Br\u00fccke oder die Stangen der Tabakfabrik von Sevilla hergestellt wurden ... noch die seiner Arbeiten, die von den Streichblechen der Pfl\u00fcge bis zu gro\u00dfen Kr\u00e4nen wie dem im Hafen reichen von Sevilla oder den ber\u00fchmten Limetten von El Pedroso, noch die erhaltenen Auszeichnungen, werden es erm\u00f6glichen, den Niedergang der Unternehmen zu retten, die sich dieser andalusischen Industrie angenommen haben.<\/p><p>Madrid im Jahr 1841, Wien im Jahr 1851 und London im Jahr 1873 werden diese Werte anerkennen, indem sie ihnen auf ihren internationalen Ausstellungen Ruhm verleihen. Gleichzeitig ist der Hafen von Themse aber auch der Umschlagplatz f\u00fcr Koks, der die Fabriken im Norden Spaniens zu geringeren Kosten erreicht als in den isolierten S\u00fcden.<br \/>Es gibt keine Zollverg\u00fcnstigungen seitens der Regierung. Holzkohle wird weiterhin unser wichtigster, teurer und unrentabler Brennstoff bleiben.<\/p><p>Die Eisenbahn, die Pe\u00f1arroya mit El Pedroso h\u00e4tte verbinden und die Schmelze mit Mineralkohle versorgen k\u00f6nnen, wurde nie gebaut, und die Eisenbahn, die einen kommerziellen Absatz zwischen M\u00e9rida und Sevilla erm\u00f6glichte, kam 1884 in Betrieb. F\u00fcr die El Pedroso Mines and Aggregates Company war es zu sp\u00e4t wird im selben Jahr geschlossen.<\/p><p>Im Jahr 1877 entstand ein neuer Gesch\u00e4ftsversuch mit der Gr\u00fcndung der Gesellschaft f\u00fcr Bergwerke und Eisenfabriken von El Pedroso, doch elf Jahre sp\u00e4ter endete diese Stahlproduktionsperiode in unserer Region und damit auch in Andalusien.\u00a0<\/p><p>El cierre de la Compa\u00f1\u00eda, arrastr\u00f3 a accionistas y acreedores pese a que la sociedad estaba en manos de personas solventes, pero la visi\u00f3n que ten\u00edan del negocio no fue la acertada, y seg\u00fan la prensa de la \u00e9poca, (Revista Minera 1888) &#8220;no estaban a la altura que t\u00e9cnicamente se les deber\u00eda exigir para su explotaci\u00f3n y rendimiento&#8221;, a lo que se une, seg\u00fan este medio, la descoordinaci\u00f3n entre actuaciones industriales y comerciales. Centrando el fracaso final, en las decisiones equivocadas del Consejo de Administraci\u00f3n. Dimensionaron una f\u00e1brica excesiva, con necesidad de situar en el mercado un gran n\u00famero de productos, cuando se debi\u00f3 mantener una producci\u00f3n menos t\u00e9cnica y sacar al mercado productos m\u00e1s especializados a partir del procedimiento Bessemer, un sistema para fabricar en serie lingotes de acero, de calidad y a bajo coste.<\/p>\t\t\t\t\t\t\t\t<\/div>\n\t\t\t\t<\/div>\n\t\t\t\t\t<\/div>\n\t\t<\/div>\n\t\t\t\t\t<\/div>\n\t\t<\/section>\n\t\t\t\t<\/div>","protected":false},"excerpt":{"rendered":"<p>Die \u201eEl Pedroso Iron Factory\u201c waren die ersten industriellen Hoch\u00f6fen in Spanien. Sie k\u00f6nnen an einer F\u00fchrung durch das Tourismusb\u00fcro (Tel. 619 92 14 32) teilnehmen, wo Sie die majest\u00e4tische Fabrik, die zwischen den Bergen emporragt, besichtigen und die Geheimnisse l\u00fcften k\u00f6nnen, die sie in ihren Mauern birgt, und die [\u2026]<\/p>","protected":false},"author":1,"featured_media":0,"parent":0,"menu_order":0,"comment_status":"closed","ping_status":"closed","template":"elementor_header_footer","meta":{"footnotes":""},"class_list":["post-7572","page","type-page","status-publish","hentry"],"_links":{"self":[{"href":"https:\/\/turismoelpedroso.com\/de\/wp-json\/wp\/v2\/pages\/7572","targetHints":{"allow":["GET"]}}],"collection":[{"href":"https:\/\/turismoelpedroso.com\/de\/wp-json\/wp\/v2\/pages"}],"about":[{"href":"https:\/\/turismoelpedroso.com\/de\/wp-json\/wp\/v2\/types\/page"}],"author":[{"embeddable":true,"href":"https:\/\/turismoelpedroso.com\/de\/wp-json\/wp\/v2\/users\/1"}],"replies":[{"embeddable":true,"href":"https:\/\/turismoelpedroso.com\/de\/wp-json\/wp\/v2\/comments?post=7572"}],"version-history":[{"count":25,"href":"https:\/\/turismoelpedroso.com\/de\/wp-json\/wp\/v2\/pages\/7572\/revisions"}],"predecessor-version":[{"id":7622,"href":"https:\/\/turismoelpedroso.com\/de\/wp-json\/wp\/v2\/pages\/7572\/revisions\/7622"}],"wp:attachment":[{"href":"https:\/\/turismoelpedroso.com\/de\/wp-json\/wp\/v2\/media?parent=7572"}],"curies":[{"name":"wp","href":"https:\/\/api.w.org\/{rel}","templated":true}]}}