{"id":8672,"date":"2023-07-12T11:02:09","date_gmt":"2023-07-12T11:02:09","guid":{"rendered":"https:\/\/turismoelpedroso.com\/?page_id=8672"},"modified":"2023-07-12T13:53:48","modified_gmt":"2023-07-12T13:53:48","slug":"erklarung-zur-barrierefreiheit","status":"publish","type":"page","link":"https:\/\/turismoelpedroso.com\/de\/erklarung-zur-barrierefreiheit\/","title":{"rendered":"Erkl\u00e4rung zur Barrierefreiheit"},"content":{"rendered":"<ul class=\"wp-block-list\">\n<li>Tourismelpedroso.com<\/li>\n\n\n\n<li>12. Juli 2023<\/li>\n<\/ul>\n\n\n\n<h3 class=\"wp-block-heading\">Compliance-Status<\/h3>\n\n\n\n<p>Wir glauben fest daran, dass das Internet f\u00fcr jeden verf\u00fcgbar und zug\u00e4nglich sein sollte, und wir setzen uns daf\u00fcr ein, eine Website bereitzustellen, die f\u00fcr m\u00f6glichst viele Menschen zug\u00e4nglich ist, unabh\u00e4ngig von ihren Umst\u00e4nden und F\u00e4higkeiten.<\/p>\n\n\n\n<p>Um dies zu erreichen, sind wir bestrebt, uns so strikt wie m\u00f6glich an die Web Content Accessibility Guidelines 2.1 (WCAG 2.1) des World Wide Web Consortium (W3C) auf Stufe AA zu halten. In diesen Richtlinien wird erl\u00e4utert, wie Webinhalte f\u00fcr Menschen mit unterschiedlichsten Behinderungen zug\u00e4nglich gemacht werden k\u00f6nnen. Durch die Einhaltung dieser Richtlinien k\u00f6nnen wir sicherstellen, dass die Website f\u00fcr alle Menschen zug\u00e4nglich ist: unter anderem f\u00fcr Blinde, Menschen mit motorischen, visuellen und kognitiven Beeintr\u00e4chtigungen.<\/p>\n\n\n\n<p>Diese Website nutzt verschiedene Technologien, um sie jederzeit m\u00f6glichst zug\u00e4nglich zu machen. Wir verwenden eine barrierefreie Schnittstelle, die es Menschen mit bestimmten Behinderungen erm\u00f6glicht, die Benutzeroberfl\u00e4che (Benutzeroberfl\u00e4che) der Website anzupassen und sie entsprechend ihren pers\u00f6nlichen Bed\u00fcrfnissen zu gestalten.<\/p>\n\n\n\n<p>Dar\u00fcber hinaus nutzt die Website eine KI-basierte Anwendung, die im Hintergrund l\u00e4uft und ihre Barrierefreiheit st\u00e4ndig optimiert. Diese Anwendung korrigiert den HTML-Code der Website, passt ihre Funktionalit\u00e4t und ihr Verhalten an die von blinden Benutzern verwendeten Bildschirmleseprogramme und die Tastaturfunktionen von Menschen mit motorischen Behinderungen an.<\/p>\n\n\n\n<p>Wenn Sie Fehler gefunden haben oder Verbesserungsvorschl\u00e4ge haben, teilen wir Ihnen dies gerne mit. Sie k\u00f6nnen die Websitebetreiber \u00fcber die folgende E-Mail kontaktieren<\/p>\n\n\n\n<h3 class=\"wp-block-heading\">Screenreader und Tastaturnavigation<\/h3>\n\n\n\n<p>Unsere Website wendet die ARIA-Attributtechnik (Accessible Rich Internet Applications) zusammen mit verschiedenen Verhaltens\u00e4nderungen an, um sicherzustellen, dass blinde Benutzer, die uns mit Screenreadern besuchen, die Funktionen der Website lesen, verstehen und genie\u00dfen k\u00f6nnen. Sobald ein Benutzer mit einem Screenreader Ihre Website betritt, wird er sofort aufgefordert, sein Screenreader-Profil einzugeben, damit er auf Ihrer Website navigieren und sie effektiv nutzen kann. Hier erfahren Sie, wie unsere Website einige der wichtigsten Anforderungen f\u00fcr Bildschirmleseprogramme abdeckt, zusammen mit Konsolen-Screenshots von Codebeispielen:<\/p>\n\n\n\n<ol class=\"wp-block-list\">\n<li><strong>Optimierung f\u00fcr Screenreader<\/strong>- Wir f\u00fchren einen Hintergrundprozess durch, der Website-Komponenten von oben bis unten lernt und so eine kontinuierliche Compliance gew\u00e4hrleistet, selbst wenn die Website aktualisiert wird. Dabei stellen wir Screenreadern mithilfe des ARIA-Attributsatzes aussagekr\u00e4ftige Daten zur Verf\u00fcgung. Beispielsweise liefern wir pr\u00e4zise Beschriftungen f\u00fcr Formulare; umsetzbare Symbolbeschreibungen (Social-Media-Symbole, Suchsymbole, Warenkorbsymbole usw.); Validierungsanleitung f\u00fcr Formulareingaben; Funktionen von Elementen wie Schaltfl\u00e4chen, Men\u00fcs, modalen Dialogen (Popups) und anderen. Dar\u00fcber hinaus scannt der Hintergrundprozess alle Bilder auf der Website und liefert eine genaue und aussagekr\u00e4ftige Beschreibung basierend auf der Objekterkennung als ALT-Tag (Alternativtext) f\u00fcr Bilder, die nicht beschrieben sind. Mithilfe der OCR-Technologie (optische Zeichenerkennung) werden auch die im Bild eingebetteten Texte extrahiert. Um die Screenreader-Einstellungen jederzeit zu aktivieren, dr\u00fccken Benutzer einfach die Tastenkombination Alt+1. Benutzer von Bildschirmleseprogrammen erhalten au\u00dferdem automatische Aufforderungen, den Bildschirmlesemodus zu aktivieren, sobald sie die Website betreten. Diese Einstellungen werden von allen g\u00e4ngigen Bildschirmleseprogrammen unterst\u00fctzt, einschlie\u00dflich JAWS und NVDA.<\/li>\n\n\n\n<li><strong>Optimierung der Tastaturnavigation:<\/strong> El proceso en segundo plano tambi\u00e9n ajusta el HTML del sitio web y a\u00f1ade varios comportamientos mediante c\u00f3digo JavaScript para que el sitio web se pueda manejar con el teclado. Esto incluye la posibilidad de navegar por el sitio web con las teclas Tab y May\u00fas+Tab, manejar desplegables con las flechas del teclado, cerrarlos con Esc, activar botones y enlaces con la tecla Intro, navegar entre elementos de radio y casillas de verificaci\u00f3n con las flechas del teclado, y rellenarlos con la barra espaciadora o la tecla Intro.Adem\u00e1s, los usuarios de teclado encontrar\u00e1n men\u00fas de navegaci\u00f3n r\u00e1pida y de omisi\u00f3n de contenido, disponibles en cualquier momento pulsando Alt+1, o como primeros elementos del sitio al navegar con el teclado. El proceso en segundo plano tambi\u00e9n gestiona las ventanas emergentes activadas moviendo el foco del teclado hacia ellas en cuanto aparecen, y no permitiendo que el foco se desv\u00ede fuera de \u00e9l.Los usuarios tambi\u00e9n pueden utilizar atajos como &#8220;M&#8221; (men\u00fas), &#8220;H&#8221; (encabezados), &#8220;F&#8221; (formularios), &#8220;B&#8221; (botones) y &#8220;G&#8221; (gr\u00e1ficos) para saltar a elementos espec\u00edficos.<\/li>\n<\/ol>\n\n\n\n<h3 class=\"wp-block-heading\">Behindertenprofile auf unserer Website<\/h3>\n\n\n\n<ul class=\"wp-block-list\">\n<li><strong>Epilepsie-Sicherheitsmodus:<\/strong> Dieses Profil erm\u00f6glicht Menschen mit Epilepsie die sichere Nutzung der Website und eliminiert das Risiko von Anf\u00e4llen, die durch Blinken oder blinkende Animationen und riskante Farbkombinationen verursacht werden.<\/li>\n\n\n\n<li><strong>Sehbehindertenmodus: <\/strong>Dieser Modus passt die Website an den Komfort von Benutzern mit Sehbehinderungen wie Sehverschlechterung, Tunnelblick, Katarakt, Glaukom und anderen an.<\/li>\n\n\n\n<li><strong>Modus f\u00fcr kognitive Behinderung: <\/strong>Dieser Modus bietet verschiedene Unterst\u00fctzungsoptionen, um Benutzern mit kognitiven Behinderungen wie Legasthenie, Autismus, CVA und anderen zu helfen, sich leichter auf die wesentlichen Elemente der Website zu konzentrieren.<\/li>\n\n\n\n<li><strong>ADHS-freundlicher Modus:<\/strong> Dieser Modus hilft Benutzern mit ADHS und neurologischen Entwicklungsst\u00f6rungen, die Hauptelemente der Website einfacher zu lesen, zu navigieren und sich auf sie zu konzentrieren, w\u00e4hrend Ablenkungen deutlich reduziert werden.<\/li>\n\n\n\n<li><strong>Blindmodus: <\/strong>In diesem Modus wird die Website so konfiguriert, dass sie mit Bildschirmleseprogrammen wie JAWS, NVDA, VoiceOver und TalkBack kompatibel ist. Ein Screenreader ist eine Software f\u00fcr blinde Benutzer, die auf Computern und Smartphones installiert wird und mit der Websites kompatibel sein m\u00fcssen.<\/li>\n\n\n\n<li><strong>Tastaturnavigationsprofil (Motor deaktiviert): <\/strong>este perfil permite a los discapacitados mot\u00f3ricos utilizar el sitio web con las teclas Tab, May\u00fas+Tab y Intro. Los usuarios tambi\u00e9n pueden utilizar atajos como &#8220;M&#8221; (men\u00fas), &#8220;H&#8221; (encabezados), &#8220;F&#8221; (formularios), &#8220;B&#8221; (botones) y &#8220;G&#8221; (gr\u00e1ficos) para saltar a elementos espec\u00edficos.<\/li>\n<\/ul>\n\n\n\n<h3 class=\"wp-block-heading\">Zus\u00e4tzliche Verbesserungen an Benutzeroberfl\u00e4che, Layout und Lesbarkeit<\/h3>\n\n\n\n<ol class=\"wp-block-list\">\n<li><strong>Schriftarteinstellungen \u2013<\/strong> Benutzer k\u00f6nnen die Gr\u00f6\u00dfe vergr\u00f6\u00dfern oder verkleinern, die Familie (den Typ) \u00e4ndern, den Abstand, die Ausrichtung, die Zeilenh\u00f6he anpassen und vieles mehr.<\/li>\n\n\n\n<li><strong>Farbeinstellungen: <\/strong>Benutzer k\u00f6nnen verschiedene Farbkontrastprofile ausw\u00e4hlen, z. B. hell, dunkel, invertiert und monochrom. Dar\u00fcber hinaus k\u00f6nnen Benutzer die Farbschemata von Titeln, Texten und Hintergr\u00fcnden mit \u00fcber 7 verschiedenen Farboptionen \u00e4ndern.<\/li>\n\n\n\n<li><strong>Animationen:<\/strong> Epilepsie-Benutzer k\u00f6nnen alle laufenden Animationen per Knopfdruck stoppen. Zu den schnittstellengesteuerten Animationen geh\u00f6ren Videos, GIFs und CSS-Flashing-\u00dcberg\u00e4nge.<\/li>\n\n\n\n<li><strong>Inhalt hervorheben:<\/strong> Benutzer k\u00f6nnen wichtige Elemente wie Links und Titel hervorheben. Sie k\u00f6nnen sich auch daf\u00fcr entscheiden, nur fokussierte oder mit der Maus \u00fcberfahrene Elemente hervorzuheben.<\/li>\n\n\n\n<li><strong>Audio-Stummschaltung: <\/strong>Bei Benutzern mit H\u00f6rger\u00e4ten kann es aufgrund der automatischen Audiowiedergabe zu Kopfschmerzen oder anderen Problemen kommen. Mit dieser Option k\u00f6nnen Sie die gesamte Website sofort stumm schalten.<\/li>\n\n\n\n<li><strong>Kognitive St\u00f6rungen:<\/strong> Wir verwenden eine mit Wikipedia und Wiktionary verkn\u00fcpfte Suchmaschine, die es Menschen mit kognitiven St\u00f6rungen erm\u00f6glicht, die Bedeutung von Phrasen, Initialen, Slang und mehr zu entschl\u00fcsseln.<\/li>\n\n\n\n<li><strong>Zus\u00e4tzliche Funktionen:<\/strong> Wir bieten Benutzern die M\u00f6glichkeit, die Farbe und Gr\u00f6\u00dfe des Cursors zu \u00e4ndern, einen Druckmodus zu verwenden, eine virtuelle Tastatur zu aktivieren und viele andere Funktionen.<\/li>\n<\/ol>\n\n\n\n<h3 class=\"wp-block-heading\">Unterst\u00fctzung f\u00fcr Browser und unterst\u00fctzende Technologien<\/h3>\n\n\n\n<p>Unser Ziel ist es, ein m\u00f6glichst breites Spektrum an Browsern und unterst\u00fctzenden Technologien zu unterst\u00fctzen, damit unsere Benutzer mit m\u00f6glichst wenigen Einschr\u00e4nkungen die f\u00fcr sie am besten geeigneten Tools ausw\u00e4hlen k\u00f6nnen. Daher haben wir sehr hart daran gearbeitet, alle wichtigen Systeme unterst\u00fctzen zu k\u00f6nnen, die \u00fcber 95% des Benutzermarktanteils ausmachen, einschlie\u00dflich Google Chrome, Mozilla Firefox, Apple Safari, Opera und Microsoft Edge, JAWS und NVDA (Screenreader), beide f\u00fcr Windows und f\u00fcr MAC-Benutzer.<\/p>\n\n\n\n<h3 class=\"wp-block-heading\">Notizen, Kommentare und Meinungen<\/h3>\n\n\n\n<p>Obwohl wir unser Bestes tun, um es jedem zu erm\u00f6glichen, die Website an seine Bed\u00fcrfnisse anzupassen, kann es immer noch Seiten oder Abschnitte geben, die nicht vollst\u00e4ndig barrierefrei sind, gerade dabei sind, dies zu erreichen, oder es fehlt eine geeignete technische L\u00f6sung, um sie barrierefrei zu machen. Dennoch verbessern wir kontinuierlich unsere Zug\u00e4nglichkeit, f\u00fcgen Optionen und Funktionen hinzu, aktualisieren und verbessern sie und entwickeln und \u00fcbernehmen neue Technologien. All dies, um entsprechend dem technologischen Fortschritt ein optimales Ma\u00df an Zug\u00e4nglichkeit zu erreichen. Wenn Sie Hilfe ben\u00f6tigen, wenden Sie sich bitte an:<\/p>\n\n\n\n<ul class=\"wp-block-list\">\n<li><a href=\"mailto:oficinadeturismoelpedroso@gmail.com\">Oficinadeturismoelpedroso@gmail.com<\/a><\/li>\n<\/ul>\n\n\n\n<p><\/p>","protected":false},"excerpt":{"rendered":"<p>Estado de cumplimiento Creemos firmemente que Internet debe estar disponible y ser accesible para todos, y nos comprometemos a ofrecer un sitio web accesible al mayor n\u00famero posible de personas, independientemente de sus circunstancias y capacidades. Para lograrlo, nuestro objetivo es adherirnos lo m\u00e1s estrictamente posible a las Pautas de Accesibilidad al Contenido en la [&hellip;]<\/p>","protected":false},"author":1,"featured_media":0,"parent":0,"menu_order":0,"comment_status":"closed","ping_status":"closed","template":"","meta":{"footnotes":""},"class_list":["post-8672","page","type-page","status-publish","hentry"],"_links":{"self":[{"href":"https:\/\/turismoelpedroso.com\/de\/wp-json\/wp\/v2\/pages\/8672","targetHints":{"allow":["GET"]}}],"collection":[{"href":"https:\/\/turismoelpedroso.com\/de\/wp-json\/wp\/v2\/pages"}],"about":[{"href":"https:\/\/turismoelpedroso.com\/de\/wp-json\/wp\/v2\/types\/page"}],"author":[{"embeddable":true,"href":"https:\/\/turismoelpedroso.com\/de\/wp-json\/wp\/v2\/users\/1"}],"replies":[{"embeddable":true,"href":"https:\/\/turismoelpedroso.com\/de\/wp-json\/wp\/v2\/comments?post=8672"}],"version-history":[{"count":6,"href":"https:\/\/turismoelpedroso.com\/de\/wp-json\/wp\/v2\/pages\/8672\/revisions"}],"predecessor-version":[{"id":8683,"href":"https:\/\/turismoelpedroso.com\/de\/wp-json\/wp\/v2\/pages\/8672\/revisions\/8683"}],"wp:attachment":[{"href":"https:\/\/turismoelpedroso.com\/de\/wp-json\/wp\/v2\/media?parent=8672"}],"curies":[{"name":"wp","href":"https:\/\/api.w.org\/{rel}","templated":true}]}}