{"id":5691,"date":"2022-11-03T15:32:35","date_gmt":"2022-11-03T15:32:35","guid":{"rendered":"https:\/\/turismoelpedroso.com\/?page_id=5691"},"modified":"2023-03-02T22:13:45","modified_gmt":"2023-03-02T22:13:45","slug":"how-to-get","status":"publish","type":"page","link":"https:\/\/turismoelpedroso.com\/en\/how-to-get\/","title":{"rendered":"How to get"},"content":{"rendered":"<div data-elementor-type=\"wp-page\" data-elementor-id=\"5691\" class=\"elementor elementor-5691\" data-elementor-post-type=\"page\">\n\t\t\t\t\t\t<section class=\"elementor-section elementor-top-section elementor-element elementor-element-6ae1512 elementor-section-stretched elementor-section-boxed elementor-section-height-default elementor-section-height-default\" data-id=\"6ae1512\" data-element_type=\"section\" data-settings=\"{&quot;stretch_section&quot;:&quot;section-stretched&quot;}\">\n\t\t\t\t\t\t<div class=\"elementor-container elementor-column-gap-default\">\n\t\t\t\t\t<div class=\"elementor-column elementor-col-50 elementor-top-column elementor-element elementor-element-ff1a2b9\" data-id=\"ff1a2b9\" data-element_type=\"column\">\n\t\t\t<div class=\"elementor-widget-wrap elementor-element-populated\">\n\t\t\t\t\t\t<div class=\"elementor-element elementor-element-a2c9b36 elementor-widget elementor-widget-image\" data-id=\"a2c9b36\" data-element_type=\"widget\" data-widget_type=\"image.default\">\n\t\t\t\t<div class=\"elementor-widget-container\">\n\t\t\t\t\t\t\t\t\t\t\t\t\t\t\t<img fetchpriority=\"high\" decoding=\"async\" width=\"797\" height=\"367\" src=\"https:\/\/turismoelpedroso.com\/wp-content\/uploads\/2022\/11\/el_pedroso_img_5051.jpg_2088627588.jpg\" class=\"attachment-large size-large wp-image-5693\" alt=\"\" srcset=\"https:\/\/turismoelpedroso.com\/wp-content\/uploads\/2022\/11\/el_pedroso_img_5051.jpg_2088627588.jpg 797w, https:\/\/turismoelpedroso.com\/wp-content\/uploads\/2022\/11\/el_pedroso_img_5051.jpg_2088627588-300x138.jpg 300w, https:\/\/turismoelpedroso.com\/wp-content\/uploads\/2022\/11\/el_pedroso_img_5051.jpg_2088627588-768x354.jpg 768w\" sizes=\"(max-width: 797px) 100vw, 797px\" \/>\t\t\t\t\t\t\t\t\t\t\t\t\t\t\t<\/div>\n\t\t\t\t<\/div>\n\t\t\t\t\t<\/div>\n\t\t<\/div>\n\t\t\t\t<div class=\"elementor-column elementor-col-50 elementor-top-column elementor-element elementor-element-156379b\" data-id=\"156379b\" data-element_type=\"column\">\n\t\t\t<div class=\"elementor-widget-wrap elementor-element-populated\">\n\t\t\t\t\t\t<div class=\"elementor-element elementor-element-e6109b0 elementor-widget elementor-widget-heading\" data-id=\"e6109b0\" data-element_type=\"widget\" data-widget_type=\"heading.default\">\n\t\t\t\t<div class=\"elementor-widget-container\">\n\t\t\t\t\t<h2 class=\"elementor-heading-title elementor-size-default\">HOW TO GET<\/h2>\t\t\t\t<\/div>\n\t\t\t\t<\/div>\n\t\t\t\t<div class=\"elementor-element elementor-element-c35f96a elementor-widget-divider--view-line elementor-widget elementor-widget-divider\" data-id=\"c35f96a\" data-element_type=\"widget\" data-widget_type=\"divider.default\">\n\t\t\t\t<div class=\"elementor-widget-container\">\n\t\t\t\t\t\t\t<div class=\"elementor-divider\">\n\t\t\t<span class=\"elementor-divider-separator\">\n\t\t\t\t\t\t<\/span>\n\t\t<\/div>\n\t\t\t\t\t\t<\/div>\n\t\t\t\t<\/div>\n\t\t\t\t<div class=\"elementor-element elementor-element-f379f5a elementor-widget elementor-widget-text-editor\" data-id=\"f379f5a\" data-element_type=\"widget\" data-widget_type=\"text-editor.default\">\n\t\t\t\t<div class=\"elementor-widget-container\">\n\t\t\t\t\t\t\t\t\t<p><span style=\"text-align: center;\">It is very well connected by both roads and\u00a0<\/span><span style=\"font-weight: bolder; color: #2d2d2d; text-align: center;\">railway<\/span><span style=\"text-align: center;\">, Seville-M\u00e9rida C3 line. The road and rail transport infrastructure of El Pedroso has meant that the municipality is located in the communications center on the natural accessibility route of the entire Sierra Morena Seville.<\/span><\/p><p><span style=\"text-align: center;\">\u00a0<\/span><\/p><p><span style=\"text-align: center;\">\u00a0<\/span><\/p><p><span style=\"text-align: center;\">\u00a0<\/span><\/p><p><span style=\"text-align: center;\">\u00a0<\/span><\/p><p><span style=\"text-align: center;\">\u00a0<\/span><\/p><p><span style=\"text-align: center;\">\u00a0<\/span><\/p><p><span style=\"text-align: center;\">\u00a0<\/span><\/p><p><span style=\"text-align: center;\">\u00a0<\/span><\/p>\t\t\t\t\t\t\t\t<\/div>\n\t\t\t\t<\/div>\n\t\t\t\t<div class=\"elementor-element elementor-element-77b5720 elementor-widget elementor-widget-spacer\" data-id=\"77b5720\" data-element_type=\"widget\" data-widget_type=\"spacer.default\">\n\t\t\t\t<div class=\"elementor-widget-container\">\n\t\t\t\t\t\t\t<div class=\"elementor-spacer\">\n\t\t\t<div class=\"elementor-spacer-inner\"><\/div>\n\t\t<\/div>\n\t\t\t\t\t\t<\/div>\n\t\t\t\t<\/div>\n\t\t\t\t\t<\/div>\n\t\t<\/div>\n\t\t\t\t\t<\/div>\n\t\t<\/section>\n\t\t\t\t<section class=\"elementor-section elementor-top-section elementor-element elementor-element-93a8a58 elementor-section-stretched elementor-reverse-tablet elementor-reverse-mobile elementor-section-boxed elementor-section-height-default elementor-section-height-default\" data-id=\"93a8a58\" data-element_type=\"section\" data-settings=\"{&quot;stretch_section&quot;:&quot;section-stretched&quot;}\">\n\t\t\t\t\t\t<div class=\"elementor-container elementor-column-gap-default\">\n\t\t\t\t\t<div class=\"elementor-column elementor-col-50 elementor-top-column elementor-element elementor-element-bae8da4\" data-id=\"bae8da4\" data-element_type=\"column\">\n\t\t\t<div class=\"elementor-widget-wrap elementor-element-populated\">\n\t\t\t\t\t\t<div class=\"elementor-element elementor-element-44577a7 elementor-widget elementor-widget-spacer\" data-id=\"44577a7\" data-element_type=\"widget\" data-widget_type=\"spacer.default\">\n\t\t\t\t<div class=\"elementor-widget-container\">\n\t\t\t\t\t\t\t<div class=\"elementor-spacer\">\n\t\t\t<div class=\"elementor-spacer-inner\"><\/div>\n\t\t<\/div>\n\t\t\t\t\t\t<\/div>\n\t\t\t\t<\/div>\n\t\t\t\t<div class=\"elementor-element elementor-element-bcda060 elementor-widget elementor-widget-text-editor\" data-id=\"bcda060\" data-element_type=\"widget\" data-widget_type=\"text-editor.default\">\n\t\t\t\t<div class=\"elementor-widget-container\">\n\t\t\t\t\t\t\t\t\t<p>To get to El Pedroso by car from Seville you have to take the A-4 highway and exit on the A-8008 towards Brenes. Then you must take the SE-3101 to Cantillana. In this town, the A-432 takes you directly to your destination.<\/p><p>\u00a0<\/p><p>From C\u00f3rdoba, you must go along the A-431 highway to Lora del R\u00edo. Here, take the A-455 and reach Constantina, where the A-452 goes directly to El Pedroso.<\/p><p>\u00a0<\/p><p>From M\u00e9rida, take the N-66 towards Seville. At Zafra, turn off onto the N-432 (C\u00f3rdoba highway) to Llerena. Here head towards the EX-200 that connects with the A-433 to Alan\u00eds. Once in this town, exit on the A-432 until you reach El Pedroso.<\/p><p><span style=\"letter-spacing: inherit;\">At the Plaza de Armas station you can take the Monbus company buses to the Sierra Morena Sevillana and they will also leave you in a beautiful town.<\/span><\/p>\t\t\t\t\t\t\t\t<\/div>\n\t\t\t\t<\/div>\n\t\t\t\t<div class=\"elementor-element elementor-element-c3f3ce0 elementor-widget-divider--view-line elementor-widget elementor-widget-divider\" data-id=\"c3f3ce0\" data-element_type=\"widget\" data-widget_type=\"divider.default\">\n\t\t\t\t<div class=\"elementor-widget-container\">\n\t\t\t\t\t\t\t<div class=\"elementor-divider\">\n\t\t\t<span class=\"elementor-divider-separator\">\n\t\t\t\t\t\t<\/span>\n\t\t<\/div>\n\t\t\t\t\t\t<\/div>\n\t\t\t\t<\/div>\n\t\t\t\t\t<\/div>\n\t\t<\/div>\n\t\t\t\t<div class=\"elementor-column elementor-col-50 elementor-top-column elementor-element elementor-element-3406183\" data-id=\"3406183\" data-element_type=\"column\">\n\t\t\t<div class=\"elementor-widget-wrap elementor-element-populated\">\n\t\t\t\t\t\t<div class=\"elementor-element elementor-element-afd59e1 elementor-widget elementor-widget-image\" data-id=\"afd59e1\" data-element_type=\"widget\" data-widget_type=\"image.default\">\n\t\t\t\t<div class=\"elementor-widget-container\">\n\t\t\t\t\t\t\t\t\t\t\t\t\t\t\t<img decoding=\"async\" width=\"800\" height=\"450\" src=\"https:\/\/turismoelpedroso.com\/wp-content\/uploads\/2022\/12\/carretera-A-432-1024x576.jpg\" class=\"attachment-large size-large wp-image-7304\" alt=\"\" srcset=\"https:\/\/turismoelpedroso.com\/wp-content\/uploads\/2022\/12\/carretera-A-432-1024x576.jpg 1024w, https:\/\/turismoelpedroso.com\/wp-content\/uploads\/2022\/12\/carretera-A-432-300x169.jpg 300w, https:\/\/turismoelpedroso.com\/wp-content\/uploads\/2022\/12\/carretera-A-432-768x432.jpg 768w, https:\/\/turismoelpedroso.com\/wp-content\/uploads\/2022\/12\/carretera-A-432-1536x864.jpg 1536w, https:\/\/turismoelpedroso.com\/wp-content\/uploads\/2022\/12\/carretera-A-432.jpg 1920w\" sizes=\"(max-width: 800px) 100vw, 800px\" \/>\t\t\t\t\t\t\t\t\t\t\t\t\t\t\t<\/div>\n\t\t\t\t<\/div>\n\t\t\t\t\t<\/div>\n\t\t<\/div>\n\t\t\t\t\t<\/div>\n\t\t<\/section>\n\t\t\t\t<section class=\"elementor-section elementor-top-section elementor-element elementor-element-5705e53 elementor-section-stretched elementor-section-boxed elementor-section-height-default elementor-section-height-default\" data-id=\"5705e53\" data-element_type=\"section\" data-settings=\"{&quot;stretch_section&quot;:&quot;section-stretched&quot;}\">\n\t\t\t\t\t\t<div class=\"elementor-container elementor-column-gap-default\">\n\t\t\t\t\t<div class=\"elementor-column elementor-col-100 elementor-top-column elementor-element elementor-element-6a69e2d\" data-id=\"6a69e2d\" data-element_type=\"column\">\n\t\t\t<div class=\"elementor-widget-wrap elementor-element-populated\">\n\t\t\t\t\t\t\t<\/div>\n\t\t<\/div>\n\t\t\t\t\t<\/div>\n\t\t<\/section>\n\t\t\t\t<section class=\"elementor-section elementor-top-section elementor-element elementor-element-ced5173 elementor-section-full_width elementor-section-stretched elementor-section-height-default elementor-section-height-default\" data-id=\"ced5173\" data-element_type=\"section\" data-settings=\"{&quot;stretch_section&quot;:&quot;section-stretched&quot;}\">\n\t\t\t\t\t\t<div class=\"elementor-container elementor-column-gap-default\">\n\t\t\t\t\t<div class=\"elementor-column elementor-col-100 elementor-top-column elementor-element elementor-element-49f53a4\" data-id=\"49f53a4\" data-element_type=\"column\">\n\t\t\t<div class=\"elementor-widget-wrap elementor-element-populated\">\n\t\t\t\t\t\t<div class=\"elementor-element elementor-element-fbc532f elementor-widget elementor-widget-google_maps\" data-id=\"fbc532f\" data-element_type=\"widget\" data-widget_type=\"google_maps.default\">\n\t\t\t\t<div class=\"elementor-widget-container\">\n\t\t\t\t\t\t\t<div class=\"elementor-custom-embed\">\n\t\t\t<iframe loading=\"lazy\"\n\t\t\t\t\tsrc=\"https:\/\/maps.google.com\/maps?q=Pl.%20de%20Espa%C3%B1a%2C%201%2C%2041360%20El%20Pedroso%2C%20Sevilla%2C%20Espa%C3%B1a&#038;t=m&#038;z=15&#038;output=embed&#038;iwloc=near\"\n\t\t\t\t\ttitle=\"Pl. de Espa\u00f1a, 1, 41360 El Pedroso, Seville, Spain\"\n\t\t\t\t\taria-label=\"Pl. de Espa\u00f1a, 1, 41360 El Pedroso, Seville, Spain\"\n\t\t\t><\/iframe>\n\t\t<\/div>\n\t\t\t\t\t\t<\/div>\n\t\t\t\t<\/div>\n\t\t\t\t\t<\/div>\n\t\t<\/div>\n\t\t\t\t\t<\/div>\n\t\t<\/section>\n\t\t\t\t<\/div>","protected":false},"excerpt":{"rendered":"<p>HOW TO GET THERE It is very well connected by both roads and rail, Seville-M\u00e9rida C3 line. The road and rail transport infrastructure of El Pedroso has meant that the municipality is located in the communications center on the natural accessibility route of the entire Sierra Morena Seville. [\u2026]<\/p>","protected":false},"author":1,"featured_media":0,"parent":0,"menu_order":0,"comment_status":"closed","ping_status":"closed","template":"","meta":{"footnotes":""},"class_list":["post-5691","page","type-page","status-publish","hentry"],"_links":{"self":[{"href":"https:\/\/turismoelpedroso.com\/en\/wp-json\/wp\/v2\/pages\/5691","targetHints":{"allow":["GET"]}}],"collection":[{"href":"https:\/\/turismoelpedroso.com\/en\/wp-json\/wp\/v2\/pages"}],"about":[{"href":"https:\/\/turismoelpedroso.com\/en\/wp-json\/wp\/v2\/types\/page"}],"author":[{"embeddable":true,"href":"https:\/\/turismoelpedroso.com\/en\/wp-json\/wp\/v2\/users\/1"}],"replies":[{"embeddable":true,"href":"https:\/\/turismoelpedroso.com\/en\/wp-json\/wp\/v2\/comments?post=5691"}],"version-history":[{"count":25,"href":"https:\/\/turismoelpedroso.com\/en\/wp-json\/wp\/v2\/pages\/5691\/revisions"}],"predecessor-version":[{"id":7858,"href":"https:\/\/turismoelpedroso.com\/en\/wp-json\/wp\/v2\/pages\/5691\/revisions\/7858"}],"wp:attachment":[{"href":"https:\/\/turismoelpedroso.com\/en\/wp-json\/wp\/v2\/media?parent=5691"}],"curies":[{"name":"wp","href":"https:\/\/api.w.org\/{rel}","templated":true}]}}