{"id":5772,"date":"2022-08-22T22:43:58","date_gmt":"2022-08-22T22:43:58","guid":{"rendered":"https:\/\/turismoelpedroso.com\/feria-de-muestras\/"},"modified":"2022-11-03T21:08:27","modified_gmt":"2022-11-03T21:08:27","slug":"trade-fair","status":"publish","type":"page","link":"https:\/\/turismoelpedroso.com\/en\/trade-fair\/","title":{"rendered":"Trade Fair"},"content":{"rendered":"<style>\/*! elementor - v3.5.6 - 28-02-2022 *\/\n.elementor-heading-title{padding:0;margin:0;line-height:1}.elementor-widget-heading .elementor-heading-title[class*=elementor-size-]>a{color:inherit;font-size:inherit;line-height:inherit}.elementor-widget-heading .elementor-heading-title.elementor-size-small{font-size:15px}.elementor-widget-heading .elementor-heading-title.elementor-size-medium{font-size:19px}.elementor-widget-heading .elementor-heading-title.elementor-size-large{font-size:29px}.elementor-widget-heading .elementor-heading-title.elementor-size-xl{font-size:39px}.elementor-widget-heading .elementor-heading-title.elementor-size-xxl{font-size:59px}<\/style>\n<h1>Fair of products from the Sierra Norte<\/h1>\n<h2>WHAT DOES EL PEDROSO OFFER?<\/h2>\n<p>We are a rural municipality of 2100 inhabitants, located in the Sierra Norte de Sevilla. Our economy is centered on the exploitation of our natural resources.<\/p>\n<style>\/*! elementor - v3.5.6 - 28-02-2022 *\/\n.elementor-widget-image{text-align:center}.elementor-widget-image a{display:inline-block}.elementor-widget-image a img[src$=\".svg\"]{width:48px}.elementor-widget-image img{vertical-align:middle;display:inline-block}<\/style>\n<p>\t\t\t\t\t\t\t\t\t\t\t\t<img loading=\"lazy\" decoding=\"async\" width=\"667\" height=\"375\" src=\"https:\/\/turismoelpedroso.com\/wp-content\/uploads\/2022\/08\/fotos-ruta-Arroyo-Canas_1420367992_114175729_667x375.jpg\" alt=\"\" srcset=\"https:\/\/turismoelpedroso.com\/wp-content\/uploads\/2022\/08\/fotos-ruta-Arroyo-Canas_1420367992_114175729_667x375.jpg 667w, https:\/\/turismoelpedroso.com\/wp-content\/uploads\/2022\/08\/fotos-ruta-Arroyo-Canas_1420367992_114175729_667x375-300x169.jpg 300w\" sizes=\"auto, (max-width: 667px) 100vw, 667px\" \/>\t\t\t\t\t\t\t\t\t\t\t\t\t\t\t<\/p>\n<h3>Sierra Norte Natural Park<\/h3>\n<p>We are members of the European Charter for Sustainable Tourism in Protected Areas. We are members of the World Network of Biosphere Reserves.<\/p>\n<h3>Artistic Heritage<\/h3>\n<p>Our artistic heritage treasures an extraordinary wealth: Martinez Monta\u00f1ez, Pedro Mill\u00e1n, Sturmio, Jer\u00f3nimo Hern\u00e1ndez, Francisco Pacheco, Anibal Gonz\u00e1lez or Villegas Marmolejo are among the artists of the living museum that is our Parish Church, Hermitages and Museum.<\/p>\n<p>\t\t\t\t\t\t\t\t\t\t\t\t\t\t\t<img loading=\"lazy\" decoding=\"async\" width=\"2048\" height=\"1063\" src=\"https:\/\/turismoelpedroso.com\/wp-content\/uploads\/2022\/08\/home.jpg\" alt=\"\" srcset=\"https:\/\/turismoelpedroso.com\/wp-content\/uploads\/2022\/08\/home.jpg 2048w, https:\/\/turismoelpedroso.com\/wp-content\/uploads\/2022\/08\/home-300x156.jpg 300w, https:\/\/turismoelpedroso.com\/wp-content\/uploads\/2022\/08\/home-1024x532.jpg 1024w, https:\/\/turismoelpedroso.com\/wp-content\/uploads\/2022\/08\/home-768x399.jpg 768w, https:\/\/turismoelpedroso.com\/wp-content\/uploads\/2022\/08\/home-1536x797.jpg 1536w\" sizes=\"auto, (max-width: 2048px) 100vw, 2048px\" \/><br \/>\n\t\t\t\t\t\t\t\t\t\t\t\t\t\t\t<img loading=\"lazy\" decoding=\"async\" width=\"599\" height=\"244\" src=\"https:\/\/turismoelpedroso.com\/wp-content\/uploads\/2022\/08\/Cartel_feria_2019.jpg_674589346.jpg\" alt=\"\" srcset=\"https:\/\/turismoelpedroso.com\/wp-content\/uploads\/2022\/08\/Cartel_feria_2019.jpg_674589346.jpg 599w, https:\/\/turismoelpedroso.com\/wp-content\/uploads\/2022\/08\/Cartel_feria_2019.jpg_674589346-300x122.jpg 300w\" sizes=\"auto, (max-width: 599px) 100vw, 599px\" \/>\t\t\t\t\t\t\t\t\t\t\t\t\t\t\t<\/p>\n<h3>Center of Culture New Schools<\/h3>\n<p>A building by Anibal Gonz\u00e1lez restored by the City Council and the La Fundimiento Association, where you will immerse yourself in the History of Mining and Writing.<\/p>\n<h3>Gastronomy<\/h3>\n<p>Today, visitors can find these delicious dishes in our bars and restaurants. Local and seasonal products such as pheasant, small and big game, the exquisite meats of our &#8220;retinto&#8221; cattle that graze on the communal estate of La Jarosa, the Iberian pig that grazes among these holm oak woods, the highly appreciated olive oil from El Pedroso, produced by the local cooperative, the cheese, also made here with milk from goats and sheep that graze among the cliffs and valleys&#8230; all of this will be the spectacular foretaste of some delicious and exquisite sweets and bread from our bakeries.<\/p>\n<p>\t\t\t\t\t\t\t\t\t\t\t\t\t\t\t<img loading=\"lazy\" decoding=\"async\" width=\"1156\" height=\"867\" src=\"https:\/\/turismoelpedroso.com\/wp-content\/uploads\/2022\/08\/274351634_362909569168985_847207949758129256_n.jpg\" alt=\"\" srcset=\"https:\/\/turismoelpedroso.com\/wp-content\/uploads\/2022\/08\/274351634_362909569168985_847207949758129256_n.jpg 1156w, https:\/\/turismoelpedroso.com\/wp-content\/uploads\/2022\/08\/274351634_362909569168985_847207949758129256_n-300x225.jpg 300w, https:\/\/turismoelpedroso.com\/wp-content\/uploads\/2022\/08\/274351634_362909569168985_847207949758129256_n-1024x768.jpg 1024w, https:\/\/turismoelpedroso.com\/wp-content\/uploads\/2022\/08\/274351634_362909569168985_847207949758129256_n-768x576.jpg 768w\" sizes=\"auto, (max-width: 1156px) 100vw, 1156px\" \/><br \/>\n\t\t\t\t\t\t\t\t\t\t\t\t\t\t\t<img loading=\"lazy\" decoding=\"async\" width=\"1200\" height=\"775\" src=\"https:\/\/turismoelpedroso.com\/wp-content\/uploads\/2022\/08\/atardecer_mirador_capitana-2.jpg\" alt=\"\" srcset=\"https:\/\/turismoelpedroso.com\/wp-content\/uploads\/2022\/08\/atardecer_mirador_capitana-2.jpg 1200w, https:\/\/turismoelpedroso.com\/wp-content\/uploads\/2022\/08\/atardecer_mirador_capitana-2-300x194.jpg 300w, https:\/\/turismoelpedroso.com\/wp-content\/uploads\/2022\/08\/atardecer_mirador_capitana-2-1024x661.jpg 1024w, https:\/\/turismoelpedroso.com\/wp-content\/uploads\/2022\/08\/atardecer_mirador_capitana-2-768x496.jpg 768w\" sizes=\"auto, (max-width: 1200px) 100vw, 1200px\" \/>\t\t\t\t\t\t\t\t\t\t\t\t\t\t\t<\/p>\n<h3>Sports and Outdoors<\/h3>\n<p>Enjoy our routes and natural spaces in a dominant landscape made up of extensive holm oak and alcomoque forests. If you would like to find out more about our trails, please contact the El Pedroso Tourist Office.<\/p>\n<h3>Accommodation<\/h3>\n<p>Stay in El Pedroso, it will come back\u2026 because you have already seen that there is so much to do, to relax, to stroll, to enjoy art and culture, to go on excursions, and also because we like to welcome those who visit us as they deserve. You will find accommodation of all kinds, from the house in the village, the family room, the cottage in the countryside or the farmhouse to organize a big event\u2026<\/p>\n<p>\t\t\t\t\t\t\t\t\t\t\t\t\t\t\t<img loading=\"lazy\" decoding=\"async\" width=\"800\" height=\"533\" src=\"https:\/\/turismoelpedroso.com\/wp-content\/uploads\/2022\/08\/el_pedroso_hotelesconencanto_039.jpg\" alt=\"\" srcset=\"https:\/\/turismoelpedroso.com\/wp-content\/uploads\/2022\/08\/el_pedroso_hotelesconencanto_039.jpg 800w, https:\/\/turismoelpedroso.com\/wp-content\/uploads\/2022\/08\/el_pedroso_hotelesconencanto_039-300x200.jpg 300w, https:\/\/turismoelpedroso.com\/wp-content\/uploads\/2022\/08\/el_pedroso_hotelesconencanto_039-768x512.jpg 768w\" sizes=\"auto, (max-width: 800px) 100vw, 800px\" \/>\t\t\t\t\t\t\t\t\t\t\t\t\t\t\t<\/p>\n<h3>Map of the XXI Trade Fair<\/h3>\n<p>\t\t\t\t\t\t\t\t\t\t\t\t\t\t\t<img loading=\"lazy\" decoding=\"async\" width=\"796\" height=\"558\" src=\"https:\/\/turismoelpedroso.com\/wp-content\/uploads\/2022\/08\/Plano_XXI_Feria_Muestras.png\" alt=\"\" srcset=\"https:\/\/turismoelpedroso.com\/wp-content\/uploads\/2022\/08\/Plano_XXI_Feria_Muestras.png 796w, https:\/\/turismoelpedroso.com\/wp-content\/uploads\/2022\/08\/Plano_XXI_Feria_Muestras-300x210.png 300w, https:\/\/turismoelpedroso.com\/wp-content\/uploads\/2022\/08\/Plano_XXI_Feria_Muestras-768x538.png 768w\" sizes=\"auto, (max-width: 796px) 100vw, 796px\" \/><\/p>","protected":false},"excerpt":{"rendered":"<p>Fair of products from the Sierra Norte WHAT DOES EL PEDROSO OFFER? We are a rural municipality of 2100 inhabitants, located in the Sierra Norte de Sevilla. Our economy is centered on the exploitation of our natural resources. Sierra Norte Natural Park We are members of the European Charter for Sustainable Tourism in Protected Areas. [\u2026]<\/p>","protected":false},"author":1,"featured_media":0,"parent":0,"menu_order":0,"comment_status":"closed","ping_status":"closed","template":"","meta":{"footnotes":""},"class_list":["post-5772","page","type-page","status-publish","hentry"],"_links":{"self":[{"href":"https:\/\/turismoelpedroso.com\/en\/wp-json\/wp\/v2\/pages\/5772","targetHints":{"allow":["GET"]}}],"collection":[{"href":"https:\/\/turismoelpedroso.com\/en\/wp-json\/wp\/v2\/pages"}],"about":[{"href":"https:\/\/turismoelpedroso.com\/en\/wp-json\/wp\/v2\/types\/page"}],"author":[{"embeddable":true,"href":"https:\/\/turismoelpedroso.com\/en\/wp-json\/wp\/v2\/users\/1"}],"replies":[{"embeddable":true,"href":"https:\/\/turismoelpedroso.com\/en\/wp-json\/wp\/v2\/comments?post=5772"}],"version-history":[{"count":7,"href":"https:\/\/turismoelpedroso.com\/en\/wp-json\/wp\/v2\/pages\/5772\/revisions"}],"predecessor-version":[{"id":5781,"href":"https:\/\/turismoelpedroso.com\/en\/wp-json\/wp\/v2\/pages\/5772\/revisions\/5781"}],"wp:attachment":[{"href":"https:\/\/turismoelpedroso.com\/en\/wp-json\/wp\/v2\/media?parent=5772"}],"curies":[{"name":"wp","href":"https:\/\/api.w.org\/{rel}","templated":true}]}}