{"id":7367,"date":"2022-12-16T14:21:45","date_gmt":"2022-12-16T14:21:45","guid":{"rendered":"https:\/\/turismoelpedroso.com\/?page_id=7367"},"modified":"2025-04-24T18:24:45","modified_gmt":"2025-04-24T18:24:45","slug":"politica-privacidad-app-el-pedroso","status":"publish","type":"page","link":"https:\/\/turismoelpedroso.com\/en\/politica-privacidad-app-el-pedroso\/","title":{"rendered":"Pol\u00edtica Privacidad App El Pedroso"},"content":{"rendered":"<div data-elementor-type=\"wp-page\" data-elementor-id=\"7367\" class=\"elementor elementor-7367\" data-elementor-post-type=\"page\">\n\t\t\t\t\t\t<section class=\"elementor-section elementor-top-section elementor-element elementor-element-169575a elementor-section-boxed elementor-section-height-default elementor-section-height-default\" data-id=\"169575a\" data-element_type=\"section\">\n\t\t\t\t\t\t<div class=\"elementor-container elementor-column-gap-default\">\n\t\t\t\t\t<div class=\"elementor-column elementor-col-100 elementor-top-column elementor-element elementor-element-555a13c\" data-id=\"555a13c\" data-element_type=\"column\">\n\t\t\t<div class=\"elementor-widget-wrap elementor-element-populated\">\n\t\t\t\t\t\t<div class=\"elementor-element elementor-element-85832b8 elementor-widget elementor-widget-text-editor\" data-id=\"85832b8\" data-element_type=\"widget\" data-widget_type=\"text-editor.default\">\n\t\t\t\t<div class=\"elementor-widget-container\">\n\t\t\t\t\t\t\t\t\t<p>Somos <u>Nattum Ecotour, SL, con NIF B23741267, y domicilio en Calle Alicates, 2, 41008, Sevilla (Espa\u00f1a). Somos los desarrolladores de la App Pedroso<\/u>, que est\u00e1 subida a la Apple Store y Play Store.<\/p><p><span style=\"color: var( --e-global-color-text ); letter-spacing: inherit;\">\u00a0<\/span><\/p><p><span style=\"color: var( --e-global-color-text ); letter-spacing: inherit;\">Nuestra app cumple con la normativa de protecci\u00f3n de datos, es decir, la Ley Org\u00e1nica 15\/1999 de 13 de diciembre de Protecci\u00f3n de Datos de Car\u00e1cter Personal, su Reglamento de desarrollo, y dem\u00e1s normativa vigente y de aplicaci\u00f3n en cada momento, velando por garantizar un correcto uso y tratamiento de los datos personales del usuario. As\u00ed como el Reglamento General de Protecci\u00f3n de Datos que entra en vigor el d\u00eda 25 de mayo de 2018. Asimismo, nuestra empresa da cumplimiento a la Ley 34\/2002 de 11 de julio, de Servicios de la Sociedad de la Informaci\u00f3n y el Comercio Electr\u00f3nico y te solicitar\u00e1 tu consentimiento al tratamiento de tu correo electr\u00f3nico con fines comerciales en cada momento. Si necesitas contactar con nosotros, puedes hacerlo escribi\u00e9ndonos a nuestro email info@nattule.com. Te informamos que nuestra app que la respalda cumple con la normativa espa\u00f1ola y europea vigente de protecci\u00f3n de datos.<\/span><\/p><p><span style=\"color: var( --e-global-color-text ); letter-spacing: inherit;\">\u00a0<\/span><\/p><p>Tratamos los datos de usuario personales y sensibles de forma segura, y los transmitimos usando un sistema de cifrado, como es el protocolo HTTPS.<\/p><p>Por supuesto, no vendemos datos de usuario personales ni sensibles.<\/p><p><span style=\"color: var( --e-global-color-text ); letter-spacing: inherit;\">\u00a0<\/span><\/p><h2><span style=\"color: var( --e-global-color-text ); letter-spacing: inherit;\">Responsable del tratamiento de los datos personales:<\/span><\/h2><p>La empresa que desarroll\u00f3 la App (Nattum Ecotour, SL, con contacto info@nattule.com, es responsable del tratamiento de los datos recabados a trav\u00e9s de nuestra web y en nuestra app Pedroso.<\/p><p><span style=\"color: var( --e-global-color-text ); letter-spacing: inherit;\">\u00a0<\/span><\/p><h2><span style=\"color: var( --e-global-color-text ); letter-spacing: inherit;\">Finalidad del tratamiento de los datos de usuario:<\/span><\/h2><p>Para que puedas navegar nuestra App, no es necesario que nos facilites ning\u00fan dato. Los casos en los que si nos das tus datos son los siguientes:<\/p><ul><li>Cuando te registras en nuestra App. para saber tus preferencias de viaje.<\/li><li>Cuando personalizas tu ruta para orientarte en tu ruta seg\u00fan tus intereses.<\/li><li>Cuando usas la geolocalizaci\u00f3n de la App te pedimos permiso para saber sobre tu localizaci\u00f3n y poder darte el mejor servicio.<\/li><li>Cuando escaneas el nattuc\u00f3digo te pedimos acceso a tu c\u00e1mara.<\/li><\/ul><p>En cada caso, tus datos podr\u00e1n ser incorporados a un fichero, del cual nuestra empresa es responsable de su gesti\u00f3n y tratamiento. La seguridad de tus datos est\u00e1 garantizada, ya que tomamos todas las medidas de seguridad necesarias para ello. Solo usaremos dichos datos para la finalidad que nos los has dado. Concretamente, cuando usas lo anterior recibir\u00e1s informaci\u00f3n relacionada que consideremos que pueda interesante. No te preocupes, no cederemos tus datos a terceros. Los datos personales proporcionados se conservar\u00e1n mientras se mantenga la relaci\u00f3n comercial entre las dos partes o hasta que nos solicites la eliminaci\u00f3n de los mismos.<\/p><p><span style=\"color: var( --e-global-color-text ); letter-spacing: inherit;\">\u00a0<\/span><\/p><h2><span style=\"color: var( --e-global-color-text ); letter-spacing: inherit;\">Legitimaci\u00f3n:<\/span><\/h2><p>The legitimacy for the use of your personal data derives exclusively from your free, specific, informed and unequivocal consent. You have the right to withdraw your consent at any time.<\/p><p><span style=\"color: var( --e-global-color-text ); letter-spacing: inherit;\">\u00a0<\/span><\/p><h2><span style=\"color: var( --e-global-color-text ); letter-spacing: inherit;\">Destinatarios:<\/span><\/h2><p>For data processing we have contracted the following external service providers, who comply with current regulations regarding data protection:<\/p><ul><li>IONOS, nos proporciona los servicios de hosting del panel de control de la app. Se puede consultar la pol\u00edtica de privacidad y dem\u00e1s aspectos legales de dicha compa\u00f1\u00eda en su website: ionos.es<\/li><li>AWS Amazon, nos proporciona tambi\u00e9n servicios de hosting para informaci\u00f3n que ser\u00e1 almacenada en la App Pedroso.<\/li><\/ul><h2><span style=\"color: var( --e-global-color-text ); letter-spacing: inherit;\">You can contact through:<\/span><\/h2><ul><li><b>Formulario de contacto y de colaboraci\u00f3n:<\/b> permitiendo al usuario el env\u00edo cifrado de sus datos personales a trav\u00e9s de formularios de contacto de tipo est\u00e1ndar, alojados en los servidores de nuestra web, contratados a nuestro hosting.<\/li><li><b>E-mail:<\/b> A nuestro email a trav\u00e9s de nuestro prestador de servicios de e-mail: info@nattule.com<\/li><\/ul><p>Both in the case of data collection through the contact form or email, the purpose of processing this data will be solely to respond to the query you ask us as a user.<\/p><ul><li><b>Redes sociales:<\/b> Nuestra empresa cuenta con perfil en las principales redes sociales (Facebook, Instagram), reconoci\u00e9ndose en todos los casos responsable del tratamiento de los datos de sus seguidores, fans, suscriptores, comentaristas y otros perfiles de usuarios. El tratamiento que nuestra empresa llevar\u00e1 a cabo con dichos datos ser\u00e1, como m\u00e1ximo, el que la red social permita a los perfiles corporativos.<\/li><\/ul><p>At the time of collecting the data, the voluntary or mandatory nature of the data will be indicated. Acceptance of the privacy policy, through the established procedure of double opt-in in subscribing to the newsletter and clicking on the \u201cSend\u201d button in the contact and collaboration form, previously accepting the privacy policy, will be understood for all purposes such as the provision of express and unequivocal consent (article 6 of the LOPD) of the user to the processing of personal data in the terms set forth in this Privacy Policy, as well as to the international transfer of data that It occurs due to the physical location of the facilities of the service providers and data processors that we mention below. Under no circumstances will this data be assigned, shared, transferred, or sold to any third party.<\/p><p><span style=\"color: var( --e-global-color-text ); letter-spacing: inherit;\">\u00a0<\/span><\/p><h2><span style=\"color: var( --e-global-color-text ); letter-spacing: inherit;\">Security measures implemented<\/span><\/h2><p>Nuestra App tiene implantadas las medidas de seguridad de \u00edndole t\u00e9cnica y organizativas necesarias para garantizar la seguridad de tus datos de car\u00e1cter personal y evitar su alteraci\u00f3n, p\u00e9rdida y tratamiento y\/o acceso no autorizado, habida cuenta del estado de la tecnolog\u00eda, la naturaleza de los datos almacenados y los riesgos a que est\u00e1n expuestos, ya provengan de la acci\u00f3n humana o del medio f\u00edsico o natural. <b>How can you exercise your ARCO Rights: Access, Rectification, Cancellation and Opposition?<\/b> Si has facilitado tus datos a trav\u00e9s de nuestra app, podr\u00e1s dirigirte a nuestra empresa pudiendo ejercitar gratuitamente tus derechos de acceso, rectificaci\u00f3n, cancelaci\u00f3n y oposici\u00f3n respecto de los datos incorporados en nuestros ficheros.<\/p><ul><li>And you can do so by means of written communication with the subject \u201cData protection\u201d, specifying your data, proving your identity and the reasons for your request, sending it to our email or to the postal address indicated above.<\/li><li>If you want to contact us, as a user you must provide your email address, and you can state that you do not wish to receive any type of communication that our company could send, as long as it is not strictly linked to the purpose for which it was requested. the service.<\/li><li>Furthermore, if you have subscribed to the mailing list on our website, we provide you with the appropriate mechanisms to unsubscribe from it if you wish.<\/li><\/ul><p><b>Who is responsible for the file? And those in charge of processing it?<\/b> The person responsible for the data file is our company.<\/p><p><span style=\"color: var( --e-global-color-text ); letter-spacing: inherit;\">\u00a0<\/span><\/p><h2><span style=\"color: var( --e-global-color-text ); letter-spacing: inherit;\">Links<\/span><\/h2><p>Nuestra app puede incluir enlaces a otros sitios que no son operados o controlados por nuestra empresa no garantiz\u00e1ndose, ni haci\u00e9ndose responsable de la licitud, fiabilidad, utilidad, veracidad y actualidad de los contenidos de tales sitios web o de sus pr\u00e1cticas de privacidad. En este sentido, la inclusi\u00f3n de un enlace no implica recomendaci\u00f3n alguna por nuestra parte. Por ello, te recomendamos leer las pol\u00edticas de privacidad que se incluyen en dichos sitios.<\/p><p>Nuestra App en concreto solo tiene links a nuestra web.<\/p><p><span style=\"color: var( --e-global-color-text ); letter-spacing: inherit;\">\u00a0<\/span><\/p><h2><span style=\"color: var( --e-global-color-text ); letter-spacing: inherit;\">Minors<\/span><\/h2><p>Nuestra app no se dirige a los menores de edad, declinando cualquier responsabilidad por el incumplimiento de este requisito.<\/p><p><span style=\"color: var( --e-global-color-text ); letter-spacing: inherit;\">\u00a0<\/span><\/p><h2><span style=\"color: var( --e-global-color-text ); letter-spacing: inherit;\">Anonymous browsing<\/span><\/h2><p>Nuestra empresa s\u00f3lo obtiene, pero no conserva, la siguiente informaci\u00f3n acerca de los visitantes de nuestra App:<\/p><ul><li>The domain name of the provider (PSI) that gives them access to the network. In this way we can compile statistics about countries and servers that often visit our website.<\/li><li>The date and time of access to our website. This allows us to find out the busiest hours, and make the necessary adjustments to avoid saturation problems at peak times.<\/li><li>La direcci\u00f3n de Internet desde la que parti\u00f3 el link que dirige a nuestra app. As\u00ed, podemos conocer la efectividad de los enlaces que apuntan a nuestro servidor.<\/li><li>The number of daily visitors to each section. This allows us to know the most successful areas and increase and improve its content, so that you, as a user, obtain a more satisfactory result.<\/li><\/ul><p>Therefore, the information obtained is completely anonymous and, in no case, can it be associated with a specific and identified user.<\/p><p><span style=\"color: var( --e-global-color-text ); letter-spacing: inherit;\">\u00a0<\/span><\/p><h2><span style=\"color: var( --e-global-color-text ); letter-spacing: inherit;\">Modification of the Privacy Policy<\/span><\/h2><p>Nuestra empresa se reserva el derecho a modificar su Pol\u00edtica de Privacidad, de acuerdo a su propio criterio, o motivado por un cambio legislativo, jurisprudencial o doctrinal en materia de Protecci\u00f3n de Datos. El uso de la App despu\u00e9s de dichos cambios, implicar\u00e1 la aceptaci\u00f3n de los mismos.<\/p><p><i>\u00daltima actualizaci\u00f3n Cookies: 28 de noviembre de 2022<\/i><\/p>\t\t\t\t\t\t\t\t<\/div>\n\t\t\t\t<\/div>\n\t\t\t\t\t<\/div>\n\t\t<\/div>\n\t\t\t\t\t<\/div>\n\t\t<\/section>\n\t\t\t\t<\/div>","protected":false},"excerpt":{"rendered":"<p>Somos Nattum Ecotour, SL, con NIF B23741267, y domicilio en Calle Alicates, 2, 41008, Sevilla (Espa\u00f1a). Somos los desarrolladores de la App Pedroso, que est\u00e1 subida a la Apple Store y Play Store. \u00a0 Nuestra app cumple con la normativa de protecci\u00f3n de datos, es decir, la Ley Org\u00e1nica 15\/1999 de 13 de diciembre de [&hellip;]<\/p>","protected":false},"author":14,"featured_media":0,"parent":0,"menu_order":0,"comment_status":"closed","ping_status":"closed","template":"","meta":{"footnotes":""},"class_list":["post-7367","page","type-page","status-publish","hentry"],"_links":{"self":[{"href":"https:\/\/turismoelpedroso.com\/en\/wp-json\/wp\/v2\/pages\/7367","targetHints":{"allow":["GET"]}}],"collection":[{"href":"https:\/\/turismoelpedroso.com\/en\/wp-json\/wp\/v2\/pages"}],"about":[{"href":"https:\/\/turismoelpedroso.com\/en\/wp-json\/wp\/v2\/types\/page"}],"author":[{"embeddable":true,"href":"https:\/\/turismoelpedroso.com\/en\/wp-json\/wp\/v2\/users\/14"}],"replies":[{"embeddable":true,"href":"https:\/\/turismoelpedroso.com\/en\/wp-json\/wp\/v2\/comments?post=7367"}],"version-history":[{"count":22,"href":"https:\/\/turismoelpedroso.com\/en\/wp-json\/wp\/v2\/pages\/7367\/revisions"}],"predecessor-version":[{"id":8863,"href":"https:\/\/turismoelpedroso.com\/en\/wp-json\/wp\/v2\/pages\/7367\/revisions\/8863"}],"wp:attachment":[{"href":"https:\/\/turismoelpedroso.com\/en\/wp-json\/wp\/v2\/media?parent=7367"}],"curies":[{"name":"wp","href":"https:\/\/api.w.org\/{rel}","templated":true}]}}