{"id":7572,"date":"2023-02-13T08:27:48","date_gmt":"2023-02-13T08:27:48","guid":{"rendered":"https:\/\/turismoelpedroso.com\/?page_id=7572"},"modified":"2023-02-14T13:22:38","modified_gmt":"2023-02-14T13:22:38","slug":"iron-factory-of-el-pedroso","status":"publish","type":"page","link":"https:\/\/turismoelpedroso.com\/en\/iron-factory-of-el-pedroso\/","title":{"rendered":"El Pedroso Iron Factory"},"content":{"rendered":"<div data-elementor-type=\"wp-page\" data-elementor-id=\"7572\" class=\"elementor elementor-7572\" data-elementor-post-type=\"page\">\n\t\t\t\t\t\t<section class=\"elementor-section elementor-top-section elementor-element elementor-element-30b92c3 elementor-section-boxed elementor-section-height-default elementor-section-height-default\" data-id=\"30b92c3\" data-element_type=\"section\" data-settings=\"{&quot;background_background&quot;:&quot;classic&quot;,&quot;shape_divider_top&quot;:&quot;mountains&quot;}\">\n\t\t\t\t\t<div class=\"elementor-shape elementor-shape-top\" aria-hidden=\"true\" data-negative=\"false\">\n\t\t\t<svg xmlns=\"http:\/\/www.w3.org\/2000\/svg\" viewbox=\"0 0 1000 100\" preserveaspectratio=\"none\">\n\t<path class=\"elementor-shape-fill\" opacity=\"0.33\" d=\"M473,67.3c-203.9,88.3-263.1-34-320.3,0C66,119.1,0,59.7,0,59.7V0h1000v59.7 c0,0-62.1,26.1-94.9,29.3c-32.8,3.3-62.8-12.3-75.8-22.1C806,49.6,745.3,8.7,694.9,4.7S492.4,59,473,67.3z\"\/>\n\t<path class=\"elementor-shape-fill\" opacity=\"0.66\" d=\"M734,67.3c-45.5,0-77.2-23.2-129.1-39.1c-28.6-8.7-150.3-10.1-254,39.1 s-91.7-34.4-149.2,0C115.7,118.3,0,39.8,0,39.8V0h1000v36.5c0,0-28.2-18.5-92.1-18.5C810.2,18.1,775.7,67.3,734,67.3z\"\/>\n\t<path class=\"elementor-shape-fill\" d=\"M766.1,28.9c-200-57.5-266,65.5-395.1,19.5C242,1.8,242,5.4,184.8,20.6C128,35.8,132.3,44.9,89.9,52.5C28.6,63.7,0,0,0,0 h1000c0,0-9.9,40.9-83.6,48.1S829.6,47,766.1,28.9z\"\/>\n<\/svg>\t\t<\/div>\n\t\t\t\t\t<div class=\"elementor-container elementor-column-gap-default\">\n\t\t\t\t\t<div class=\"elementor-column elementor-col-100 elementor-top-column elementor-element elementor-element-68adaf1\" data-id=\"68adaf1\" data-element_type=\"column\">\n\t\t\t<div class=\"elementor-widget-wrap elementor-element-populated\">\n\t\t\t\t\t\t<div class=\"elementor-element elementor-element-8d49a82 elementor-widget elementor-widget-spacer\" data-id=\"8d49a82\" data-element_type=\"widget\" data-widget_type=\"spacer.default\">\n\t\t\t\t<div class=\"elementor-widget-container\">\n\t\t\t\t\t\t\t<div class=\"elementor-spacer\">\n\t\t\t<div class=\"elementor-spacer-inner\"><\/div>\n\t\t<\/div>\n\t\t\t\t\t\t<\/div>\n\t\t\t\t<\/div>\n\t\t\t\t<div class=\"elementor-element elementor-element-71e3804 elementor-widget elementor-widget-heading\" data-id=\"71e3804\" data-element_type=\"widget\" data-widget_type=\"heading.default\">\n\t\t\t\t<div class=\"elementor-widget-container\">\n\t\t\t\t\t<h2 class=\"elementor-heading-title elementor-size-default\">El Pedroso Iron Factory<\/h2>\t\t\t\t<\/div>\n\t\t\t\t<\/div>\n\t\t\t\t<div class=\"elementor-element elementor-element-ad58b4c elementor-widget elementor-widget-spacer\" data-id=\"ad58b4c\" data-element_type=\"widget\" data-widget_type=\"spacer.default\">\n\t\t\t\t<div class=\"elementor-widget-container\">\n\t\t\t\t\t\t\t<div class=\"elementor-spacer\">\n\t\t\t<div class=\"elementor-spacer-inner\"><\/div>\n\t\t<\/div>\n\t\t\t\t\t\t<\/div>\n\t\t\t\t<\/div>\n\t\t\t\t\t<\/div>\n\t\t<\/div>\n\t\t\t\t\t<\/div>\n\t\t<\/section>\n\t\t\t\t<section class=\"elementor-section elementor-top-section elementor-element elementor-element-68409a4 elementor-section-boxed elementor-section-height-default elementor-section-height-default\" data-id=\"68409a4\" data-element_type=\"section\">\n\t\t\t\t\t\t<div class=\"elementor-container elementor-column-gap-default\">\n\t\t\t\t\t<div class=\"elementor-column elementor-col-100 elementor-top-column elementor-element elementor-element-ee71880\" data-id=\"ee71880\" data-element_type=\"column\">\n\t\t\t<div class=\"elementor-widget-wrap elementor-element-populated\">\n\t\t\t\t\t\t<div class=\"elementor-element elementor-element-cd6d7e2 elementor-widget elementor-widget-text-editor\" data-id=\"cd6d7e2\" data-element_type=\"widget\" data-widget_type=\"text-editor.default\">\n\t\t\t\t<div class=\"elementor-widget-container\">\n\t\t\t\t\t\t\t\t\t<p>The \u201cEl Pedroso Iron Factory\u201d were the first Industrial Blast Furnaces in Spain.<\/p><p>You can take a guided tour through the Tourist Office (tel 619 92 14 32) where you can see the majestic factory that emerges among the mountains and be able to unravel the secrets it keeps within its walls and understand the reasons that led the company to its bankruptcy.<\/p><p>Without a doubt, it is an activity where you can connect and let yourself be carried away by its nature, simultaneously immersing yourself in the industrial history and mysteries that surround the factory.<\/p><p>We recommend this activity if you have already visited the La Lima Mines or the Escuelas Nuevas Culture Center to close the circle and be an expert in the industrial history of El Pedroso<\/p>\t\t\t\t\t\t\t\t<\/div>\n\t\t\t\t<\/div>\n\t\t\t\t\t<\/div>\n\t\t<\/div>\n\t\t\t\t\t<\/div>\n\t\t<\/section>\n\t\t\t\t<section class=\"elementor-section elementor-top-section elementor-element elementor-element-05828c7 elementor-section-boxed elementor-section-height-default elementor-section-height-default\" data-id=\"05828c7\" data-element_type=\"section\">\n\t\t\t\t\t\t<div class=\"elementor-container elementor-column-gap-default\">\n\t\t\t\t\t<div class=\"elementor-column elementor-col-100 elementor-top-column elementor-element elementor-element-ac469fd\" data-id=\"ac469fd\" data-element_type=\"column\">\n\t\t\t<div class=\"elementor-widget-wrap elementor-element-populated\">\n\t\t\t\t\t\t<div class=\"elementor-element elementor-element-7a7ef01 elementor-widget elementor-widget-heading\" data-id=\"7a7ef01\" data-element_type=\"widget\" data-widget_type=\"heading.default\">\n\t\t\t\t<div class=\"elementor-widget-container\">\n\t\t\t\t\t<h2 class=\"elementor-heading-title elementor-size-default\">The mines of El Pedroso between the Roman Munigua and Felipe II.\n<\/h2>\t\t\t\t<\/div>\n\t\t\t\t<\/div>\n\t\t\t\t<div class=\"elementor-element elementor-element-aec2862 elementor-widget elementor-widget-text-editor\" data-id=\"aec2862\" data-element_type=\"widget\" data-widget_type=\"text-editor.default\">\n\t\t\t\t<div class=\"elementor-widget-container\">\n\t\t\t\t\t\t\t\t\t<p>The phrase that heads this page, by Tom\u00e1s de Guseme (Governor of Lora del Rio in 1757 and one of the promoters of the discovery of Munigua) is part of the first written data on the metallurgical activity carried out by the Roman Munigua, and which includes the report made for the Academia de las Buenas Letras de Sevilla, after one of the first visits to the municipality of Munich.<\/p><p>The two periods of development of this city, which came to hold the title of Municipium Flavium Muniguensis, go from the second half of the 1st century BC to the first half of the 1st century AD. C, dedicated to the exploitation and metallurgy of copper. And a second one, which starts from this date until the first half of the 3rd century, when iron replaced the copper metal.<\/p><p>In copper, they start from the farms of the previous occupants located in the closest area and up to Puerto Cid. This results in a depletion of these deposits, which they replace with the iron deposits, which are further away, but which the iron mineralizations of El Pedroso will more than cover, both in quantity and quality, since the massive mineral dominates in pockets of magnetite and dams of oligistus, with high iron content ranging from 58 to 64%. The most important mines were La Lima, in galleries, and Naval\u00e1zaro in the open pit. <br \/><br \/><\/p><p>Along with the mining and metallurgical activity, Munigua maintained an important agricultural and livestock activity, attested to by the two torcularia (oil press) found in both houses. Likewise, the excavations have provided vestiges of an important livestock farm specialized in pigs and cattle along with a smaller one of goats and sheep. Large and small game still existing in the area is also found in the diet of its inhabitants.<br \/>After this time, and in the Visigoth period, mining activity declines throughout Andalusia and is centered in Ja\u00e9n and R\u00edo Tinto. <br \/><br \/>Some sources from the Muslim era cite the Cerro del Hierro, but recovery will only begin with the Christian conquest and repopulation starting in the 13th century. <br \/>It will be in 1499 when the Royal Settlement on the mines of El Pedroso and Constantina is agreed. Concessions were granted for its exploitation between 1514 and 1539 on the mines of El Pedroso, Constantina, Alan\u00eds, Cazalla, La Puebla de los lnfantes and San Nicol\u00e1s del Puerto.<\/p><p>We will have to wait until Philip II so that, during his reign, an appropriate mining law is promulgated that gave rise to this activity being promoted.<\/p>\t\t\t\t\t\t\t\t<\/div>\n\t\t\t\t<\/div>\n\t\t\t\t<div class=\"elementor-element elementor-element-6b9555e elementor-widget elementor-widget-heading\" data-id=\"6b9555e\" data-element_type=\"widget\" data-widget_type=\"heading.default\">\n\t\t\t\t<div class=\"elementor-widget-container\">\n\t\t\t\t\t<h2 class=\"elementor-heading-title elementor-size-default\">The mining and industrial Pedroso<\/h2>\t\t\t\t<\/div>\n\t\t\t\t<\/div>\n\t\t\t\t\t<\/div>\n\t\t<\/div>\n\t\t\t\t\t<\/div>\n\t\t<\/section>\n\t\t\t\t<section class=\"elementor-section elementor-top-section elementor-element elementor-element-4335db8 elementor-section-boxed elementor-section-height-default elementor-section-height-default\" data-id=\"4335db8\" data-element_type=\"section\">\n\t\t\t\t\t\t<div class=\"elementor-container elementor-column-gap-default\">\n\t\t\t\t\t<div class=\"elementor-column elementor-col-100 elementor-top-column elementor-element elementor-element-fc41101\" data-id=\"fc41101\" data-element_type=\"column\">\n\t\t\t<div class=\"elementor-widget-wrap elementor-element-populated\">\n\t\t\t\t\t\t<div class=\"elementor-element elementor-element-7eaf480 elementor-widget elementor-widget-text-editor\" data-id=\"7eaf480\" data-element_type=\"widget\" data-widget_type=\"text-editor.default\">\n\t\t\t\t<div class=\"elementor-widget-container\">\n\t\t\t\t\t\t\t\t\t<p>By 1829 the mines of Monteagudo, El Fontanal, Ca\u00f1uelo, Rosalino, San Juli\u00e1n and Juanteniente were already active. After continuous losses, the partners of the Iron Mines Company of El Pedroso y Asociados have the wisdom to hire the expert Engineer Mr. Jos\u00e9 Antonio de Elorza, a military man exiled for the support he gave to General Torrijos. There will be innumerable difficulties overcome by the tenacity of the new\u00a0<span style=\"color: var( --e-global-color-text ); letter-spacing: inherit;\">optional director of the El Pedroso Ironworks.<\/span><\/p><p>Despite the isolation and ruggedness of the terrain, he built roads to connect the mines with the factory, which not only overcame the physical obstacles to production, but also provided the surrounding inhabitants with communications that they lacked.<\/p><p>More than five hundred workers, some with their families, came to settle in the place, and more than two thousand families lived from the direct activity generated by this industry, whose prestige led it to be worthy of the Gold Medal of the Industrial Exhibition in 1841. <br \/>In 1844, Elorza was hired by the Trubia factory (Oviedo), but he not only left the El Pedroso irons at the highest level of quality and production, apart from the infrastructure, he marked new ways of working, establishing labor relations in based on contracts and different social services. <br \/>Elorza&#039;s period ended with the peak of Andalusian production, which with the El Pedroso and R\u00edo Verde Factory Factories in Marbella, generated at that time close to 80% of the iron that was produced in Spain, leaving it at full capacity, in both locations, the first charcoal blast furnaces and coal refining and rolling to be built in our country.<\/p><p>Neither the quality of its iron, which was used to make the Isable II Bridge or the bars of the Seville Tobacco Factory... nor that of its elaborations, which range from the moldboards of the plows to large cranes like the one in the Port of Seville or the famous limes of El Pedroso, nor the awards received, will make it possible to save the fall of the companies that tackled this Andalusian industry.<\/p><p>Madrid in 1841, Vienna in 1851 and London in 1873 will recognize these values by granting them glory in their International Exhibitions. But at the same time, the Port of Thames is the shipping point for coke, which reaches the factories in the north of Spain at a lower cost than to the isolated south.<br \/>There are no tariff favors from the government. Charcoal will continue to be our main, expensive and unprofitable fuel.<\/p><p>The railway that could have linked Pe\u00f1arroya to El Pedroso, supplying the smelter with mineral coal, would never be built, and the one that provided a commercial outlet between M\u00e9rida and Seville arrived in 1884. Too late for the El Pedroso Mines and Aggregates Company that closes that same year.<\/p><p>In 1877, a new business attempt arose, creating the Company of Mines and Iron Factories of El Pedroso, but eleven years later this steelmaking period came to an end in our region and consequently in Andalusia.\u00a0<\/p><p>El cierre de la Compa\u00f1\u00eda, arrastr\u00f3 a accionistas y acreedores pese a que la sociedad estaba en manos de personas solventes, pero la visi\u00f3n que ten\u00edan del negocio no fue la acertada, y seg\u00fan la prensa de la \u00e9poca, (Revista Minera 1888) &#8220;no estaban a la altura que t\u00e9cnicamente se les deber\u00eda exigir para su explotaci\u00f3n y rendimiento&#8221;, a lo que se une, seg\u00fan este medio, la descoordinaci\u00f3n entre actuaciones industriales y comerciales. Centrando el fracaso final, en las decisiones equivocadas del Consejo de Administraci\u00f3n. Dimensionaron una f\u00e1brica excesiva, con necesidad de situar en el mercado un gran n\u00famero de productos, cuando se debi\u00f3 mantener una producci\u00f3n menos t\u00e9cnica y sacar al mercado productos m\u00e1s especializados a partir del procedimiento Bessemer, un sistema para fabricar en serie lingotes de acero, de calidad y a bajo coste.<\/p>\t\t\t\t\t\t\t\t<\/div>\n\t\t\t\t<\/div>\n\t\t\t\t\t<\/div>\n\t\t<\/div>\n\t\t\t\t\t<\/div>\n\t\t<\/section>\n\t\t\t\t<\/div>","protected":false},"excerpt":{"rendered":"<p>The \u201cEl Pedroso Iron Factory\u201d were the first Industrial Blast Furnaces in Spain. You can take a guided tour through the Tourist Office (tel 619 92 14 32) where you can see the majestic factory that emerges among the mountains and be able to unravel the secrets it keeps within its walls and understand the [\u2026]<\/p>","protected":false},"author":1,"featured_media":0,"parent":0,"menu_order":0,"comment_status":"closed","ping_status":"closed","template":"elementor_header_footer","meta":{"footnotes":""},"class_list":["post-7572","page","type-page","status-publish","hentry"],"_links":{"self":[{"href":"https:\/\/turismoelpedroso.com\/en\/wp-json\/wp\/v2\/pages\/7572","targetHints":{"allow":["GET"]}}],"collection":[{"href":"https:\/\/turismoelpedroso.com\/en\/wp-json\/wp\/v2\/pages"}],"about":[{"href":"https:\/\/turismoelpedroso.com\/en\/wp-json\/wp\/v2\/types\/page"}],"author":[{"embeddable":true,"href":"https:\/\/turismoelpedroso.com\/en\/wp-json\/wp\/v2\/users\/1"}],"replies":[{"embeddable":true,"href":"https:\/\/turismoelpedroso.com\/en\/wp-json\/wp\/v2\/comments?post=7572"}],"version-history":[{"count":25,"href":"https:\/\/turismoelpedroso.com\/en\/wp-json\/wp\/v2\/pages\/7572\/revisions"}],"predecessor-version":[{"id":7622,"href":"https:\/\/turismoelpedroso.com\/en\/wp-json\/wp\/v2\/pages\/7572\/revisions\/7622"}],"wp:attachment":[{"href":"https:\/\/turismoelpedroso.com\/en\/wp-json\/wp\/v2\/media?parent=7572"}],"curies":[{"name":"wp","href":"https:\/\/api.w.org\/{rel}","templated":true}]}}