{"id":8672,"date":"2023-07-12T11:02:09","date_gmt":"2023-07-12T11:02:09","guid":{"rendered":"https:\/\/turismoelpedroso.com\/?page_id=8672"},"modified":"2023-07-12T13:53:48","modified_gmt":"2023-07-12T13:53:48","slug":"accessibility-statement","status":"publish","type":"page","link":"https:\/\/turismoelpedroso.com\/en\/accessibility-statement\/","title":{"rendered":"Accessibility Statement"},"content":{"rendered":"<ul class=\"wp-block-list\">\n<li>tourismelpedroso.com<\/li>\n\n\n\n<li>July 12, 2023<\/li>\n<\/ul>\n\n\n\n<h3 class=\"wp-block-heading\">Compliance status<\/h3>\n\n\n\n<p>We firmly believe that the Internet should be available and accessible to everyone, and we are committed to providing a website that is accessible to as many people as possible, regardless of their circumstances and abilities.<\/p>\n\n\n\n<p>To achieve this, we aim to adhere as strictly as possible to the World Wide Web Consortium (W3C) Web Content Accessibility Guidelines 2.1 (WCAG 2.1) at level AA. These guidelines explain how to make web content accessible to people with a wide range of disabilities. Adhering to these guidelines helps us ensure that the website is accessible to all people: the blind, people with motor, visual and cognitive impairments, among others.<\/p>\n\n\n\n<p>This website uses various technologies intended to make it as accessible as possible at all times. We use an accessibility interface that allows people with specific disabilities to adjust the website&#039;s UI (user interface) and design it according to their personal needs.<\/p>\n\n\n\n<p>Additionally, the website uses an AI-based application that runs in the background and constantly optimizes its accessibility level. This application corrects the HTML of the website, adapts its functionality and behavior to the screen readers used by blind users and the keyboard functions used by people with motor disabilities.<\/p>\n\n\n\n<p>If you have found any bugs or have ideas to improve it, we will be happy to let you know. You can contact the website operators via the following email<\/p>\n\n\n\n<h3 class=\"wp-block-heading\">Screen reader and keyboard navigation<\/h3>\n\n\n\n<p>Our website applies the ARIA (Accessible Rich Internet Applications) attribute technique, along with various behavioral changes, to ensure that blind users who visit us with screen readers can read, understand and enjoy the functions of the website. As soon as a user with a screen reader enters your website, they are immediately prompted to enter their screen reader profile so they can navigate and use your website effectively. Here&#039;s how our website covers some of the most important requirements for screen readers, along with console screenshots of code examples:<\/p>\n\n\n\n<ol class=\"wp-block-list\">\n<li><strong>Optimization for screen readers<\/strong>- We run a background process that learns website components from top to bottom, ensuring continuous compliance even when the website is updated. In this process, we provide screen readers with meaningful data using the ARIA attribute set. For example, we provide accurate labels for forms; actionable icon descriptions (social media icons, search icons, cart icons, etc.); validation guidance for form inputs; functions of elements such as buttons, menus, modal dialogs (pop-ups) and others. Additionally, the background process scans all images on the website and provides an accurate and meaningful description based on object recognition as an ALT (alternative text) tag for images that are not described. It will also extract the texts that are embedded in the image, using OCR (optical character recognition) technology. To activate screen reader settings at any time, users simply press the Alt+1 keyboard combination. Screen reader users also receive automatic prompts to activate screen reader mode as soon as they enter the website. These settings are supported by all popular screen readers, including JAWS and NVDA.<\/li>\n\n\n\n<li><strong>Keyboard navigation optimization:<\/strong> El proceso en segundo plano tambi\u00e9n ajusta el HTML del sitio web y a\u00f1ade varios comportamientos mediante c\u00f3digo JavaScript para que el sitio web se pueda manejar con el teclado. Esto incluye la posibilidad de navegar por el sitio web con las teclas Tab y May\u00fas+Tab, manejar desplegables con las flechas del teclado, cerrarlos con Esc, activar botones y enlaces con la tecla Intro, navegar entre elementos de radio y casillas de verificaci\u00f3n con las flechas del teclado, y rellenarlos con la barra espaciadora o la tecla Intro.Adem\u00e1s, los usuarios de teclado encontrar\u00e1n men\u00fas de navegaci\u00f3n r\u00e1pida y de omisi\u00f3n de contenido, disponibles en cualquier momento pulsando Alt+1, o como primeros elementos del sitio al navegar con el teclado. El proceso en segundo plano tambi\u00e9n gestiona las ventanas emergentes activadas moviendo el foco del teclado hacia ellas en cuanto aparecen, y no permitiendo que el foco se desv\u00ede fuera de \u00e9l.Los usuarios tambi\u00e9n pueden utilizar atajos como &#8220;M&#8221; (men\u00fas), &#8220;H&#8221; (encabezados), &#8220;F&#8221; (formularios), &#8220;B&#8221; (botones) y &#8220;G&#8221; (gr\u00e1ficos) para saltar a elementos espec\u00edficos.<\/li>\n<\/ol>\n\n\n\n<h3 class=\"wp-block-heading\">Disability profiles on our website<\/h3>\n\n\n\n<ul class=\"wp-block-list\">\n<li><strong>Epilepsy Safe Mode:<\/strong> This profile allows people with epilepsy to use the website safely, eliminating the risk of seizures caused by flashing or flashing animations and risky color combinations.<\/li>\n\n\n\n<li><strong>Visually impaired mode: <\/strong>This mode adjusts the website for the comfort of users with visual impairments such as Vision Deterioration, Tunnel Vision, Cataracts, Glaucoma and others.<\/li>\n\n\n\n<li><strong>Cognitive Disability Mode: <\/strong>This mode offers different assistance options to help users with cognitive disabilities such as dyslexia, autism, CVA and others, focus on the essential elements of the website more easily.<\/li>\n\n\n\n<li><strong>ADHD Friendly Mode:<\/strong> This mode helps users with ADHD and neurodevelopmental disorders read, navigate, and focus on the main elements of the website more easily, while significantly reducing distractions.<\/li>\n\n\n\n<li><strong>Blind Mode: <\/strong>This mode configures the website to be compatible with screen readers such as JAWS, NVDA, VoiceOver, and TalkBack. A screen reader is software for blind users that is installed on computers and smartphones, and websites must be compatible with it.<\/li>\n\n\n\n<li><strong>Keyboard navigation profile (motor disabled): <\/strong>este perfil permite a los discapacitados mot\u00f3ricos utilizar el sitio web con las teclas Tab, May\u00fas+Tab y Intro. Los usuarios tambi\u00e9n pueden utilizar atajos como &#8220;M&#8221; (men\u00fas), &#8220;H&#8221; (encabezados), &#8220;F&#8221; (formularios), &#8220;B&#8221; (botones) y &#8220;G&#8221; (gr\u00e1ficos) para saltar a elementos espec\u00edficos.<\/li>\n<\/ul>\n\n\n\n<h3 class=\"wp-block-heading\">Additional UI, Layout, and Readability Tweaks<\/h3>\n\n\n\n<ol class=\"wp-block-list\">\n<li><strong>Font settings \u2013<\/strong> Users can increase and decrease its size, change its family (type), adjust spacing, alignment, line height, and much more.<\/li>\n\n\n\n<li><strong>Color settings: <\/strong>Users can select various color contrast profiles, such as light, dark, inverted, and monochrome. Additionally, users can change the color schemes of titles, texts and backgrounds, with over 7 different coloring options.<\/li>\n\n\n\n<li><strong>Animations:<\/strong> Epileptic users can stop all running animations with the push of a button. Interface-controlled animations include videos, GIFs, and CSS flashing transitions.<\/li>\n\n\n\n<li><strong>Highlight content:<\/strong> Users can choose to highlight important elements such as links and titles. They can also choose to highlight only focused or mouseover elements.<\/li>\n\n\n\n<li><strong>Audio Mute: <\/strong>Users with hearing devices may experience headaches or other problems due to automatic audio playback. This option allows you to silence the entire website instantly.<\/li>\n\n\n\n<li><strong>Cognitive disorders:<\/strong> We use a search engine linked to Wikipedia and Wiktionary, which allows people with cognitive disorders to decipher meanings of phrases, initials, slang and more.<\/li>\n\n\n\n<li><strong>Additional functions:<\/strong> We offer users the option to change the color and size of the cursor, use a print mode, activate a virtual keyboard, and many other features.<\/li>\n<\/ol>\n\n\n\n<h3 class=\"wp-block-heading\">Browser and assistive technology support<\/h3>\n\n\n\n<p>We aim to support the widest array of browsers and assistive technologies as possible, so our users can choose the best fitting tools for them, with as few limitations as possible. Therefore, we have worked very hard to be able to support all major systems that comprise over 95% of the user market share including Google Chrome, Mozilla Firefox, Apple Safari, Opera and Microsoft Edge, JAWS and NVDA (screen readers), both for Windows and for MAC users.<\/p>\n\n\n\n<h3 class=\"wp-block-heading\">Notes, comments and opinions<\/h3>\n\n\n\n<p>Although we do our best to enable anyone to adapt the website to their needs, there may still be pages or sections that are not fully accessible, are in the process of becoming so, or lack an appropriate technological solution to make them accessible. Still, we are continually improving our accessibility, adding, updating and improving its options and features, and developing and adopting new technologies. All this in order to achieve the optimal level of accessibility, following technological advances. If you need help, please contact:<\/p>\n\n\n\n<ul class=\"wp-block-list\">\n<li><a href=\"mailto:oficinadeturismoelpedroso@gmail.com\">Oficinadeturismoelpedroso@gmail.com<\/a><\/li>\n<\/ul>\n\n\n\n<p><\/p>","protected":false},"excerpt":{"rendered":"<p>Estado de cumplimiento Creemos firmemente que Internet debe estar disponible y ser accesible para todos, y nos comprometemos a ofrecer un sitio web accesible al mayor n\u00famero posible de personas, independientemente de sus circunstancias y capacidades. Para lograrlo, nuestro objetivo es adherirnos lo m\u00e1s estrictamente posible a las Pautas de Accesibilidad al Contenido en la [&hellip;]<\/p>","protected":false},"author":1,"featured_media":0,"parent":0,"menu_order":0,"comment_status":"closed","ping_status":"closed","template":"","meta":{"footnotes":""},"class_list":["post-8672","page","type-page","status-publish","hentry"],"_links":{"self":[{"href":"https:\/\/turismoelpedroso.com\/en\/wp-json\/wp\/v2\/pages\/8672","targetHints":{"allow":["GET"]}}],"collection":[{"href":"https:\/\/turismoelpedroso.com\/en\/wp-json\/wp\/v2\/pages"}],"about":[{"href":"https:\/\/turismoelpedroso.com\/en\/wp-json\/wp\/v2\/types\/page"}],"author":[{"embeddable":true,"href":"https:\/\/turismoelpedroso.com\/en\/wp-json\/wp\/v2\/users\/1"}],"replies":[{"embeddable":true,"href":"https:\/\/turismoelpedroso.com\/en\/wp-json\/wp\/v2\/comments?post=8672"}],"version-history":[{"count":6,"href":"https:\/\/turismoelpedroso.com\/en\/wp-json\/wp\/v2\/pages\/8672\/revisions"}],"predecessor-version":[{"id":8683,"href":"https:\/\/turismoelpedroso.com\/en\/wp-json\/wp\/v2\/pages\/8672\/revisions\/8683"}],"wp:attachment":[{"href":"https:\/\/turismoelpedroso.com\/en\/wp-json\/wp\/v2\/media?parent=8672"}],"curies":[{"name":"wp","href":"https:\/\/api.w.org\/{rel}","templated":true}]}}