{"id":5380,"date":"2022-09-05T19:23:24","date_gmt":"2022-09-05T19:23:24","guid":{"rendered":"https:\/\/turismoelpedroso.com\/?page_id=5380"},"modified":"2022-12-16T13:25:19","modified_gmt":"2022-12-16T13:25:19","slug":"politique-de-confidentialite-et-de-cookies","status":"publish","type":"page","link":"https:\/\/turismoelpedroso.com\/fr\/politique-de-confidentialite-et-de-cookies\/","title":{"rendered":"Politique de confidentialit\u00e9 et de cookies"},"content":{"rendered":"<div data-elementor-type=\"wp-page\" data-elementor-id=\"5380\" class=\"elementor elementor-5380\" data-elementor-post-type=\"page\">\n\t\t\t\t\t\t<section class=\"elementor-section elementor-top-section elementor-element elementor-element-680fd22 elementor-section-boxed elementor-section-height-default elementor-section-height-default\" data-id=\"680fd22\" data-element_type=\"section\">\n\t\t\t\t\t\t<div class=\"elementor-container elementor-column-gap-default\">\n\t\t\t\t\t<div class=\"elementor-column elementor-col-100 elementor-top-column elementor-element elementor-element-7f41e1d\" data-id=\"7f41e1d\" data-element_type=\"column\">\n\t\t\t<div class=\"elementor-widget-wrap elementor-element-populated\">\n\t\t\t\t\t\t<div class=\"elementor-element elementor-element-671355e elementor-widget elementor-widget-text-editor\" data-id=\"671355e\" data-element_type=\"widget\" data-widget_type=\"text-editor.default\">\n\t\t\t\t<div class=\"elementor-widget-container\">\n\t\t\t\t\t\t\t\t\t<div class=\"elementor-element elementor-element-b087318 elementor-widget elementor-widget-text-editor\" data-id=\"b087318\" data-element_type=\"widget\" data-widget_type=\"text-editor.default\">\n<div class=\"elementor-widget-container\"><strong style=\"letter-spacing: inherit;\">Site Web:<\/strong><span style=\"color: var( --e-global-color-text ); letter-spacing: inherit;\">\u00a0https:\/\/turismoelpedroso.com, ci-apr\u00e8s \u00ab<\/span><strong style=\"letter-spacing: inherit;\">notre site Internet<\/strong><span style=\"color: var( --e-global-color-text ); letter-spacing: inherit;\">&quot;\u00a0<\/span><strong style=\"letter-spacing: inherit;\">E-mail:<\/strong><span style=\"color: var( --e-global-color-text ); letter-spacing: inherit;\">\u00a0\u00a0Oficinadeturismoelpedroso@gmail.com, ci-apr\u00e8s \u00ab<\/span><strong style=\"letter-spacing: inherit;\">notre email<\/strong><span style=\"color: var( --e-global-color-text ); letter-spacing: inherit;\">&quot;\u00a0<\/span><strong style=\"letter-spacing: inherit;\">Si\u00e9ge social:<\/strong><span style=\"color: var( --e-global-color-text ); letter-spacing: inherit;\">\u00a0Adresse : Llano de la Estaci\u00f3n, S\/N, 41360 El Pedroso, S\u00e9ville, Espagne Pour naviguer sur notre site Web, vous n&#039;avez besoin de fournir aucun type de donn\u00e9es, notre site Web est conforme \u00e0 la r\u00e9glementation sur la protection des donn\u00e9es, c&#039;est-\u00e0-dire la loi organique 15\/1999 du 13 d\u00e9cembre, Protection des donn\u00e9es personnelles, ses r\u00e8glements d&#039;application et autres r\u00e9glementations en vigueur et applicables \u00e0 tout moment, garantissant l&#039;utilisation et le traitement corrects des donn\u00e9es personnelles de l&#039;utilisateur. Ainsi que le R\u00e8glement G\u00e9n\u00e9ral sur la Protection des Donn\u00e9es qui entre en vigueur le 25 mai 2018. De m\u00eame, notre soci\u00e9t\u00e9 se conforme \u00e0 la loi 34\/2002 du 11 juillet relative aux services de la soci\u00e9t\u00e9 de l&#039;information et du commerce \u00e9lectronique et vous demandera votre consentement au traitement. de votre email \u00e0 des fins commerciales \u00e0 tout moment. Si vous avez besoin de nous contacter, vous pouvez le faire en \u00e9crivant \u00e0 notre email. Nous vous informons que notre site Web et l&#039;entreprise qui le soutient sont conformes \u00e0 la r\u00e9glementation espagnole et europ\u00e9enne en vigueur sur la protection des donn\u00e9es.<\/span><\/div>\n<\/div>\n<div class=\"elementor-element elementor-element-d7cbde5 elementor-widget elementor-widget-text-editor\" data-id=\"d7cbde5\" data-element_type=\"widget\" data-widget_type=\"text-editor.default\">\n<div class=\"elementor-widget-container\">\n<div class=\"elementor-element elementor-element-5903e09 elementor-widget elementor-widget-text-editor\" data-id=\"5903e09\" data-element_type=\"widget\" data-widget_type=\"text-editor.default\">\n<div class=\"elementor-widget-container\">\n<h2>1.- Responsable du traitement des donn\u00e9es personnelles :<\/h2>\nNotre soci\u00e9t\u00e9 est responsable du traitement des donn\u00e9es collect\u00e9es via notre site Internet.\n<h2>2.- Finalit\u00e9 du traitement des donn\u00e9es personnelles :<\/h2>\nPour que vous puissiez naviguer sur notre site Internet, il n\u2019est pas n\u00e9cessaire que vous nous fournissiez des informations. Les cas dans lesquels vous nous communiquez vos donn\u00e9es sont les suivants :\n<ul>\n \t<li>Lorsque vous vous abonnez \u00e0 notre newsletter.<\/li>\n \t<li>Lorsque vous nous \u00e9crivez via le formulaire de contact.<\/li>\n \t<li>Lorsque vous nous envoyez un e-mail.<\/li>\n \t<li>Lorsque vous achetez un de nos services.<\/li>\n \t<li>Lorsque vous \u00eates notre client, fournisseur ou collaborateur.<\/li>\n<\/ul>\nDans chaque cas, vos donn\u00e9es pourront \u00eatre incorpor\u00e9es dans un fichier dont notre soci\u00e9t\u00e9 est responsable de la gestion et du traitement. La s\u00e9curit\u00e9 de vos donn\u00e9es est garantie, puisque nous prenons toutes les mesures de s\u00e9curit\u00e9 n\u00e9cessaires pour cela. Nous utiliserons ces donn\u00e9es uniquement aux fins pour lesquelles vous nous les avez fournies. Concr\u00e8tement, en vous inscrivant \u00e0 notre newsletter, vous recevrez des actualit\u00e9s de notre site Internet, des informations commerciales et\/ou publicitaires sur nos services et des contenus promotionnels li\u00e9s \u00e0 d&#039;autres professionnels que nous consid\u00e9rons comme susceptibles d&#039;\u00eatre int\u00e9ressants. Ne vous inqui\u00e9tez pas, nous ne transf\u00e9rerons pas vos donn\u00e9es \u00e0 des tiers. Les donn\u00e9es personnelles fournies seront conserv\u00e9es tant que la relation commerciale entre les deux parties sera maintenue ou jusqu&#039;\u00e0 ce que vous demandiez leur suppression.\n<h2>3.- L\u00e9gitimation :<\/h2>\nLa l\u00e9gitimit\u00e9 de l\u2019utilisation de vos donn\u00e9es personnelles d\u00e9coule exclusivement de votre consentement libre, sp\u00e9cifique, \u00e9clair\u00e9 et sans \u00e9quivoque. Vous avez le droit de retirer votre consentement \u00e0 tout moment.\n<h2>4.- Destinataires :<\/h2>\nPour le traitement des donn\u00e9es, nous avons fait appel aux prestataires de services externes suivants, qui respectent la r\u00e9glementation en vigueur en mati\u00e8re de protection des donn\u00e9es\u00a0:\n<ul>\n \t<li>IONOS nous fournit des services d&#039;h\u00e9bergement. Vous pouvez consulter la politique de confidentialit\u00e9 et d&#039;autres aspects juridiques de ladite soci\u00e9t\u00e9 sur son site Internet : ionos.es<\/li>\n<\/ul>\n<h2>Vous pouvez contacter via :<\/h2>\n<ul>\n \t<li>Formulaire de contact et de collaboration : permettant \u00e0 l&#039;utilisateur d&#039;envoyer ses donn\u00e9es personnelles crypt\u00e9es via des formulaires de contact standards, h\u00e9berg\u00e9s sur les serveurs de notre site Internet, sous-trait\u00e9s \u00e0 notre h\u00e9bergement.<\/li>\n \t<li>E-mail\u00a0:\u00a0\u00e0 notre courrier \u00e9lectronique via notre fournisseur de services de messagerie.<\/li>\n<\/ul>\nQue ce soit dans le cas de la collecte de donn\u00e9es via le formulaire de contact ou par courrier \u00e9lectronique, la finalit\u00e9 du traitement de ces donn\u00e9es sera uniquement de r\u00e9pondre \u00e0 la question que vous nous posez en tant qu&#039;utilisateur.\n<ul>\n \t<li>R\u00e9seaux sociaux : Notre soci\u00e9t\u00e9 dispose d&#039;un profil sur les principaux r\u00e9seaux sociaux (Facebook, Twitter, Instagram), se reconnaissant dans tous les cas responsable du traitement des donn\u00e9es de ses followers, fans, abonn\u00e9s, commentateurs et autres profils d&#039;utilisateurs. Le traitement que notre soci\u00e9t\u00e9 effectuera avec lesdites donn\u00e9es sera, au maximum, celui que permet le r\u00e9seau social pour les profils d&#039;entreprise.<\/li>\n<\/ul>\nAu moment de la collecte des donn\u00e9es, le caract\u00e8re volontaire ou obligatoire des donn\u00e9es sera indiqu\u00e9. L&#039;acceptation de la politique de confidentialit\u00e9, \u00e0 travers la proc\u00e9dure \u00e9tablie de double opt-in en s&#039;inscrivant \u00e0 la newsletter et en cliquant sur le bouton \u00ab\u00a0Envoyer\u00a0\u00bb dans le formulaire de contact et de collaboration, en acceptant pr\u00e9alablement la politique de confidentialit\u00e9, sera comprise \u00e0 toutes fins telles que la fourniture du consentement expr\u00e8s et sans \u00e9quivoque (article 6 de la LOPD) de l&#039;utilisateur au traitement des donn\u00e9es personnelles dans les termes \u00e9nonc\u00e9s dans la pr\u00e9sente politique de confidentialit\u00e9, ainsi qu&#039;au transfert international de donn\u00e9es qui se produit en raison de la localisation physique de les installations des prestataires de services et des sous-traitants que nous mentionnons ci-dessous. En aucun cas ces donn\u00e9es ne seront c\u00e9d\u00e9es, partag\u00e9es, transf\u00e9r\u00e9es ou vendues \u00e0 des tiers.\n<h2>Mesures de s\u00e9curit\u00e9 mises en \u0153uvre<\/h2>\nNotre site Internet a mis en \u0153uvre les mesures de s\u00e9curit\u00e9 techniques et organisationnelles n\u00e9cessaires pour garantir la s\u00e9curit\u00e9 de vos donn\u00e9es personnelles et emp\u00eacher leur alt\u00e9ration, perte et traitement et\/ou acc\u00e8s non autoris\u00e9s, en tenant compte de l&#039;\u00e9tat de la technologie, de la nature des donn\u00e9es stock\u00e9es et des risques. auxquels ils sont expos\u00e9s, qu&#039;ils proviennent de l&#039;action humaine ou de l&#039;environnement physique ou naturel.\u00a0<b>Comment exercer vos Droits ARCO : Acc\u00e8s, Rectification, Annulation et Opposition ?<\/b>\u00a0Si vous avez fourni vos donn\u00e9es via notre site Web, vous pouvez contacter notre soci\u00e9t\u00e9 et exercer librement vos droits d&#039;acc\u00e8s, de rectification, d&#039;annulation et d&#039;opposition concernant les donn\u00e9es incorpor\u00e9es dans nos fichiers.\n<ul>\n \t<li>Et vous pouvez le faire au moyen d&#039;une communication \u00e9crite avec le sujet \u00ab Protection des donn\u00e9es \u00bb, en pr\u00e9cisant vos donn\u00e9es, en prouvant votre identit\u00e9 et les raisons de votre demande, en l&#039;envoyant \u00e0 notre email ou \u00e0 l&#039;adresse postale indiqu\u00e9e ci-dessus.<\/li>\n \t<li>En caso de querer contactar con nosotros, como usuario debes facilitar tu direcci\u00f3n de e-mail, y podr\u00e1s manifestar que no deseas recibir ning\u00fan tipo de comunicaci\u00f3n que nuestra empresa pudiese enviar, siempre que no est\u00e9 ligada estrictamente a la finalidad para la que se solicit\u00f3 le service.<\/li>\n \t<li>De plus, si vous \u00eates abonn\u00e9 \u00e0 la liste de diffusion sur notre site Internet, nous mettons \u00e0 votre disposition les m\u00e9canismes appropri\u00e9s pour vous en d\u00e9sinscrire si vous le souhaitez.<\/li>\n<\/ul>\n<b>Qui est responsable du dossier et ceux en charge de son traitement ?<\/b>\u00a0Le responsable du fichier de donn\u00e9es est notre soci\u00e9t\u00e9.\n<h2>Liens<\/h2>\nNotre site Web peut inclure des liens vers d&#039;autres sites qui ne sont pas exploit\u00e9s ou contr\u00f4l\u00e9s par notre soci\u00e9t\u00e9, sans garantir ni \u00eatre responsable de la l\u00e9galit\u00e9, de la fiabilit\u00e9, de l&#039;utilit\u00e9, de la v\u00e9racit\u00e9 et de l&#039;actualit\u00e9 du contenu de ces sites Web ou de leurs pratiques en mati\u00e8re de confidentialit\u00e9. En ce sens, l\u2019inclusion d\u2019un lien n\u2019implique aucune recommandation de notre part. Par cons\u00e9quent, nous vous recommandons de lire les politiques de confidentialit\u00e9 incluses dans ces sites.\n<h2>Mineurs<\/h2>\nNotre site Internet ne s&#039;adresse pas aux mineurs, d\u00e9clinant toute responsabilit\u00e9 en cas de non-respect de cette exigence.\n<h2>Navigation anonyme<\/h2>\nNotre soci\u00e9t\u00e9 obtient uniquement, mais ne conserve pas, les informations suivantes sur les visiteurs de notre site Web :\n<ul>\n \t<li>Le nom de domaine du fournisseur (PSI) qui leur donne acc\u00e8s au r\u00e9seau. De cette fa\u00e7on, nous pouvons compiler des statistiques sur les pays et les serveurs qui visitent souvent notre site Web.<\/li>\n \t<li>La date et l&#039;heure d&#039;acc\u00e8s \u00e0 notre site Internet. Cela nous permet de conna\u00eetre les heures les plus charg\u00e9es et de proc\u00e9der aux ajustements n\u00e9cessaires pour \u00e9viter les probl\u00e8mes de saturation aux heures de pointe.<\/li>\n \t<li>L&#039;adresse Internet \u00e0 partir de laquelle provient le lien vers notre site Internet. Ainsi, nous pouvons conna\u00eetre l&#039;efficacit\u00e9 des liens qui pointent vers notre serveur.<\/li>\n \t<li>Le nombre de visiteurs quotidiens dans chaque section. Cela nous permet de conna\u00eetre les domaines les plus performants et d&#039;augmenter et d&#039;am\u00e9liorer son contenu, afin que vous, en tant qu&#039;utilisateur, obteniez un r\u00e9sultat plus satisfaisant.<\/li>\n<\/ul>\nPar cons\u00e9quent, les informations obtenues sont totalement anonymes et ne peuvent en aucun cas \u00eatre associ\u00e9es \u00e0 un utilisateur sp\u00e9cifique et identifi\u00e9.\n<h2>Modification de la politique de confidentialit\u00e9<\/h2>\nNotre soci\u00e9t\u00e9 se r\u00e9serve le droit de modifier sa Politique de Confidentialit\u00e9, selon ses propres crit\u00e8res, ou motiv\u00e9e par un changement l\u00e9gislatif, jurisprudentiel ou doctrinal en mati\u00e8re de Protection des Donn\u00e9es. L&#039;utilisation du Site Internet apr\u00e8s ces modifications impliquera leur acceptation.\n<h2>biscuits<\/h2>\nCe site Web utilise ses propres cookies et ceux de tiers pour am\u00e9liorer la navigation des utilisateurs. Si vous avez acc\u00e9d\u00e9 et continuez votre navigation, vous acceptez l&#039;installation de ces cookies. Si vous ne les acceptez pas, nous vous expliquons ci-dessous ce que vous devez faire pour les d\u00e9sactiver.\u00a0<b>Que sont les cookies ?<\/b>\n<ul>\n \t<li>Les cookies sont des fichiers texte inoffensifs qui sont stock\u00e9s dans votre navigateur lorsque vous visitez presque n&#039;importe quel site Web.<\/li>\n \t<li>L&#039;utilit\u00e9 des cookies est que le site Web est capable de m\u00e9moriser votre visite lorsque vous revenez \u00e0 la navigation sur cette page, facilitant ainsi son utilisation et l&#039;exp\u00e9rience de l&#039;utilisateur, \u00e9tant dans certains cas essentiels au fonctionnement du site Web.<\/li>\n<\/ul>\n<b>Comme ils le font?<\/b>\n<ul>\n \t<li>Stockage des habitudes de navigation de l&#039;utilisateur pour ce site Web sp\u00e9cifique.<\/li>\n \t<li>Par exemple, si vous entrez sur un site Web offrant la possibilit\u00e9 de le lire en deux langues, lorsque vous en choisirez une, un cookie sera install\u00e9 qui m\u00e9morisera cette option afin que vous n&#039;ayez pas \u00e0 la r\u00e9p\u00e9ter \u00e0 chaque fois que vous y acc\u00e9dez.<\/li>\n \t<li>Ne vous inqui\u00e9tez pas, les cookies ne stockent en aucun cas vos informations personnelles, vos contacts, vos donn\u00e9es bancaires ou similaires, ils stockent uniquement des donn\u00e9es techniques, vos pr\u00e9f\u00e9rences personnelles, la personnalisation du contenu, etc.<\/li>\n \t<li>Le serveur Web ne vous associe pas en tant que personne mais \u00e0 votre navigateur Web. En fait, si vous naviguez habituellement avec Internet Explorer et essayez de parcourir le m\u00eame site Web avec Firefox ou Chrome, vous verrez que le site Web ne se rend pas compte que vous \u00eates la m\u00eame personne car il associe en fait le navigateur et non la personne.<\/li>\n<\/ul>\nVotre vie priv\u00e9e est enti\u00e8rement assur\u00e9e.\u00a0<b>Lesquels notre site Web utilise-t-il\u00a0?<\/b>\u00a0Nous pouvons utiliser des cookies temporaires (qui expirent une fois que vous fermez votre navigateur) et des cookies persistants (qui restent sur votre ordinateur jusqu&#039;\u00e0 ce que vous les supprimiez) pour vous offrir une exp\u00e9rience plus personnelle et interactive. Sur notre site Internet, nous utilisons plusieurs types de cookies (techniques, analytiques et sociaux) dans le seul but d&#039;am\u00e9liorer la navigation des utilisateurs et sans collecter de donn\u00e9es personnelles. Tous les cookies, \u00e0 l&#039;exception de certains des n\u00f4tres utilis\u00e9s dans le fonctionnement technique du site et de ceux utilis\u00e9s par le syst\u00e8me de statistiques Google Analytics, sont temporaires et disparaissent \u00e0 la fin de la session. Certaines pages du site Web affichent du contenu int\u00e9gr\u00e9 ou invoqu\u00e9 \u00e0 travers lequel des cookies tiers peuvent \u00eatre install\u00e9s. Lorsque nous incluons ce contenu sur notre site Web, nous garantissons que la seule finalit\u00e9 de ces cookies est technique. Les tiers qui fournissent le contenu peuvent d\u00e9cider de modifier la finalit\u00e9 de ces cookies, c&#039;est pourquoi nous examinons ces pages de temps en temps.\u00a0<b>Dans le cas de ce site Internet, les cookies que nous utilisons sont :<\/b>\n<ul>\n \t<li><b>Cookies techniques :\u00a0<\/b>En plus de nos propres cookies techniques (g\u00e9n\u00e9r\u00e9s par notre page) essentiels au fonctionnement du site Web, qui incluent des cookies persistants et temporaires, nous avons d&#039;autres cookies tiers (g\u00e9n\u00e9r\u00e9s par des services ou fournisseurs externes tels que Facebook, Twitter, Google, etc.) Vous devez savoir que ce site Internet est h\u00e9berg\u00e9 sur la plateforme WordPress, et vous pouvez consulter sa politique en mati\u00e8re de cookies sur : https:\/\/goo.gl\/vzkvgy<\/li>\n \t<li><b>Cookies analytiques\u00a0:\u00a0<\/b>Il s&#039;agit de cookies tiers, notamment ceux install\u00e9s par Google Analytics, g\u00e9r\u00e9s par Google, Inc. Leur fonction est de quantifier le nombre de visiteurs du site Web et d&#039;effectuer une analyse statistique, dans le but de nous faire conna\u00eetre les contenus qui nous int\u00e9ressent. visiteurs les plus nombreux de ce site Web. Ils sont temporaires, ils seront donc supprim\u00e9s lorsque vous quitterez le site. Google Inc. est une soci\u00e9t\u00e9 adh\u00e9rant au Safe Harbor Agreement qui garantit que toutes les donn\u00e9es transf\u00e9r\u00e9es seront trait\u00e9es avec un niveau de protection conforme \u00e0 la r\u00e9glementation europ\u00e9enne. Vous pouvez consulter des informations d\u00e9taill\u00e9es \u00e0 ce sujet sur ce lien : http:\/\/goo.gl\/3fhAoW. Vous pouvez obtenir plus d&#039;informations sur ce lien sur le site de Google : https:\/\/goo.gl\/0lZojJ<\/li>\n \t<li><b>Cookies sociaux\u00a0:\u00a0<\/b>Occasionnellement, notre site Internet peut utiliser des plugins pour faciliter le partage de contenus sur les r\u00e9seaux sociaux (Facebook, Google+, YouTube, Twitter, LinkedIn, Addthis, Sumome, etc.), g\u00e9n\u00e9r\u00e9s uniquement pour les utilisateurs desdits r\u00e9seaux sociaux et utilis\u00e9s pour que les Utilisateurs puissent interagir avec le contenu des diff\u00e9rents r\u00e9seaux sociaux. Les conditions d&#039;utilisation de ces cookies et les informations collect\u00e9es sont r\u00e9gies par la politique de confidentialit\u00e9 de la plateforme sociale correspondante. Son timing et son objectif d\u00e9pendent de chaque r\u00e9seau social.<\/li>\n<\/ul>\n<b>Comment d\u00e9sactiver les cookies ?<\/b>\u00a0Dans tous les cas, vous pouvez d\u00e9sactiver tout cela \u00e0 tout moment depuis votre navigateur. Voici les liens qui expliquent comment proc\u00e9der depuis les navigateurs les plus courants :\n<ul>\n \t<li>Firefox\u00a0: https:\/\/goo.gl\/YCP0Sl<\/li>\n \t<li>Safari\u00a0: https:\/\/goo.gl\/UBdvRY<\/li>\n \t<li>Google Chrome\u00a0: https:\/\/goo.gl\/xyCDPK<\/li>\n \t<li>Internet Explorer\u00a0: http:\/\/goo.gl\/QLa6Ay<\/li>\n \t<li>Op\u00e9ra\u00a0: http:\/\/goo.gl\/zk5XGM<\/li>\n<\/ul>\nPour acc\u00e9der aux param\u00e8tres des cookies du navigateur pour les appareils Android, suivez ces \u00e9tapes (elles peuvent varier en fonction de la version du navigateur)\u00a0:\n<ul>\n \t<li>Lancez le navigateur et appuyez sur la touche \u00ab Menu \u00bb, puis \u00ab Param\u00e8tres \u00bb.<\/li>\n \t<li>Allez dans \u00ab S\u00e9curit\u00e9 et confidentialit\u00e9 \u00bb, vous verrez l\u2019option \u00ab Accepter les cookies \u00bb afin que vous puissiez activer ou d\u00e9sactiver la box.<\/li>\n<\/ul>\nPour acc\u00e9der aux param\u00e8tres des cookies du navigateur pour les appareils Windows Phone, suivez ces \u00e9tapes (elles peuvent varier en fonction de la version du navigateur)\u00a0:\n<ul>\n \t<li>Ouvrez Internet Explorer, puis \u00ab Plus \u00bb, puis \u00ab Param\u00e8tres \u00bb.<\/li>\n \t<li>Vous pouvez maintenant activer ou d\u00e9sactiver la case \u00ab\u00a0Autoriser\u00a0\u00bb.<\/li>\n<\/ul>\nIl existe des outils tiers qui permettent aux utilisateurs de d\u00e9tecter les cookies sur chaque site Web que vous visitez et de g\u00e9rer leur d\u00e9sactivation. Ni ce site Web ni ses repr\u00e9sentants l\u00e9gaux ne sont responsables du contenu ou de la v\u00e9racit\u00e9 des politiques de confidentialit\u00e9 que peuvent avoir les tiers mentionn\u00e9s dans la pr\u00e9sente politique de cookies.\n<ul>\n \t<li>Les navigateurs Web sont les outils charg\u00e9s de stocker les cookies et \u00e0 partir de ces navigateurs, vous devez exercer votre droit de les supprimer ou de les d\u00e9sactiver.<\/li>\n \t<li>Dans certains cas, il est n\u00e9cessaire d&#039;installer des cookies pour que le navigateur n&#039;oublie pas votre d\u00e9cision de ne pas les accepter.<\/li>\n<\/ul>\nL&#039;acceptation de cette politique de cookies implique qu&#039;en tant qu&#039;utilisateur, vous avez \u00e9t\u00e9 clairement inform\u00e9 de l&#039;utilisation des dispositifs de stockage et de r\u00e9cup\u00e9ration de donn\u00e9es (cookies), ainsi que que notre soci\u00e9t\u00e9 a votre consentement pour leur utilisation. Pour toute question ou requ\u00eate concernant cette politique de cookies, \u00e9crivez-nous via le formulaire de contact ou sur notre email et nous vous r\u00e9pondrons dans les plus brefs d\u00e9lais.\u00a0<i>Derni\u00e8re mise \u00e0 jour des Cookies : 18 mai 2022<\/i>\n\n<\/div>\n<\/div>\n<\/div>\n<\/div>\t\t\t\t\t\t\t\t<\/div>\n\t\t\t\t<\/div>\n\t\t\t\t\t<\/div>\n\t\t<\/div>\n\t\t\t\t\t<\/div>\n\t\t<\/section>\n\t\t\t\t<\/div>","protected":false},"excerpt":{"rendered":"<p>Site Internet : https:\/\/turismoelpedroso.com, ci-apr\u00e8s \u00ab notre site Internet \u00bb Email : Oficinadeturismoelpedroso@gmail.com, ci-apr\u00e8s \u00ab notre email \u00bb Si\u00e8ge social : Adresse : Llano de la Estaci\u00f3n, S\/N, 41360 El Pedroso, S\u00e9ville , Espagne \u00c0 parcourez notre site Web, vous n&#039;avez pas besoin de fournir aucun type de donn\u00e9es, notre site Web est conforme \u00e0 la r\u00e9glementation en mati\u00e8re de protection des donn\u00e9es, c&#039;est-\u00e0-dire la loi organique 15\/1999 du 13 d\u00e9cembre sur la protection [\u2026]<\/p>","protected":false},"author":1,"featured_media":0,"parent":0,"menu_order":0,"comment_status":"closed","ping_status":"closed","template":"","meta":{"footnotes":""},"class_list":["post-5380","page","type-page","status-publish","hentry"],"_links":{"self":[{"href":"https:\/\/turismoelpedroso.com\/fr\/wp-json\/wp\/v2\/pages\/5380","targetHints":{"allow":["GET"]}}],"collection":[{"href":"https:\/\/turismoelpedroso.com\/fr\/wp-json\/wp\/v2\/pages"}],"about":[{"href":"https:\/\/turismoelpedroso.com\/fr\/wp-json\/wp\/v2\/types\/page"}],"author":[{"embeddable":true,"href":"https:\/\/turismoelpedroso.com\/fr\/wp-json\/wp\/v2\/users\/1"}],"replies":[{"embeddable":true,"href":"https:\/\/turismoelpedroso.com\/fr\/wp-json\/wp\/v2\/comments?post=5380"}],"version-history":[{"count":7,"href":"https:\/\/turismoelpedroso.com\/fr\/wp-json\/wp\/v2\/pages\/5380\/revisions"}],"predecessor-version":[{"id":6180,"href":"https:\/\/turismoelpedroso.com\/fr\/wp-json\/wp\/v2\/pages\/5380\/revisions\/6180"}],"wp:attachment":[{"href":"https:\/\/turismoelpedroso.com\/fr\/wp-json\/wp\/v2\/media?parent=5380"}],"curies":[{"name":"wp","href":"https:\/\/api.w.org\/{rel}","templated":true}]}}