{"id":7367,"date":"2022-12-16T14:21:45","date_gmt":"2022-12-16T14:21:45","guid":{"rendered":"https:\/\/turismoelpedroso.com\/?page_id=7367"},"modified":"2025-04-24T18:24:45","modified_gmt":"2025-04-24T18:24:45","slug":"politique-de-confidentialite-application-el-pedroso","status":"publish","type":"page","link":"https:\/\/turismoelpedroso.com\/fr\/politique-de-confidentialite-application-el-pedroso\/","title":{"rendered":"Politique de confidentialit\u00e9 Application El Pedroso"},"content":{"rendered":"<div data-elementor-type=\"wp-page\" data-elementor-id=\"7367\" class=\"elementor elementor-7367\" data-elementor-post-type=\"page\">\n\t\t\t\t\t\t<section class=\"elementor-section elementor-top-section elementor-element elementor-element-169575a elementor-section-boxed elementor-section-height-default elementor-section-height-default\" data-id=\"169575a\" data-element_type=\"section\">\n\t\t\t\t\t\t<div class=\"elementor-container elementor-column-gap-default\">\n\t\t\t\t\t<div class=\"elementor-column elementor-col-100 elementor-top-column elementor-element elementor-element-555a13c\" data-id=\"555a13c\" data-element_type=\"column\">\n\t\t\t<div class=\"elementor-widget-wrap elementor-element-populated\">\n\t\t\t\t\t\t<div class=\"elementor-element elementor-element-85832b8 elementor-widget elementor-widget-text-editor\" data-id=\"85832b8\" data-element_type=\"widget\" data-widget_type=\"text-editor.default\">\n\t\t\t\t<div class=\"elementor-widget-container\">\n\t\t\t\t\t\t\t\t\t<p>Nous sommes <u>Nattum Ecotour, SL, avec NIF B23741267, et adresse Calle Alicates, 2, 41008, S\u00e9ville (Espagne). Nous sommes les d\u00e9veloppeurs de l&#039;application Pedroso<\/u>, qui est t\u00e9l\u00e9charg\u00e9 sur l&#039;Apple Store et le Play Store.<\/p><p><span style=\"color: var( --e-global-color-text ); letter-spacing: inherit;\">\u00a0<\/span><\/p><p><span style=\"color: var( --e-global-color-text ); letter-spacing: inherit;\">Notre application est conforme \u00e0 la r\u00e9glementation en mati\u00e8re de protection des donn\u00e9es, c&#039;est-\u00e0-dire \u00e0 la loi organique 15\/1999 du 13 d\u00e9cembre sur la protection des donn\u00e9es personnelles, \u00e0 son r\u00e8glement d&#039;application et aux autres r\u00e9glementations en vigueur et applicables \u00e0 tout moment, garantissant une utilisation et un traitement corrects des donn\u00e9es de l&#039;utilisateur. donn\u00e9es personnelles. Ainsi que le R\u00e8glement G\u00e9n\u00e9ral sur la Protection des Donn\u00e9es qui entre en vigueur le 25 mai 2018. De m\u00eame, notre soci\u00e9t\u00e9 se conforme \u00e0 la loi 34\/2002 du 11 juillet relative aux services de la soci\u00e9t\u00e9 de l&#039;information et du commerce \u00e9lectronique et vous demandera votre consentement au traitement. de votre email \u00e0 des fins commerciales \u00e0 tout moment. Si vous avez besoin de nous contacter, vous pouvez le faire en \u00e9crivant \u00e0 notre email info@nattule.com. Nous vous informons que notre application qui la prend en charge est conforme aux r\u00e9glementations espagnoles et europ\u00e9ennes en vigueur sur la protection des donn\u00e9es.<\/span><\/p><p><span style=\"color: var( --e-global-color-text ); letter-spacing: inherit;\">\u00a0<\/span><\/p><p>Nous traitons les donn\u00e9es personnelles et sensibles des utilisateurs en toute s\u00e9curit\u00e9 et les transmettons \u00e0 l&#039;aide d&#039;un syst\u00e8me de cryptage, tel que le protocole HTTPS.<\/p><p>Bien entendu, nous ne vendons pas de donn\u00e9es personnelles ou sensibles des utilisateurs.<\/p><p><span style=\"color: var( --e-global-color-text ); letter-spacing: inherit;\">\u00a0<\/span><\/p><h2><span style=\"color: var( --e-global-color-text ); letter-spacing: inherit;\">Responsable du traitement des donn\u00e9es personnelles :<\/span><\/h2><p>La soci\u00e9t\u00e9 qui a d\u00e9velopp\u00e9 l&#039;application (Nattum Ecotour, SL, avec contact info@nattule.com), est responsable du traitement des donn\u00e9es collect\u00e9es via notre site Web et dans notre application Pedroso.<\/p><p><span style=\"color: var( --e-global-color-text ); letter-spacing: inherit;\">\u00a0<\/span><\/p><h2><span style=\"color: var( --e-global-color-text ); letter-spacing: inherit;\">Finalit\u00e9 du traitement des donn\u00e9es des utilisateurs :<\/span><\/h2><p>Pour que vous puissiez parcourir notre application, il n\u2019est pas n\u00e9cessaire que vous nous fournissiez des informations. Les cas dans lesquels vous nous communiquez vos donn\u00e9es sont les suivants :<\/p><ul><li>Lorsque vous vous inscrivez dans notre application pour conna\u00eetre vos pr\u00e9f\u00e9rences de voyage.<\/li><li>Lorsque vous personnalisez votre itin\u00e9raire pour vous guider sur votre itin\u00e9raire en fonction de vos centres d&#039;int\u00e9r\u00eat.<\/li><li>Lorsque vous utilisez la g\u00e9olocalisation de l&#039;Application, nous vous demandons la permission de conna\u00eetre votre position et de pouvoir vous offrir le meilleur service.<\/li><li>Lorsque vous scannez le nattucode, nous vous demandons d&#039;acc\u00e9der \u00e0 votre cam\u00e9ra.<\/li><\/ul><p>Dans chaque cas, vos donn\u00e9es pourront \u00eatre int\u00e9gr\u00e9es dans un fichier dont notre soci\u00e9t\u00e9 est responsable de la gestion et du traitement. La s\u00e9curit\u00e9 de vos donn\u00e9es est garantie, puisque nous prenons toutes les mesures de s\u00e9curit\u00e9 n\u00e9cessaires pour cela. Nous utiliserons ces donn\u00e9es uniquement aux fins pour lesquelles vous nous les avez fournies. Plus pr\u00e9cis\u00e9ment, lorsque vous utilisez ce qui pr\u00e9c\u00e8de, vous recevrez des informations connexes que nous consid\u00e9rons comme pouvant \u00eatre int\u00e9ressantes. Ne vous inqui\u00e9tez pas, nous ne transf\u00e9rerons pas vos donn\u00e9es \u00e0 des tiers. Les donn\u00e9es personnelles fournies seront conserv\u00e9es tant que la relation commerciale entre les deux parties sera maintenue ou jusqu&#039;\u00e0 ce que vous demandiez leur suppression.<\/p><p><span style=\"color: var( --e-global-color-text ); letter-spacing: inherit;\">\u00a0<\/span><\/p><h2><span style=\"color: var( --e-global-color-text ); letter-spacing: inherit;\">L\u00e9gitimation:<\/span><\/h2><p>La l\u00e9gitimit\u00e9 de l\u2019utilisation de vos donn\u00e9es personnelles d\u00e9coule exclusivement de votre consentement libre, sp\u00e9cifique, \u00e9clair\u00e9 et sans \u00e9quivoque. Vous avez le droit de retirer votre consentement \u00e0 tout moment.<\/p><p><span style=\"color: var( --e-global-color-text ); letter-spacing: inherit;\">\u00a0<\/span><\/p><h2><span style=\"color: var( --e-global-color-text ); letter-spacing: inherit;\">Destinataires\u00a0:<\/span><\/h2><p>Pour le traitement des donn\u00e9es, nous avons fait appel aux prestataires de services externes suivants, qui respectent la r\u00e9glementation en vigueur en mati\u00e8re de protection des donn\u00e9es\u00a0:<\/p><ul><li>IONOS nous fournit des services d&#039;h\u00e9bergement pour le panneau de contr\u00f4le de l&#039;application. Vous pouvez consulter la politique de confidentialit\u00e9 et d&#039;autres aspects juridiques de ladite soci\u00e9t\u00e9 sur son site Internet : ionos.es<\/li><li>AWS Amazon nous fournit \u00e9galement des services d&#039;h\u00e9bergement pour les informations qui seront stock\u00e9es dans l&#039;application Pedroso.<\/li><\/ul><h2><span style=\"color: var( --e-global-color-text ); letter-spacing: inherit;\">Vous pouvez contacter via :<\/span><\/h2><ul><li><b>Formulaire de contact et de collaboration :<\/b> permettant \u00e0 l&#039;utilisateur d&#039;envoyer ses donn\u00e9es personnelles crypt\u00e9es via des formulaires de contact standards, h\u00e9berg\u00e9s sur les serveurs de notre site Web, sous-trait\u00e9s \u00e0 notre h\u00e9bergement.<\/li><li><b>E-mail:<\/b> \u00c0 notre email via notre fournisseur de service de messagerie: info@nattule.com<\/li><\/ul><p>Que ce soit dans le cas de la collecte de donn\u00e9es via le formulaire de contact ou par courrier \u00e9lectronique, la finalit\u00e9 du traitement de ces donn\u00e9es sera uniquement de r\u00e9pondre \u00e0 la question que vous nous posez en tant qu&#039;utilisateur.<\/p><ul><li><b>R\u00e9seaux sociaux:<\/b> Notre soci\u00e9t\u00e9 dispose d&#039;un profil sur les principaux r\u00e9seaux sociaux (Facebook, Instagram), se reconnaissant dans tous les cas comme responsable du traitement des donn\u00e9es de ses followers, fans, abonn\u00e9s, commentateurs et autres profils d&#039;utilisateurs. Le traitement que notre soci\u00e9t\u00e9 effectuera avec lesdites donn\u00e9es sera, au maximum, celui que permet le r\u00e9seau social pour les profils d&#039;entreprise.<\/li><\/ul><p>Au moment de la collecte des donn\u00e9es, le caract\u00e8re volontaire ou obligatoire des donn\u00e9es sera indiqu\u00e9. L&#039;acceptation de la politique de confidentialit\u00e9, \u00e0 travers la proc\u00e9dure \u00e9tablie de double opt-in en s&#039;inscrivant \u00e0 la newsletter et en cliquant sur le bouton \u00ab\u00a0Envoyer\u00a0\u00bb dans le formulaire de contact et de collaboration, en acceptant pr\u00e9alablement la politique de confidentialit\u00e9, sera comprise \u00e0 toutes fins telles que la fourniture du consentement expr\u00e8s et sans \u00e9quivoque (article 6 de la LOPD) de l&#039;utilisateur au traitement des donn\u00e9es personnelles dans les termes \u00e9nonc\u00e9s dans la pr\u00e9sente politique de confidentialit\u00e9, ainsi qu&#039;au transfert international de donn\u00e9es qui se produit en raison de la localisation physique de les installations des prestataires de services et des sous-traitants que nous mentionnons ci-dessous. En aucun cas ces donn\u00e9es ne seront c\u00e9d\u00e9es, partag\u00e9es, transf\u00e9r\u00e9es ou vendues \u00e0 des tiers.<\/p><p><span style=\"color: var( --e-global-color-text ); letter-spacing: inherit;\">\u00a0<\/span><\/p><h2><span style=\"color: var( --e-global-color-text ); letter-spacing: inherit;\">Mesures de s\u00e9curit\u00e9 mises en \u0153uvre<\/span><\/h2><p>Notre Application a mis en \u0153uvre les mesures de s\u00e9curit\u00e9 techniques et organisationnelles n\u00e9cessaires pour garantir la s\u00e9curit\u00e9 de vos donn\u00e9es personnelles et emp\u00eacher leur alt\u00e9ration, perte et traitement et\/ou acc\u00e8s non autoris\u00e9s, en tenant compte de l&#039;\u00e9tat de la technologie, de la nature des donn\u00e9es stock\u00e9es et des risques. auxquels ils sont expos\u00e9s, qu&#039;ils proviennent de l&#039;action humaine ou de l&#039;environnement physique ou naturel. <b>Comment exercer vos Droits ARCO : Acc\u00e8s, Rectification, Annulation et Opposition ?<\/b> Si vous avez fourni vos donn\u00e9es via notre application, vous pouvez contacter notre soci\u00e9t\u00e9 et exercer librement vos droits d&#039;acc\u00e8s, de rectification, d&#039;annulation et d&#039;opposition concernant les donn\u00e9es incorpor\u00e9es dans nos fichiers.<\/p><ul><li>Et vous pouvez le faire au moyen d&#039;une communication \u00e9crite avec le sujet \u00ab Protection des donn\u00e9es \u00bb, en pr\u00e9cisant vos donn\u00e9es, en prouvant votre identit\u00e9 et les raisons de votre demande, en l&#039;envoyant \u00e0 notre email ou \u00e0 l&#039;adresse postale indiqu\u00e9e ci-dessus.<\/li><li>En caso de querer contactar con nosotros, como usuario debes facilitar tu direcci\u00f3n de e-mail, y podr\u00e1s manifestar que no deseas recibir ning\u00fan tipo de comunicaci\u00f3n que nuestra empresa pudiese enviar, siempre que no est\u00e9 ligada estrictamente a la finalidad para la que se solicit\u00f3 le service.<\/li><li>De plus, si vous \u00eates abonn\u00e9 \u00e0 la liste de diffusion sur notre site Internet, nous mettons \u00e0 votre disposition les m\u00e9canismes appropri\u00e9s pour vous en d\u00e9sinscrire si vous le souhaitez.<\/li><\/ul><p><b>Qui est responsable du dossier et ceux en charge de son traitement ?<\/b> Le responsable du fichier de donn\u00e9es est notre soci\u00e9t\u00e9.<\/p><p><span style=\"color: var( --e-global-color-text ); letter-spacing: inherit;\">\u00a0<\/span><\/p><h2><span style=\"color: var( --e-global-color-text ); letter-spacing: inherit;\">Liens<\/span><\/h2><p>Notre application peut inclure des liens vers d&#039;autres sites qui ne sont pas exploit\u00e9s ou contr\u00f4l\u00e9s par notre soci\u00e9t\u00e9, sans garantir ni \u00eatre responsable de la l\u00e9galit\u00e9, de la fiabilit\u00e9, de l&#039;utilit\u00e9, de la v\u00e9racit\u00e9 et de l&#039;actualit\u00e9 du contenu de ces sites Web ou de leurs pratiques en mati\u00e8re de confidentialit\u00e9. En ce sens, l\u2019inclusion d\u2019un lien n\u2019implique aucune recommandation de notre part. Par cons\u00e9quent, nous vous recommandons de lire les politiques de confidentialit\u00e9 incluses dans ces sites.<\/p><p>Notre application ne contient sp\u00e9cifiquement que des liens vers notre site Web.<\/p><p><span style=\"color: var( --e-global-color-text ); letter-spacing: inherit;\">\u00a0<\/span><\/p><h2><span style=\"color: var( --e-global-color-text ); letter-spacing: inherit;\">Mineurs<\/span><\/h2><p>Notre application ne s&#039;adresse pas aux mineurs, d\u00e9clinant toute responsabilit\u00e9 en cas de non-respect de cette exigence.<\/p><p><span style=\"color: var( --e-global-color-text ); letter-spacing: inherit;\">\u00a0<\/span><\/p><h2><span style=\"color: var( --e-global-color-text ); letter-spacing: inherit;\">Navigation anonyme<\/span><\/h2><p>Notre soci\u00e9t\u00e9 obtient uniquement, mais ne conserve pas, les informations suivantes sur les visiteurs de notre application\u00a0:<\/p><ul><li>Le nom de domaine du fournisseur (PSI) qui leur donne acc\u00e8s au r\u00e9seau. De cette fa\u00e7on, nous pouvons compiler des statistiques sur les pays et les serveurs qui visitent souvent notre site Web.<\/li><li>La date et l&#039;heure d&#039;acc\u00e8s \u00e0 notre site Internet. Cela nous permet de conna\u00eetre les heures les plus charg\u00e9es et de proc\u00e9der aux ajustements n\u00e9cessaires pour \u00e9viter les probl\u00e8mes de saturation aux heures de pointe.<\/li><li>L&#039;adresse Internet \u00e0 partir de laquelle provient le lien qui dirige vers notre application. Ainsi, nous pouvons conna\u00eetre l&#039;efficacit\u00e9 des liens qui pointent vers notre serveur.<\/li><li>Le nombre de visiteurs quotidiens dans chaque section. Cela nous permet de conna\u00eetre les domaines les plus performants et d&#039;augmenter et d&#039;am\u00e9liorer son contenu, afin que vous, en tant qu&#039;utilisateur, obteniez un r\u00e9sultat plus satisfaisant.<\/li><\/ul><p>Par cons\u00e9quent, les informations obtenues sont totalement anonymes et ne peuvent en aucun cas \u00eatre associ\u00e9es \u00e0 un utilisateur sp\u00e9cifique et identifi\u00e9.<\/p><p><span style=\"color: var( --e-global-color-text ); letter-spacing: inherit;\">\u00a0<\/span><\/p><h2><span style=\"color: var( --e-global-color-text ); letter-spacing: inherit;\">Modification de la politique de confidentialit\u00e9<\/span><\/h2><p>Notre soci\u00e9t\u00e9 se r\u00e9serve le droit de modifier sa Politique de Confidentialit\u00e9, selon ses propres crit\u00e8res, ou motiv\u00e9e par un changement l\u00e9gislatif, jurisprudentiel ou doctrinal en mati\u00e8re de Protection des Donn\u00e9es. L&#039;utilisation de l&#039;Application apr\u00e8s ces modifications impliquera leur acceptation.<\/p><p><i>Derni\u00e8re mise \u00e0 jour des cookies : 28 novembre 2022<\/i><\/p>\t\t\t\t\t\t\t\t<\/div>\n\t\t\t\t<\/div>\n\t\t\t\t\t<\/div>\n\t\t<\/div>\n\t\t\t\t\t<\/div>\n\t\t<\/section>\n\t\t\t\t<\/div>","protected":false},"excerpt":{"rendered":"<p>Somos Nattum Ecotour, SL, con NIF B23741267, y domicilio en Calle Alicates, 2, 41008, Sevilla (Espa\u00f1a). Somos los desarrolladores de la App Pedroso, que est\u00e1 subida a la Apple Store y Play Store. \u00a0 Nuestra app cumple con la normativa de protecci\u00f3n de datos, es decir, la Ley Org\u00e1nica 15\/1999 de 13 de diciembre de [&hellip;]<\/p>","protected":false},"author":14,"featured_media":0,"parent":0,"menu_order":0,"comment_status":"closed","ping_status":"closed","template":"","meta":{"footnotes":""},"class_list":["post-7367","page","type-page","status-publish","hentry"],"_links":{"self":[{"href":"https:\/\/turismoelpedroso.com\/fr\/wp-json\/wp\/v2\/pages\/7367","targetHints":{"allow":["GET"]}}],"collection":[{"href":"https:\/\/turismoelpedroso.com\/fr\/wp-json\/wp\/v2\/pages"}],"about":[{"href":"https:\/\/turismoelpedroso.com\/fr\/wp-json\/wp\/v2\/types\/page"}],"author":[{"embeddable":true,"href":"https:\/\/turismoelpedroso.com\/fr\/wp-json\/wp\/v2\/users\/14"}],"replies":[{"embeddable":true,"href":"https:\/\/turismoelpedroso.com\/fr\/wp-json\/wp\/v2\/comments?post=7367"}],"version-history":[{"count":22,"href":"https:\/\/turismoelpedroso.com\/fr\/wp-json\/wp\/v2\/pages\/7367\/revisions"}],"predecessor-version":[{"id":8863,"href":"https:\/\/turismoelpedroso.com\/fr\/wp-json\/wp\/v2\/pages\/7367\/revisions\/8863"}],"wp:attachment":[{"href":"https:\/\/turismoelpedroso.com\/fr\/wp-json\/wp\/v2\/media?parent=7367"}],"curies":[{"name":"wp","href":"https:\/\/api.w.org\/{rel}","templated":true}]}}