{"id":7572,"date":"2023-02-13T08:27:48","date_gmt":"2023-02-13T08:27:48","guid":{"rendered":"https:\/\/turismoelpedroso.com\/?page_id=7572"},"modified":"2023-02-14T13:22:38","modified_gmt":"2023-02-14T13:22:38","slug":"usine-de-fer-del-pedroso","status":"publish","type":"page","link":"https:\/\/turismoelpedroso.com\/fr\/usine-de-fer-del-pedroso\/","title":{"rendered":"Usine sid\u00e9rurgique El Pedroso"},"content":{"rendered":"<div data-elementor-type=\"wp-page\" data-elementor-id=\"7572\" class=\"elementor elementor-7572\" data-elementor-post-type=\"page\">\n\t\t\t\t\t\t<section class=\"elementor-section elementor-top-section elementor-element elementor-element-30b92c3 elementor-section-boxed elementor-section-height-default elementor-section-height-default\" data-id=\"30b92c3\" data-element_type=\"section\" data-settings=\"{&quot;background_background&quot;:&quot;classic&quot;,&quot;shape_divider_top&quot;:&quot;mountains&quot;}\">\n\t\t\t\t\t<div class=\"elementor-shape elementor-shape-top\" aria-hidden=\"true\" data-negative=\"false\">\n\t\t\t<svg xmlns=\"http:\/\/www.w3.org\/2000\/svg\" viewbox=\"0 0 1000 100\" preserveaspectratio=\"none\">\n\t<path class=\"elementor-shape-fill\" opacity=\"0.33\" d=\"M473,67.3c-203.9,88.3-263.1-34-320.3,0C66,119.1,0,59.7,0,59.7V0h1000v59.7 c0,0-62.1,26.1-94.9,29.3c-32.8,3.3-62.8-12.3-75.8-22.1C806,49.6,745.3,8.7,694.9,4.7S492.4,59,473,67.3z\"\/>\n\t<path class=\"elementor-shape-fill\" opacity=\"0.66\" d=\"M734,67.3c-45.5,0-77.2-23.2-129.1-39.1c-28.6-8.7-150.3-10.1-254,39.1 s-91.7-34.4-149.2,0C115.7,118.3,0,39.8,0,39.8V0h1000v36.5c0,0-28.2-18.5-92.1-18.5C810.2,18.1,775.7,67.3,734,67.3z\"\/>\n\t<path class=\"elementor-shape-fill\" d=\"M766.1,28.9c-200-57.5-266,65.5-395.1,19.5C242,1.8,242,5.4,184.8,20.6C128,35.8,132.3,44.9,89.9,52.5C28.6,63.7,0,0,0,0 h1000c0,0-9.9,40.9-83.6,48.1S829.6,47,766.1,28.9z\"\/>\n<\/svg>\t\t<\/div>\n\t\t\t\t\t<div class=\"elementor-container elementor-column-gap-default\">\n\t\t\t\t\t<div class=\"elementor-column elementor-col-100 elementor-top-column elementor-element elementor-element-68adaf1\" data-id=\"68adaf1\" data-element_type=\"column\">\n\t\t\t<div class=\"elementor-widget-wrap elementor-element-populated\">\n\t\t\t\t\t\t<div class=\"elementor-element elementor-element-8d49a82 elementor-widget elementor-widget-spacer\" data-id=\"8d49a82\" data-element_type=\"widget\" data-widget_type=\"spacer.default\">\n\t\t\t\t<div class=\"elementor-widget-container\">\n\t\t\t\t\t\t\t<div class=\"elementor-spacer\">\n\t\t\t<div class=\"elementor-spacer-inner\"><\/div>\n\t\t<\/div>\n\t\t\t\t\t\t<\/div>\n\t\t\t\t<\/div>\n\t\t\t\t<div class=\"elementor-element elementor-element-71e3804 elementor-widget elementor-widget-heading\" data-id=\"71e3804\" data-element_type=\"widget\" data-widget_type=\"heading.default\">\n\t\t\t\t<div class=\"elementor-widget-container\">\n\t\t\t\t\t<h2 class=\"elementor-heading-title elementor-size-default\">Usine sid\u00e9rurgique El Pedroso<\/h2>\t\t\t\t<\/div>\n\t\t\t\t<\/div>\n\t\t\t\t<div class=\"elementor-element elementor-element-ad58b4c elementor-widget elementor-widget-spacer\" data-id=\"ad58b4c\" data-element_type=\"widget\" data-widget_type=\"spacer.default\">\n\t\t\t\t<div class=\"elementor-widget-container\">\n\t\t\t\t\t\t\t<div class=\"elementor-spacer\">\n\t\t\t<div class=\"elementor-spacer-inner\"><\/div>\n\t\t<\/div>\n\t\t\t\t\t\t<\/div>\n\t\t\t\t<\/div>\n\t\t\t\t\t<\/div>\n\t\t<\/div>\n\t\t\t\t\t<\/div>\n\t\t<\/section>\n\t\t\t\t<section class=\"elementor-section elementor-top-section elementor-element elementor-element-68409a4 elementor-section-boxed elementor-section-height-default elementor-section-height-default\" data-id=\"68409a4\" data-element_type=\"section\">\n\t\t\t\t\t\t<div class=\"elementor-container elementor-column-gap-default\">\n\t\t\t\t\t<div class=\"elementor-column elementor-col-100 elementor-top-column elementor-element elementor-element-ee71880\" data-id=\"ee71880\" data-element_type=\"column\">\n\t\t\t<div class=\"elementor-widget-wrap elementor-element-populated\">\n\t\t\t\t\t\t<div class=\"elementor-element elementor-element-cd6d7e2 elementor-widget elementor-widget-text-editor\" data-id=\"cd6d7e2\" data-element_type=\"widget\" data-widget_type=\"text-editor.default\">\n\t\t\t\t<div class=\"elementor-widget-container\">\n\t\t\t\t\t\t\t\t\t<p>Les \u00ab Usines Ferroviaires El Pedroso \u00bb furent les premiers hauts fourneaux industriels d&#039;Espagne.<\/p><p>Vous pouvez faire une visite guid\u00e9e par l&#039;Office de Tourisme (t\u00e9l. 619 92 14 32) o\u00f9 vous pourrez voir la majestueuse usine qui \u00e9merge au milieu des montagnes et pouvoir percer les secrets qu&#039;elle garde entre ses murs et comprendre les raisons qui ont conduit l&#039;entreprise \u00e0 sa faillite.<\/p><p>Sans aucun doute, c&#039;est une activit\u00e9 o\u00f9 l&#039;on peut se connecter et se laisser emporter par sa nature, tout en se plongeant dans l&#039;histoire industrielle et les myst\u00e8res qui entourent l&#039;usine.<\/p><p>Nous recommandons cette activit\u00e9 si vous avez d\u00e9j\u00e0 visit\u00e9 les Mines de La Lima ou le Centre Culturel Escuelas Nuevas pour boucler la boucle et \u00eatre un expert de l&#039;histoire industrielle d&#039;El Pedroso.<\/p>\t\t\t\t\t\t\t\t<\/div>\n\t\t\t\t<\/div>\n\t\t\t\t\t<\/div>\n\t\t<\/div>\n\t\t\t\t\t<\/div>\n\t\t<\/section>\n\t\t\t\t<section class=\"elementor-section elementor-top-section elementor-element elementor-element-05828c7 elementor-section-boxed elementor-section-height-default elementor-section-height-default\" data-id=\"05828c7\" data-element_type=\"section\">\n\t\t\t\t\t\t<div class=\"elementor-container elementor-column-gap-default\">\n\t\t\t\t\t<div class=\"elementor-column elementor-col-100 elementor-top-column elementor-element elementor-element-ac469fd\" data-id=\"ac469fd\" data-element_type=\"column\">\n\t\t\t<div class=\"elementor-widget-wrap elementor-element-populated\">\n\t\t\t\t\t\t<div class=\"elementor-element elementor-element-7a7ef01 elementor-widget elementor-widget-heading\" data-id=\"7a7ef01\" data-element_type=\"widget\" data-widget_type=\"heading.default\">\n\t\t\t\t<div class=\"elementor-widget-container\">\n\t\t\t\t\t<h2 class=\"elementor-heading-title elementor-size-default\">Les mines d&#039;El Pedroso entre la Munigua romaine et Felipe II.\n<\/h2>\t\t\t\t<\/div>\n\t\t\t\t<\/div>\n\t\t\t\t<div class=\"elementor-element elementor-element-aec2862 elementor-widget elementor-widget-text-editor\" data-id=\"aec2862\" data-element_type=\"widget\" data-widget_type=\"text-editor.default\">\n\t\t\t\t<div class=\"elementor-widget-container\">\n\t\t\t\t\t\t\t\t\t<p>La phrase qui ouvre cette page, de Tom\u00e1s de Guseme (gouverneur de Lora del Rio en 1757 et l&#039;un des promoteurs de la d\u00e9couverte de Munigua) fait partie des premi\u00e8res donn\u00e9es \u00e9crites sur l&#039;activit\u00e9 m\u00e9tallurgique exerc\u00e9e par les Romains de Munigua, et qui comprend le rapport r\u00e9alis\u00e9 pour l&#039;Academia de las Buenas Letras de Sevilla, apr\u00e8s l&#039;une des premi\u00e8res visites \u00e0 la municipalit\u00e9 de Munich.<\/p><p>Les deux p\u00e9riodes de d\u00e9veloppement de cette ville, qui re\u00e7ut le titre de Municipium Flavium Muniguensis, vont de la seconde moiti\u00e9 du Ier si\u00e8cle avant JC \u00e0 la premi\u00e8re moiti\u00e9 du Ier si\u00e8cle apr\u00e8s JC. C, d\u00e9di\u00e9 \u00e0 l&#039;exploitation et \u00e0 la m\u00e9tallurgie du cuivre. Et une seconde, qui commence \u00e0 partir de cette date jusqu&#039;\u00e0 la premi\u00e8re moiti\u00e9 du IIIe si\u00e8cle, lorsque le fer remplace le cuivre m\u00e9tallique.<\/p><p>En cuivre, ils partent des fermes des occupants pr\u00e9c\u00e9dents situ\u00e9es dans la zone la plus proche et jusqu&#039;\u00e0 Puerto Cid. Il en r\u00e9sulte un \u00e9puisement de ces gisements, qu&#039;ils remplacent par les gisements de fer, plus \u00e9loign\u00e9s, mais que les min\u00e9ralisations de fer d&#039;El Pedroso feront plus que couvrir, tant en quantit\u00e9 qu&#039;en qualit\u00e9, puisque le min\u00e9ral massif domine dans les poches de magn\u00e9tite. et des m\u00e8res d&#039;oligistus, \u00e0 haute teneur en fer allant de 58 \u00e0 64%. Les mines les plus importantes \u00e9taient celles de La Lima, en galerie, et de Naval\u00e1zaro, \u00e0 ciel ouvert. <br \/><br \/><\/p><p>Parall\u00e8lement \u00e0 l&#039;activit\u00e9 mini\u00e8re m\u00e9tallurgique, Munigua a maintenu une importante activit\u00e9 agricole et d&#039;\u00e9levage, attest\u00e9e par les deux torcularia (pressoir \u00e0 huile) trouv\u00e9es dans les deux maisons. De m\u00eame, les fouilles ont fourni les vestiges d&#039;une importante ferme d&#039;\u00e9levage sp\u00e9cialis\u00e9e dans les porcs et les bovins ainsi que d&#039;une plus petite ferme de ch\u00e8vres et de moutons. Le gros et le petit gibier encore existant dans la r\u00e9gion se retrouvent \u00e9galement dans l&#039;alimentation de ses habitants.<br \/>Apr\u00e8s cette \u00e9poque et \u00e0 l&#039;\u00e9poque wisigothe, l&#039;activit\u00e9 mini\u00e8re d\u00e9cline dans toute l&#039;Andalousie et se concentre \u00e0 Ja\u00e9n et R\u00edo Tinto. <br \/><br \/>Certaines sources de l&#039;\u00e9poque musulmane citent le Cerro del Hierro, mais la r\u00e9cup\u00e9ration ne commencera qu&#039;avec la conqu\u00eate chr\u00e9tienne et le repeuplement \u00e0 partir du XIIIe si\u00e8cle. <br \/>Ce sera en 1499 que sera conclu le R\u00e8glement Royal sur les mines d&#039;El Pedroso et Constantina. Des concessions furent accord\u00e9es pour son exploitation entre 1514 et 1539 sur les mines d&#039;El Pedroso, Constantina, Alan\u00eds, Cazalla, La Puebla de los Infantes et San Nicol\u00e1s del Puerto.<\/p><p>Il faudra attendre Philippe II pour que, pendant son r\u00e8gne, soit promulgu\u00e9e une loi mini\u00e8re appropri\u00e9e qui a donn\u00e9 lieu \u00e0 la promotion de cette activit\u00e9.<\/p>\t\t\t\t\t\t\t\t<\/div>\n\t\t\t\t<\/div>\n\t\t\t\t<div class=\"elementor-element elementor-element-6b9555e elementor-widget elementor-widget-heading\" data-id=\"6b9555e\" data-element_type=\"widget\" data-widget_type=\"heading.default\">\n\t\t\t\t<div class=\"elementor-widget-container\">\n\t\t\t\t\t<h2 class=\"elementor-heading-title elementor-size-default\">Le Pedroso minier et industriel<\/h2>\t\t\t\t<\/div>\n\t\t\t\t<\/div>\n\t\t\t\t\t<\/div>\n\t\t<\/div>\n\t\t\t\t\t<\/div>\n\t\t<\/section>\n\t\t\t\t<section class=\"elementor-section elementor-top-section elementor-element elementor-element-4335db8 elementor-section-boxed elementor-section-height-default elementor-section-height-default\" data-id=\"4335db8\" data-element_type=\"section\">\n\t\t\t\t\t\t<div class=\"elementor-container elementor-column-gap-default\">\n\t\t\t\t\t<div class=\"elementor-column elementor-col-100 elementor-top-column elementor-element elementor-element-fc41101\" data-id=\"fc41101\" data-element_type=\"column\">\n\t\t\t<div class=\"elementor-widget-wrap elementor-element-populated\">\n\t\t\t\t\t\t<div class=\"elementor-element elementor-element-7eaf480 elementor-widget elementor-widget-text-editor\" data-id=\"7eaf480\" data-element_type=\"widget\" data-widget_type=\"text-editor.default\">\n\t\t\t\t<div class=\"elementor-widget-container\">\n\t\t\t\t\t\t\t\t\t<p>En 1829, les mines de Monteagudo, El Fontanal, Ca\u00f1uelo, Rosalino, San Juli\u00e1n et Juanteniente \u00e9taient d\u00e9j\u00e0 actives. Apr\u00e8s des pertes continues, les partenaires de la Compagnie des Mines de Fer d&#039;El Pedroso et Asociados ont eu la sagesse d&#039;embaucher l&#039;expert ing\u00e9nieur M. Jos\u00e9 Antonio de Elorza, un militaire exil\u00e9 pour le soutien qu&#039;il a apport\u00e9 au g\u00e9n\u00e9ral Torrijos. D&#039;innombrables difficult\u00e9s seront surmont\u00e9es gr\u00e2ce \u00e0 la t\u00e9nacit\u00e9 du nouveau\u00a0<span style=\"color: var( --e-global-color-text ); letter-spacing: inherit;\">directeur facultatif des Forges d&#039;El Pedroso.<\/span><\/p><p>Malgr\u00e9 l&#039;isolement et la rudesse du terrain, il a construit des routes pour relier les mines \u00e0 l&#039;usine, ce qui non seulement a surmont\u00e9 les obstacles physiques \u00e0 la production, mais a \u00e9galement fourni aux habitants des environs les communications qui leur manquaient.<\/p><p>Plus de cinq cents ouvriers, certains avec leurs familles, sont venus s&#039;installer sur place, et plus de deux mille familles ont v\u00e9cu de l&#039;activit\u00e9 directe g\u00e9n\u00e9r\u00e9e par cette industrie, dont le prestige lui a valu d&#039;\u00eatre digne de la M\u00e9daille d&#039;Or de l&#039;Exposition Industrielle de 1841. <br \/>En 1844, Elorza fut embauch\u00e9 par l&#039;usine Trubia (Oviedo), mais non seulement il laissa les fers El Pedroso au plus haut niveau de qualit\u00e9 et de production, outre l&#039;infrastructure, il marqua de nouvelles fa\u00e7ons de travailler, en \u00e9tablissant des relations de travail bas\u00e9es sur contrats et diff\u00e9rents services sociaux. <br \/>La p\u00e9riode d&#039;Elorza s&#039;est termin\u00e9e avec le pic de la production andalouse, qui, avec les usines El Pedroso et R\u00edo Verde de Marbella, a g\u00e9n\u00e9r\u00e9 \u00e0 cette \u00e9poque pr\u00e8s de 801 TP3T de fer produit en Espagne, le laissant \u00e0 pleine capacit\u00e9, dans les deux sites, le premiers hauts fourneaux \u00e0 charbon de bois et raffinage et laminage du charbon \u00e0 \u00eatre construits dans notre pays.<\/p><p>Ni la qualit\u00e9 de son fer, qui a servi \u00e0 fabriquer le pont Isable II ou les barres de la fabrique de tabac de S\u00e9ville... ni celle de ses \u00e9laborations, qui vont des versoirs des charrues aux grandes grues comme celle du Port. de S\u00e9ville ou du c\u00e9l\u00e8bre limes d&#039;El Pedroso, ni les r\u00e9compenses re\u00e7ues, ne permettront de sauver la chute des entreprises qui se sont attaqu\u00e9es \u00e0 cette industrie andalouse.<\/p><p>Madrid en 1841, Vienne en 1851 et Londres en 1873 reconna\u00eetront ces valeurs en leur accordant gloire dans leurs Expositions Internationales. Mais en m\u00eame temps, le port de Thames est le point d&#039;exp\u00e9dition du coke, qui atteint les usines du nord de l&#039;Espagne \u00e0 un co\u00fbt inf\u00e9rieur \u00e0 celui du sud isol\u00e9.<br \/>Il n&#039;y a aucune faveur tarifaire de la part du gouvernement. Le charbon de bois restera notre principal combustible, co\u00fbteux et non rentable.<\/p><p>Le chemin de fer qui aurait pu relier Pe\u00f1arroya \u00e0 El Pedroso, approvisionnant la fonderie en charbon min\u00e9ral, ne sera jamais construit, et celui qui assurait un d\u00e9bouch\u00e9 commercial entre M\u00e9rida et S\u00e9ville arriva en 1884. Trop tard pour la Soci\u00e9t\u00e9 des Mines et Granulats d&#039;El Pedroso qui ferme la m\u00eame ann\u00e9e.<\/p><p>En 1877, une nouvelle tentative commerciale surgit, cr\u00e9ant la Soci\u00e9t\u00e9 des Mines et des Usines de Fer d&#039;El Pedroso, mais onze ans plus tard, cette p\u00e9riode sid\u00e9rurgique prit fin dans notre r\u00e9gion et par cons\u00e9quent en Andalousie.\u00a0<\/p><p>El cierre de la Compa\u00f1\u00eda, arrastr\u00f3 a accionistas y acreedores pese a que la sociedad estaba en manos de personas solventes, pero la visi\u00f3n que ten\u00edan del negocio no fue la acertada, y seg\u00fan la prensa de la \u00e9poca, (Revista Minera 1888) &#8220;no estaban a la altura que t\u00e9cnicamente se les deber\u00eda exigir para su explotaci\u00f3n y rendimiento&#8221;, a lo que se une, seg\u00fan este medio, la descoordinaci\u00f3n entre actuaciones industriales y comerciales. Centrando el fracaso final, en las decisiones equivocadas del Consejo de Administraci\u00f3n. Dimensionaron una f\u00e1brica excesiva, con necesidad de situar en el mercado un gran n\u00famero de productos, cuando se debi\u00f3 mantener una producci\u00f3n menos t\u00e9cnica y sacar al mercado productos m\u00e1s especializados a partir del procedimiento Bessemer, un sistema para fabricar en serie lingotes de acero, de calidad y a bajo coste.<\/p>\t\t\t\t\t\t\t\t<\/div>\n\t\t\t\t<\/div>\n\t\t\t\t\t<\/div>\n\t\t<\/div>\n\t\t\t\t\t<\/div>\n\t\t<\/section>\n\t\t\t\t<\/div>","protected":false},"excerpt":{"rendered":"<p>Les \u00ab Usines Ferroviaires El Pedroso \u00bb furent les premiers hauts fourneaux industriels d&#039;Espagne. Vous pouvez faire une visite guid\u00e9e par l&#039;Office de Tourisme (t\u00e9l. 619 92 14 32) o\u00f9 vous pourrez voir la majestueuse usine qui \u00e9merge au milieu des montagnes et pouvoir percer les secrets qu&#039;elle garde entre ses murs et comprendre les [\u2026]<\/p>","protected":false},"author":1,"featured_media":0,"parent":0,"menu_order":0,"comment_status":"closed","ping_status":"closed","template":"elementor_header_footer","meta":{"footnotes":""},"class_list":["post-7572","page","type-page","status-publish","hentry"],"_links":{"self":[{"href":"https:\/\/turismoelpedroso.com\/fr\/wp-json\/wp\/v2\/pages\/7572","targetHints":{"allow":["GET"]}}],"collection":[{"href":"https:\/\/turismoelpedroso.com\/fr\/wp-json\/wp\/v2\/pages"}],"about":[{"href":"https:\/\/turismoelpedroso.com\/fr\/wp-json\/wp\/v2\/types\/page"}],"author":[{"embeddable":true,"href":"https:\/\/turismoelpedroso.com\/fr\/wp-json\/wp\/v2\/users\/1"}],"replies":[{"embeddable":true,"href":"https:\/\/turismoelpedroso.com\/fr\/wp-json\/wp\/v2\/comments?post=7572"}],"version-history":[{"count":25,"href":"https:\/\/turismoelpedroso.com\/fr\/wp-json\/wp\/v2\/pages\/7572\/revisions"}],"predecessor-version":[{"id":7622,"href":"https:\/\/turismoelpedroso.com\/fr\/wp-json\/wp\/v2\/pages\/7572\/revisions\/7622"}],"wp:attachment":[{"href":"https:\/\/turismoelpedroso.com\/fr\/wp-json\/wp\/v2\/media?parent=7572"}],"curies":[{"name":"wp","href":"https:\/\/api.w.org\/{rel}","templated":true}]}}