{"id":8672,"date":"2023-07-12T11:02:09","date_gmt":"2023-07-12T11:02:09","guid":{"rendered":"https:\/\/turismoelpedroso.com\/?page_id=8672"},"modified":"2023-07-12T13:53:48","modified_gmt":"2023-07-12T13:53:48","slug":"declaration-daccessibilite","status":"publish","type":"page","link":"https:\/\/turismoelpedroso.com\/fr\/declaration-daccessibilite\/","title":{"rendered":"D\u00e9claration d&#039;accessibilit\u00e9"},"content":{"rendered":"<ul class=\"wp-block-list\">\n<li>tourismelpedroso.com<\/li>\n\n\n\n<li>12 juillet 2023<\/li>\n<\/ul>\n\n\n\n<h3 class=\"wp-block-heading\">Statut de conformit\u00e9<\/h3>\n\n\n\n<p>Nous croyons fermement qu&#039;Internet doit \u00eatre disponible et accessible \u00e0 tous, et nous nous engageons \u00e0 fournir un site Web accessible au plus grand nombre, quelles que soient leur situation et leurs capacit\u00e9s.<\/p>\n\n\n\n<p>Pour y parvenir, nous visons \u00e0 adh\u00e9rer aussi strictement que possible aux directives pour l&#039;accessibilit\u00e9 des contenus Web 2.1 (WCAG 2.1) du World Wide Web Consortium (W3C) au niveau AA. Ces lignes directrices expliquent comment rendre le contenu Web accessible aux personnes pr\u00e9sentant un large \u00e9ventail de handicaps. Le respect de ces directives nous aide \u00e0 garantir que le site Web est accessible \u00e0 tous : les aveugles, les personnes ayant une d\u00e9ficience motrice, visuelle et cognitive, entre autres.<\/p>\n\n\n\n<p>Ce site Internet utilise diverses technologies destin\u00e9es \u00e0 le rendre le plus accessible possible \u00e0 tout moment. Nous utilisons une interface d&#039;accessibilit\u00e9 qui permet aux personnes souffrant de handicaps sp\u00e9cifiques d&#039;ajuster l&#039;UI (interface utilisateur) du site Web et de le concevoir en fonction de leurs besoins personnels.<\/p>\n\n\n\n<p>De plus, le site Web utilise une application bas\u00e9e sur l&#039;IA qui s&#039;ex\u00e9cute en arri\u00e8re-plan et optimise constamment son niveau d&#039;accessibilit\u00e9. Cette application corrige le HTML du site Internet, adapte ses fonctionnalit\u00e9s et son comportement aux lecteurs d&#039;\u00e9cran utilis\u00e9s par les utilisateurs aveugles et aux fonctions du clavier utilis\u00e9es par les personnes handicap\u00e9es motrices.<\/p>\n\n\n\n<p>Si vous avez trouv\u00e9 des bugs ou avez des id\u00e9es pour l&#039;am\u00e9liorer, nous serons ravis de vous le faire savoir. Vous pouvez contacter les op\u00e9rateurs du site Web via l&#039;e-mail suivant<\/p>\n\n\n\n<h3 class=\"wp-block-heading\">Lecteur d&#039;\u00e9cran et navigation au clavier<\/h3>\n\n\n\n<p>Notre site Web applique la technique d&#039;attribut ARIA (Accessible Rich Internet Applications), ainsi que divers changements de comportement, pour garantir que les utilisateurs aveugles qui nous visitent avec des lecteurs d&#039;\u00e9cran puissent lire, comprendre et profiter des fonctions du site Web. D\u00e8s qu&#039;un utilisateur \u00e9quip\u00e9 d&#039;un lecteur d&#039;\u00e9cran acc\u00e8de \u00e0 votre site Web, il est imm\u00e9diatement invit\u00e9 \u00e0 saisir son profil de lecteur d&#039;\u00e9cran afin de pouvoir naviguer et utiliser efficacement votre site Web. Voici comment notre site Web couvre certaines des exigences les plus importantes pour les lecteurs d&#039;\u00e9cran, ainsi que des captures d&#039;\u00e9cran de la console d&#039;exemples de code\u00a0:<\/p>\n\n\n\n<ol class=\"wp-block-list\">\n<li><strong>Optimisation pour les lecteurs d&#039;\u00e9cran<\/strong>- Nous ex\u00e9cutons un processus en arri\u00e8re-plan qui apprend les composants du site Web de haut en bas, garantissant ainsi une conformit\u00e9 continue m\u00eame lorsque le site Web est mis \u00e0 jour. Dans ce processus, nous fournissons aux lecteurs d&#039;\u00e9cran des donn\u00e9es significatives \u00e0 l&#039;aide de l&#039;ensemble d&#039;attributs ARIA. Par exemple, nous fournissons des \u00e9tiquettes pr\u00e9cises pour les formulaires\u00a0; descriptions d&#039;ic\u00f4nes exploitables (ic\u00f4nes de r\u00e9seaux sociaux, ic\u00f4nes de recherche, ic\u00f4nes de panier, etc.)\u00a0; conseils de validation pour les entr\u00e9es de formulaire\u00a0; fonctions d&#039;\u00e9l\u00e9ments tels que des boutons, des menus, des bo\u00eetes de dialogue modales (pop-ups) et autres. De plus, le processus en arri\u00e8re-plan analyse toutes les images du site Web et fournit une description pr\u00e9cise et significative bas\u00e9e sur la reconnaissance d&#039;objets sous forme de balise ALT (texte alternatif) pour les images qui ne sont pas d\u00e9crites. Il extraira \u00e9galement les textes int\u00e9gr\u00e9s dans l&#039;image, \u00e0 l&#039;aide de la technologie OCR (reconnaissance optique de caract\u00e8res). Pour activer les param\u00e8tres du lecteur d&#039;\u00e9cran \u00e0 tout moment, les utilisateurs appuient simplement sur la combinaison de touches Alt+1. Les utilisateurs de lecteurs d&#039;\u00e9cran re\u00e7oivent \u00e9galement des invites automatiques pour activer le mode lecteur d&#039;\u00e9cran d\u00e8s qu&#039;ils acc\u00e8dent au site Web. Ces param\u00e8tres sont pris en charge par tous les lecteurs d&#039;\u00e9cran populaires, y compris JAWS et NVDA.<\/li>\n\n\n\n<li><strong>Optimisation de la navigation au clavier\u00a0:<\/strong> El proceso en segundo plano tambi\u00e9n ajusta el HTML del sitio web y a\u00f1ade varios comportamientos mediante c\u00f3digo JavaScript para que el sitio web se pueda manejar con el teclado. Esto incluye la posibilidad de navegar por el sitio web con las teclas Tab y May\u00fas+Tab, manejar desplegables con las flechas del teclado, cerrarlos con Esc, activar botones y enlaces con la tecla Intro, navegar entre elementos de radio y casillas de verificaci\u00f3n con las flechas del teclado, y rellenarlos con la barra espaciadora o la tecla Intro.Adem\u00e1s, los usuarios de teclado encontrar\u00e1n men\u00fas de navegaci\u00f3n r\u00e1pida y de omisi\u00f3n de contenido, disponibles en cualquier momento pulsando Alt+1, o como primeros elementos del sitio al navegar con el teclado. El proceso en segundo plano tambi\u00e9n gestiona las ventanas emergentes activadas moviendo el foco del teclado hacia ellas en cuanto aparecen, y no permitiendo que el foco se desv\u00ede fuera de \u00e9l.Los usuarios tambi\u00e9n pueden utilizar atajos como &#8220;M&#8221; (men\u00fas), &#8220;H&#8221; (encabezados), &#8220;F&#8221; (formularios), &#8220;B&#8221; (botones) y &#8220;G&#8221; (gr\u00e1ficos) para saltar a elementos espec\u00edficos.<\/li>\n<\/ol>\n\n\n\n<h3 class=\"wp-block-heading\">Profils de handicap sur notre site Internet<\/h3>\n\n\n\n<ul class=\"wp-block-list\">\n<li><strong>Mode sans \u00e9chec pour l&#039;\u00e9pilepsie\u00a0:<\/strong> Ce profil permet aux personnes \u00e9pileptiques d&#039;utiliser le site Web en toute s\u00e9curit\u00e9, \u00e9liminant le risque de convulsions caus\u00e9es par des animations clignotantes ou clignotantes et des combinaisons de couleurs risqu\u00e9es.<\/li>\n\n\n\n<li><strong>Mode malvoyant : <\/strong>Ce mode ajuste le site Web pour le confort des utilisateurs souffrant de d\u00e9ficiences visuelles telles que la d\u00e9t\u00e9rioration de la vision, la vision tunnel, la cataracte, le glaucome et autres.<\/li>\n\n\n\n<li><strong>Mode handicap cognitif\u00a0: <\/strong>Ce mode propose diff\u00e9rentes options d&#039;assistance pour aider les utilisateurs ayant des d\u00e9ficiences cognitives telles que la dyslexie, l&#039;autisme, les CVA et autres, \u00e0 se concentrer plus facilement sur les \u00e9l\u00e9ments essentiels du site.<\/li>\n\n\n\n<li><strong>Mode adapt\u00e9 au TDAH\u00a0:<\/strong> Ce mode aide les utilisateurs atteints de TDAH et de troubles du d\u00e9veloppement neurologique \u00e0 lire, naviguer et se concentrer plus facilement sur les principaux \u00e9l\u00e9ments du site Web, tout en r\u00e9duisant consid\u00e9rablement les distractions.<\/li>\n\n\n\n<li><strong>Mode aveugle\u00a0: <\/strong>Ce mode configure le site Web pour qu&#039;il soit compatible avec les lecteurs d&#039;\u00e9cran tels que JAWS, NVDA, VoiceOver et TalkBack. Un lecteur d\u2019\u00e9cran est un logiciel destin\u00e9 aux utilisateurs aveugles qui s\u2019installe sur les ordinateurs et les smartphones, et les sites Web doivent \u00eatre compatibles avec celui-ci.<\/li>\n\n\n\n<li><strong>Profil de navigation au clavier (moteur d\u00e9sactiv\u00e9)\u00a0: <\/strong>este perfil permite a los discapacitados mot\u00f3ricos utilizar el sitio web con las teclas Tab, May\u00fas+Tab y Intro. Los usuarios tambi\u00e9n pueden utilizar atajos como &#8220;M&#8221; (men\u00fas), &#8220;H&#8221; (encabezados), &#8220;F&#8221; (formularios), &#8220;B&#8221; (botones) y &#8220;G&#8221; (gr\u00e1ficos) para saltar a elementos espec\u00edficos.<\/li>\n<\/ul>\n\n\n\n<h3 class=\"wp-block-heading\">Ajustements suppl\u00e9mentaires de l&#039;interface utilisateur, de la mise en page et de la lisibilit\u00e9<\/h3>\n\n\n\n<ol class=\"wp-block-list\">\n<li><strong>Param\u00e8tres de police \u2013<\/strong> Les utilisateurs peuvent augmenter et diminuer sa taille, modifier sa famille (type), ajuster l&#039;espacement, l&#039;alignement, la hauteur des lignes et bien plus encore.<\/li>\n\n\n\n<li><strong>Param\u00e8tres de couleur\u00a0: <\/strong>Les utilisateurs peuvent s\u00e9lectionner diff\u00e9rents profils de contraste de couleurs, tels que clair, fonc\u00e9, invers\u00e9 et monochrome. De plus, les utilisateurs peuvent modifier les couleurs des titres, des textes et des arri\u00e8re-plans, avec plus de 7 options de coloration diff\u00e9rentes.<\/li>\n\n\n\n<li><strong>Animations\u00a0:<\/strong> Les utilisateurs \u00e9pileptiques peuvent arr\u00eater toutes les animations en cours en appuyant simplement sur un bouton. Les animations contr\u00f4l\u00e9es par l&#039;interface incluent des vid\u00e9os, des GIF et des transitions clignotantes CSS.<\/li>\n\n\n\n<li><strong>Contenu en surbrillance\u00a0:<\/strong> Les utilisateurs peuvent choisir de mettre en \u00e9vidence des \u00e9l\u00e9ments importants tels que des liens et des titres. Ils peuvent \u00e9galement choisir de mettre en \u00e9vidence uniquement les \u00e9l\u00e9ments cibl\u00e9s ou survol\u00e9s par la souris.<\/li>\n\n\n\n<li><strong>Muet audio\u00a0: <\/strong>Les utilisateurs d&#039;appareils auditifs peuvent ressentir des maux de t\u00eate ou d&#039;autres probl\u00e8mes dus \u00e0 la lecture audio automatique. Cette option vous permet de d\u00e9sactiver instantan\u00e9ment l&#039;ensemble du site Web.<\/li>\n\n\n\n<li><strong>Troubles cognitifs\u00a0:<\/strong> Nous utilisons un moteur de recherche li\u00e9 \u00e0 Wikip\u00e9dia et Wiktionnaire, qui permet aux personnes souffrant de troubles cognitifs de d\u00e9chiffrer la signification d&#039;expressions, d&#039;initiales, d&#039;argot et bien plus encore.<\/li>\n\n\n\n<li><strong>Fonctions suppl\u00e9mentaires:<\/strong> Nous offrons aux utilisateurs la possibilit\u00e9 de changer la couleur et la taille du curseur, d&#039;utiliser un mode d&#039;impression, d&#039;activer un clavier virtuel et bien d&#039;autres fonctionnalit\u00e9s.<\/li>\n<\/ol>\n\n\n\n<h3 class=\"wp-block-heading\">Prise en charge du navigateur et des technologies d&#039;assistance<\/h3>\n\n\n\n<p>Notre objectif est de prendre en charge le plus large \u00e9ventail possible de navigateurs et de technologies d&#039;assistance, afin que nos utilisateurs puissent choisir les outils qui leur conviennent le mieux, avec le moins de limitations possible. Par cons\u00e9quent, nous avons travaill\u00e9 tr\u00e8s dur pour \u00eatre en mesure de prendre en charge tous les principaux syst\u00e8mes qui repr\u00e9sentent plus de 95% de part de march\u00e9 des utilisateurs, notamment Google Chrome, Mozilla Firefox, Apple Safari, Opera et Microsoft Edge, JAWS et NVDA (lecteurs d&#039;\u00e9cran), tous deux pour Windows. et pour les utilisateurs MAC.<\/p>\n\n\n\n<h3 class=\"wp-block-heading\">Notes, commentaires et opinions<\/h3>\n\n\n\n<p>Bien que nous fassions de notre mieux pour permettre \u00e0 chacun d&#039;adapter le site Internet \u00e0 ses besoins, il peut n\u00e9anmoins subsister des pages ou des sections qui ne sont pas enti\u00e8rement accessibles, qui sont en passe de le devenir ou qui ne disposent pas d&#039;une solution technologique appropri\u00e9e pour les rendre accessibles. N\u00e9anmoins, nous am\u00e9liorons continuellement notre accessibilit\u00e9, ajoutons, mettons \u00e0 jour et am\u00e9liorons ses options et fonctionnalit\u00e9s, et d\u00e9veloppons et adoptons de nouvelles technologies. Tout cela afin d\u2019atteindre le niveau optimal d\u2019accessibilit\u00e9, suite aux avanc\u00e9es technologiques. Si vous avez besoin d&#039;aide, veuillez contacter\u00a0:<\/p>\n\n\n\n<ul class=\"wp-block-list\">\n<li><a href=\"mailto:oficinadeturismoelpedroso@gmail.com\">Oficinadeturismoelpedroso@gmail.com<\/a><\/li>\n<\/ul>\n\n\n\n<p><\/p>","protected":false},"excerpt":{"rendered":"<p>Estado de cumplimiento Creemos firmemente que Internet debe estar disponible y ser accesible para todos, y nos comprometemos a ofrecer un sitio web accesible al mayor n\u00famero posible de personas, independientemente de sus circunstancias y capacidades. Para lograrlo, nuestro objetivo es adherirnos lo m\u00e1s estrictamente posible a las Pautas de Accesibilidad al Contenido en la [&hellip;]<\/p>","protected":false},"author":1,"featured_media":0,"parent":0,"menu_order":0,"comment_status":"closed","ping_status":"closed","template":"","meta":{"footnotes":""},"class_list":["post-8672","page","type-page","status-publish","hentry"],"_links":{"self":[{"href":"https:\/\/turismoelpedroso.com\/fr\/wp-json\/wp\/v2\/pages\/8672","targetHints":{"allow":["GET"]}}],"collection":[{"href":"https:\/\/turismoelpedroso.com\/fr\/wp-json\/wp\/v2\/pages"}],"about":[{"href":"https:\/\/turismoelpedroso.com\/fr\/wp-json\/wp\/v2\/types\/page"}],"author":[{"embeddable":true,"href":"https:\/\/turismoelpedroso.com\/fr\/wp-json\/wp\/v2\/users\/1"}],"replies":[{"embeddable":true,"href":"https:\/\/turismoelpedroso.com\/fr\/wp-json\/wp\/v2\/comments?post=8672"}],"version-history":[{"count":6,"href":"https:\/\/turismoelpedroso.com\/fr\/wp-json\/wp\/v2\/pages\/8672\/revisions"}],"predecessor-version":[{"id":8683,"href":"https:\/\/turismoelpedroso.com\/fr\/wp-json\/wp\/v2\/pages\/8672\/revisions\/8683"}],"wp:attachment":[{"href":"https:\/\/turismoelpedroso.com\/fr\/wp-json\/wp\/v2\/media?parent=8672"}],"curies":[{"name":"wp","href":"https:\/\/api.w.org\/{rel}","templated":true}]}}